{"id":37416,"date":"2025-10-24T15:02:13","date_gmt":"2025-10-24T13:02:13","guid":{"rendered":"https:\/\/www.campingceyreste.com\/aubagne-tourismus\/"},"modified":"2025-12-23T13:24:08","modified_gmt":"2025-12-23T12:24:08","slug":"aubagne-tourismus","status":"publish","type":"page","link":"https:\/\/www.campingceyreste.com\/de\/aubagne-tourismus\/","title":{"rendered":"Aubagne Tourismus"},"content":{"rendered":"<div class=\"diaporama-header align-full\"><div class=\"gallery\"><figure class=\"gallery__item\"><picture><source srcset=\"https:\/\/www.campingceyreste.com\/wp-content\/uploads\/2025\/11\/aubagne-AdobeStock_86560832-420x280.webp\" media=\"(max-width: 210px)\"><source srcset=\"https:\/\/www.campingceyreste.com\/wp-content\/uploads\/2025\/11\/aubagne-AdobeStock_86560832-850x567.webp\" media=\"(max-width: 420px)\"><source srcset=\"https:\/\/www.campingceyreste.com\/wp-content\/uploads\/2025\/11\/aubagne-AdobeStock_86560832-768x512.webp\" media=\"(max-width: 850px)\"><source srcset=\"https:\/\/www.campingceyreste.com\/wp-content\/uploads\/2025\/11\/aubagne-AdobeStock_86560832-1024x683.webp\" media=\"(max-width: 1024px)\"><source srcset=\"https:\/\/www.campingceyreste.com\/wp-content\/uploads\/2025\/11\/aubagne-AdobeStock_86560832.webp\" media=\"(min-width: 1025px)\"><img loading=\"lazy\" decoding=\"async\" src=\"https:\/\/www.campingceyreste.com\/wp-content\/uploads\/2025\/11\/aubagne-AdobeStock_86560832-420x280.webp\" width=\"420\" height=\"210\" alt=\"\" title=\"\"><\/picture><\/figure><\/div><div class=\"diaporama-header__inner\"><h1 style=\"text-align: center;\">Sehensw\u00fcrdigkeiten in Aubagne<\/h1><\/div><\/div>\n\n<div class=\"group text-header\"><p class=\"mini center\" style=\"text-align: center;\" id=\"236\" >Sie kommen <a href=\"https:\/\/www.campingceyreste.com\/de\/alentours\/aubagne-mit-der-familie\/\" data-type=\"alentours\" data-id=\"236\">mit Ihrer Familie f\u00fcr ein paar Tage nach Aubagne<\/a>. <strong>Aubagne <\/strong>ist eine Stadt in <strong>S\u00fcdostfrankreich<\/strong>, in der das Know-how und die Gastfreundschaft an der Tagesordnung sind. In Aubagne werden Sie <strong>mit Ihrer Familie viel Spa\u00df<\/strong> haben und die Stadt nicht mehr verlassen wollen, weil es hier so viel zu tun gibt.<\/p><\/div>\n\n<div class=\"columns boxage\" style=\"align-items:center;\"><div class=\"columns__item\" style=\"align-self:center;\"><div class=\"gallery\"><figure class=\"gallery__item\"><picture><source srcset=\"https:\/\/www.campingceyreste.com\/wp-content\/uploads\/2025\/11\/aubagne-AdobeStock_49473967-420x280.webp\" media=\"(max-width: 210px)\"><source srcset=\"https:\/\/www.campingceyreste.com\/wp-content\/uploads\/2025\/11\/aubagne-AdobeStock_49473967-850x567.webp\" media=\"(max-width: 420px)\"><source srcset=\"https:\/\/www.campingceyreste.com\/wp-content\/uploads\/2025\/11\/aubagne-AdobeStock_49473967-768x512.webp\" media=\"(max-width: 850px)\"><source srcset=\"https:\/\/www.campingceyreste.com\/wp-content\/uploads\/2025\/11\/aubagne-AdobeStock_49473967-1024x683.webp\" media=\"(max-width: 1024px)\"><source srcset=\"https:\/\/www.campingceyreste.com\/wp-content\/uploads\/2025\/11\/aubagne-AdobeStock_49473967.webp\" media=\"(min-width: 1025px)\"><img decoding=\"async\" src=\"https:\/\/www.campingceyreste.com\/wp-content\/uploads\/2025\/11\/aubagne-AdobeStock_49473967-420x280.webp\" width=\"420\" height=\"210\" loading=\"lazy\" alt=\"\" title=\"\"><\/picture><\/figure><\/div><\/div><div class=\"columns__item\" style=\"align-self:center;\"><h2>Sightseeing in Aubagne in der N\u00e4he unseres Campingplatzes<\/h2><h3>Das Dorf der Santons de Provence<\/h3><p   id=\"306\" ><a href=\"https:\/\/www.campingceyreste.com\/de\/aubagne-tourismus\/\" data-type=\"page\" data-id=\"306\">Aubagne<\/a> ist eine Stadt, die vor allem f\u00fcr die Herstellung von T\u00f6pferwaren und Keramik rund um die <strong>Santons de Provence<\/strong> bekannt ist. Sie k\u00f6nnen Aubagne nicht besuchen, ohne einen Halt im <strong>Village des Santons en Provence<\/strong> zu machen. <\/p><p    >Dieses Museum befindet sich gegen\u00fcber dem <strong>Garlaban-Massiv<\/strong>, auf der H\u00f6he der alten Stadtmauern. Ein sch\u00f6ner Hinweis auf die Geschichte von Aubagne. <\/p><p    >Das Dorf der Santons in der Provence zeigt 3.000 Santons mit Szenen aus dem Leben \u00fcber die Provence und ihre Traditionen sowie \u00fcber die Geburt Jesu, Sie finden zwei Museen:<\/p><ul><li>Eine st\u00e4ndige Ausstellung\n<\/li><li>eine tempor\u00e4re Ausstellung, die sich mit den Jahreszeiten und Ereignissen \u00e4ndert.\n<\/li><\/ul><p    >Das Museum ist kostenlos, so dass Sie keinen Cent ausgeben m\u00fcssen.<\/p><\/div><\/div>\n\n\n<div style=\"height:4rem\" aria-hidden=\"true\" class=\"wp-block-spacer hide-mob\"><\/div>\n\n\n<div class=\"columns boxage\" style=\"align-items:center;\"><div class=\"columns__item\" style=\"align-self:center;\"><h3 class=\"h2\">Marcel Pagnol<\/h3><p    >Der ber\u00fchmte Schriftsteller <strong>Marcel Pagnol<\/strong> war ein geb\u00fcrtiger Aubagne. Wenn Sie die Stadt besuchen, sollten Sie unbedingt das Haus besuchen, in dem er geboren wurde und das heute ein Museum von \u00fcber 130m\u00b2 ist. Hier k\u00f6nnen Sie die Geschichte von Marcel Pagnol nachvollziehen und pers\u00f6nliche Gegenst\u00e4nde, Briefe und exklusive Fotos entdecken. Der Eintritt in das Museum ist f\u00fcr Kinder unter 6 Jahren frei, ab 6 Jahren kostet er 3\u20ac pro Person.   <\/p><p    >Aubagne, gelegen <strong>&#8222;unter dem Garlaban, von Ziegen gekr\u00f6nt, zur Zeit der letzten Ziegenhirten&#8220;<\/strong>, schrieb der ber\u00fchmte Marcel Pagnol gerne in seinem ersten Werk &#8222;La Gloire de mon P\u00e8re&#8220; (Der Ruhm meines Vaters). Die Gemeinde Aubagne, die als Geburtsort von <strong>Marcel Pagnol<\/strong> bekannt ist, ist eng mit dem Kino verbunden. Jedes Jahr findet das Internationale Filmfestival von Aubagne statt, das von drei Verb\u00e4nden von Filmliebhabern geleitet wird.  <\/p><p    >Dar\u00fcber hinaus besuchen die Einwohner <strong>Aubagnaises<\/strong> im Rahmen der zahlreichen <strong>Feierlichkeiten<\/strong> regelm\u00e4\u00dfig <strong>den Fu\u00df des Garlaban-Massivs<\/strong>. Dies f\u00fchrt zu kulturellen Veranstaltungen, die <strong>die typisch provenzalische Identit\u00e4t <\/strong>dieser kleinen Ecke der <strong>Bouches-du-Rh\u00f4ne<\/strong> wiederbeleben. <\/p><p    >Denken Sie daran, die Stadt unter der <strong>s\u00fcdfranz\u00f6sischen<\/strong> Sonne zu durchstreifen, den emblematischen Uhrenturm zu fotografieren und durch das Stadtzentrum zu schlendern und sich die Zeit zu nehmen, alle lokalen Gesch\u00e4fte zu entdecken.<\/p><\/div><div class=\"columns__item\" style=\"align-self:center;\"><div class=\"gallery\"><figure class=\"gallery__item\"><picture><source srcset=\"https:\/\/www.campingceyreste.com\/wp-content\/uploads\/2025\/11\/aubagne-AdobeStock_96342538-420x280.webp\" media=\"(max-width: 210px)\"><source srcset=\"https:\/\/www.campingceyreste.com\/wp-content\/uploads\/2025\/11\/aubagne-AdobeStock_96342538-850x567.webp\" media=\"(max-width: 420px)\"><source srcset=\"https:\/\/www.campingceyreste.com\/wp-content\/uploads\/2025\/11\/aubagne-AdobeStock_96342538-768x512.webp\" media=\"(max-width: 850px)\"><source srcset=\"https:\/\/www.campingceyreste.com\/wp-content\/uploads\/2025\/11\/aubagne-AdobeStock_96342538-1024x683.webp\" media=\"(max-width: 1024px)\"><source srcset=\"https:\/\/www.campingceyreste.com\/wp-content\/uploads\/2025\/11\/aubagne-AdobeStock_96342538.webp\" media=\"(min-width: 1025px)\"><img decoding=\"async\" src=\"https:\/\/www.campingceyreste.com\/wp-content\/uploads\/2025\/11\/aubagne-AdobeStock_96342538-420x280.webp\" width=\"420\" height=\"210\" loading=\"lazy\" alt=\"\" title=\"\"><\/picture><\/figure><\/div><\/div><\/div>\n\n\n<div style=\"height:4rem\" aria-hidden=\"true\" class=\"wp-block-spacer hide-mob\"><\/div>\n\n\n<div class=\"columns boxage\" style=\"align-items:center;\"><div class=\"columns__item\" style=\"align-self:center;\"><div class=\"gallery\"><figure class=\"gallery__item\"><picture><source srcset=\"https:\/\/www.campingceyreste.com\/wp-content\/uploads\/2025\/11\/aubagne-AdobeStock_255381458-420x280.webp\" media=\"(max-width: 210px)\"><source srcset=\"https:\/\/www.campingceyreste.com\/wp-content\/uploads\/2025\/11\/aubagne-AdobeStock_255381458-850x567.webp\" media=\"(max-width: 420px)\"><source srcset=\"https:\/\/www.campingceyreste.com\/wp-content\/uploads\/2025\/11\/aubagne-AdobeStock_255381458-768x512.webp\" media=\"(max-width: 850px)\"><source srcset=\"https:\/\/www.campingceyreste.com\/wp-content\/uploads\/2025\/11\/aubagne-AdobeStock_255381458-1024x683.webp\" media=\"(max-width: 1024px)\"><source srcset=\"https:\/\/www.campingceyreste.com\/wp-content\/uploads\/2025\/11\/aubagne-AdobeStock_255381458.webp\" media=\"(min-width: 1025px)\"><img decoding=\"async\" src=\"https:\/\/www.campingceyreste.com\/wp-content\/uploads\/2025\/11\/aubagne-AdobeStock_255381458-420x280.webp\" width=\"420\" height=\"210\" loading=\"lazy\" alt=\"\" title=\"\"><\/picture><\/figure><\/div><\/div><div class=\"columns__item\" style=\"align-self:center;\"><h2>Welche Aktivit\u00e4ten kann man in Aubagne mit der Familie unternehmen?<\/h2><ul><li>Kommen Sie mit Ihrer Familie und am\u00fcsieren Sie sich in der Halle Climb Up Aubagne, die ein echter Ort des Lebens und des Spa\u00dfes ist und f\u00fcr Kinder und Erwachsene aller Niveaus offen steht. Hier k\u00f6nnen Sie stundenlang <strong>an Kletterw\u00e4nden klettern<\/strong> und dabei die verschiedensten Schwierigkeiten ausprobieren. \n<\/li><li>Die <strong>Indoor-Kartbahn Provence<\/strong> ist ein weiterer Ort des Lebens, der aus einer <strong>Indoor-Kartbahn<\/strong>, einem Au\u00dfenpark mit Wasserspielen, einem <strong>Laserball im Freien und im Haus<\/strong>, einer Bowlingbahn, einem Fahrsimulator, einem Billardtisch, einem E-Gaming-Bereich und einem Ort der Entspannung besteht. Hier finden Sie alles, was das Herz begehrt, egal bei welchem Wetter. \n<\/li><li>Wenn Sie gerne <a href=\"https:\/\/www.campingceyreste.com\/de\/alentours\/rando-garlaban\/\" data-type=\"alentours\" data-id=\"299\">mit Ihrer Familie spazieren gehen und wandern<\/a>, werden Sie sich im Massif du Garlaban in Aubagne ganz klein f\u00fchlen. Eine H\u00f6he von 714m und eine Fl\u00e4che von mehr als 8000 Hektar. Sie k\u00f6nnen sogar den Duft der Kr\u00e4uter der <strong>Provence <\/strong>riechen, denn Thymian und Rosmarin sind hier zu Hause.\n<\/li><li>Sie k\u00f6nnen Aubagne nicht verlassen, ohne einen Abstecher in die <a href=\"https:\/\/www.campingceyreste.com\/de\/pagnol-aubagne\/\" target=\"_blank\" data-type=\"page\" data-id=\"309\" rel=\"noreferrer noopener\">kleine Welt von Marcel Pagnol<\/a> zu machen. Entdecken Sie eine Welt, die in einem Musikpavillon geschaffen wurde und das Leben und<strong> Werk von Marcel Pagnol<\/strong> mit Hilfe von h\u00fcbschen kleinen Santons aus der Provence nachstellt.\n<\/li><li>F\u00fcr die (seltenen) Regentage gibt es in Aubagne zwei Kinos, in denen Sie sich Filme ansehen und mit der Familie s\u00fc\u00dfe oder salzige Popcorns essen k\u00f6nnen.\n<\/li><\/ul><\/div><\/div>\n\n\n<div style=\"height:4rem\" aria-hidden=\"true\" class=\"wp-block-spacer hide-mob\"><\/div>\n\n\n<div class=\"columns boxage\" style=\"align-items:center;\"><div class=\"columns__item\" style=\"align-self:center;\"><h2 class=\"h2\">Aufenthalt auf dem Campingplatz Le Ceyreste<\/h2><p    >Der Campingplatz Le Ceyreste ist ein<strong> 4-Sterne-Campingplatz<\/strong> in der N\u00e4he von Aubagne, der nur wenige Meter von den sch\u00f6nsten Str\u00e4nden der Provence entfernt liegt. Hier k\u00f6nnen Sie eine Reise nach <strong>S\u00fcdfrankreich<\/strong> unternehmen. Der Campingplatz liegt inmitten eines Pinienwaldes und bietet somit eine beruhigende und entspannende Umgebung.  <\/p><p    >Wenn Sie Ihren Aufenthalt f\u00fcr die warmen Tage buchen, k\u00f6nnen Sie sich im <strong>Wasserpark<\/strong> des Campingplatzes erfrischen, der \u00fcber einen beheizten Infinity-Pool verf\u00fcgt. Das Restaurant auf dem Campingplatz serviert Ihnen eine gro\u00dfe Auswahl an warmen Gerichten, Pizza und Snacks. Im Sommer gibt es ein abwechslungsreiches Unterhaltungsprogramm f\u00fcr Ihre Kinder und eine H\u00fcpfburg. Den Rest des Jahres k\u00f6nnen Sie Boccia spielen, Tischfu\u00dfball spielen und den Spielplatz benutzen.   <\/p><p    >Letztendlich ist es egal, was Sie in Aubagne tun, Sie werden sich hier sicher wohlf\u00fchlen und Spa\u00df haben. Die Temperaturen sind mild, die Lebensfreude ist ansteckend und es gibt viele Aktivit\u00e4ten f\u00fcr Gro\u00df und Klein, um einen zeitlosen Urlaub zu verbringen. Es gibt keinen Grund mehr, Ihren n\u00e4chsten <strong>Urlaub in Aubagne<\/strong> nicht zu buchen.  <\/p><\/div><div class=\"columns__item\" style=\"align-self:center;\"><div class=\"gallery\"><figure class=\"gallery__item\"><picture><source srcset=\"https:\/\/www.campingceyreste.com\/wp-content\/uploads\/2025\/11\/aubagne-AdobeStock_166644586-420x279.webp\" media=\"(max-width: 210px)\"><source srcset=\"https:\/\/www.campingceyreste.com\/wp-content\/uploads\/2025\/11\/aubagne-AdobeStock_166644586-850x565.webp\" media=\"(max-width: 420px)\"><source srcset=\"https:\/\/www.campingceyreste.com\/wp-content\/uploads\/2025\/11\/aubagne-AdobeStock_166644586-768x511.webp\" media=\"(max-width: 850px)\"><source srcset=\"https:\/\/www.campingceyreste.com\/wp-content\/uploads\/2025\/11\/aubagne-AdobeStock_166644586-1024x681.webp\" media=\"(max-width: 1024px)\"><source srcset=\"https:\/\/www.campingceyreste.com\/wp-content\/uploads\/2025\/11\/aubagne-AdobeStock_166644586.webp\" media=\"(min-width: 1025px)\"><img decoding=\"async\" src=\"https:\/\/www.campingceyreste.com\/wp-content\/uploads\/2025\/11\/aubagne-AdobeStock_166644586-420x279.webp\" width=\"420\" height=\"210\" loading=\"lazy\" alt=\"\" title=\"\"><\/picture><\/figure><\/div><\/div><\/div>","protected":false},"excerpt":{"rendered":"<p>Sehensw\u00fcrdigkeiten in Aubagne Sie kommen mit Ihrer Familie f\u00fcr ein paar Tage nach Aubagne. Aubagne ist eine Stadt in S\u00fcdostfrankreich, in der das Know-how und die Gastfreundschaft an der Tagesordnung sind. In Aubagne werden Sie mit Ihrer Familie viel Spa\u00df haben und die Stadt nicht mehr verlassen wollen, weil es hier so viel zu tun [&hellip;]<\/p>\n","protected":false},"author":1,"featured_media":0,"parent":0,"menu_order":0,"comment_status":"closed","ping_status":"closed","template":"","meta":{"_acf_changed":false,"footnotes":""},"acf":[],"_links":{"self":[{"href":"https:\/\/www.campingceyreste.com\/de\/wp-json\/wp\/v2\/pages\/37416"}],"collection":[{"href":"https:\/\/www.campingceyreste.com\/de\/wp-json\/wp\/v2\/pages"}],"about":[{"href":"https:\/\/www.campingceyreste.com\/de\/wp-json\/wp\/v2\/types\/page"}],"author":[{"embeddable":true,"href":"https:\/\/www.campingceyreste.com\/de\/wp-json\/wp\/v2\/users\/1"}],"replies":[{"embeddable":true,"href":"https:\/\/www.campingceyreste.com\/de\/wp-json\/wp\/v2\/comments?post=37416"}],"version-history":[{"count":4,"href":"https:\/\/www.campingceyreste.com\/de\/wp-json\/wp\/v2\/pages\/37416\/revisions"}],"predecessor-version":[{"id":43533,"href":"https:\/\/www.campingceyreste.com\/de\/wp-json\/wp\/v2\/pages\/37416\/revisions\/43533"}],"wp:attachment":[{"href":"https:\/\/www.campingceyreste.com\/de\/wp-json\/wp\/v2\/media?parent=37416"}],"curies":[{"name":"wp","href":"https:\/\/api.w.org\/{rel}","templated":true}]}}