{"id":37449,"date":"2025-10-24T15:02:13","date_gmt":"2025-10-24T13:02:13","guid":{"rendered":"https:\/\/www.campingceyreste.com\/ferienhaus-la-ciotat\/"},"modified":"2025-12-23T12:50:00","modified_gmt":"2025-12-23T11:50:00","slug":"ferienhaus-la-ciotat","status":"publish","type":"page","link":"https:\/\/www.campingceyreste.com\/de\/ferienhaus-la-ciotat\/","title":{"rendered":"Ferienhaus La Ciotat"},"content":{"rendered":"<div class=\"diaporama-header align-full\"><div class=\"gallery\"><figure class=\"gallery__item\"><picture><source srcset=\"https:\/\/www.campingceyreste.com\/wp-content\/uploads\/2025\/11\/ciotat-AdobeStock_287589399-420x280.webp\" media=\"(max-width: 210px)\"><source srcset=\"https:\/\/www.campingceyreste.com\/wp-content\/uploads\/2025\/11\/ciotat-AdobeStock_287589399-850x567.webp\" media=\"(max-width: 420px)\"><source srcset=\"https:\/\/www.campingceyreste.com\/wp-content\/uploads\/2025\/11\/ciotat-AdobeStock_287589399-768x512.webp\" media=\"(max-width: 850px)\"><source srcset=\"https:\/\/www.campingceyreste.com\/wp-content\/uploads\/2025\/11\/ciotat-AdobeStock_287589399-1024x683.webp\" media=\"(max-width: 1024px)\"><source srcset=\"https:\/\/www.campingceyreste.com\/wp-content\/uploads\/2025\/11\/ciotat-AdobeStock_287589399.webp\" media=\"(min-width: 1025px)\"><img loading=\"lazy\" decoding=\"async\" src=\"https:\/\/www.campingceyreste.com\/wp-content\/uploads\/2025\/11\/ciotat-AdobeStock_287589399-420x280.webp\" width=\"420\" height=\"210\" alt=\"\" title=\"\"><\/picture><\/figure><\/div><div class=\"diaporama-header__inner\"><h1 style=\"text-align: center;\">Aufenthalt in einer Ferienunterkunft in La Ciotat<\/h1><\/div><\/div>\n\n<div class=\"group text-header\"><p class=\"mini center\" style=\"text-align: center;\" id=\"gid_1\" ><strong>La Ciotat<\/strong> liegt zwischen Meer und H\u00fcgeln und ist ein ideales Reiseziel f\u00fcr einen Urlaub, der Natur, Entspannung und kulturelle Entdeckungen miteinander verbindet. Mit seinem historischen Erbe, den majest\u00e4tischen <g id=\"gid_1\">Calanques <\/g>und der authentischen <g id=\"gid_2\">provenzalischen Atmosph\u00e4re<\/g> verf\u00fchrt es Reisende auf der Suche nach einer Flucht aus dem Alltag. Ob Sie nun am <strong>Strand<\/strong> faulenzen, <strong>wandern<\/strong> oder<strong> gastronomische Entdeckungen<\/strong> machen wollen, diese Stadt am Mittelmeer hat alles zu bieten. Machen Sie sich bereit f\u00fcr ein unvergessliches Erlebnis! Genie\u00dfen Sie einen <a href=\"https:\/\/www.campingceyreste.com\/de\/campingplatz-bouches-du-rhone\/\" data-type=\"page\" data-id=\"307\">4-Sterne-Campingplatz im Departement Bouches-du-Rh\u00f4ne<\/a> <strong> <\/strong>um La Ciotat zu erkunden.<\/p><\/div>\n\n<div class=\"columns boxage\" style=\"align-items:center;\"><div class=\"columns__item\" style=\"align-self:center;\"><div class=\"gallery\"><figure class=\"gallery__item\"><picture><source srcset=\"https:\/\/www.campingceyreste.com\/wp-content\/uploads\/2025\/11\/ciotat-AdobeStock_111532144-420x280.webp\" media=\"(max-width: 210px)\"><source srcset=\"https:\/\/www.campingceyreste.com\/wp-content\/uploads\/2025\/11\/ciotat-AdobeStock_111532144-850x567.webp\" media=\"(max-width: 420px)\"><source srcset=\"https:\/\/www.campingceyreste.com\/wp-content\/uploads\/2025\/11\/ciotat-AdobeStock_111532144-768x512.webp\" media=\"(max-width: 850px)\"><source srcset=\"https:\/\/www.campingceyreste.com\/wp-content\/uploads\/2025\/11\/ciotat-AdobeStock_111532144-1024x683.webp\" media=\"(max-width: 1024px)\"><source srcset=\"https:\/\/www.campingceyreste.com\/wp-content\/uploads\/2025\/11\/ciotat-AdobeStock_111532144.webp\" media=\"(min-width: 1025px)\"><img decoding=\"async\" src=\"https:\/\/www.campingceyreste.com\/wp-content\/uploads\/2025\/11\/ciotat-AdobeStock_111532144-420x280.webp\" width=\"420\" height=\"210\" loading=\"lazy\" alt=\"\" title=\"\"><\/picture><\/figure><\/div><\/div><div class=\"columns__item\" style=\"align-self:center;\"><h2>Entdecken Sie La Ciotat im Urlaub<\/h2><p   id=\"250\" ><a href=\"https:\/\/www.campingceyreste.com\/de\/alentours\/la-ciotat\/\" data-type=\"alentours\" data-id=\"250\">La Ciotat <\/a>liegt <strong>am Mittelmeer<\/strong> und ist ein beliebtes Ziel f\u00fcr einen Urlaub, der Natur, Kulturerbe und Aktivit\u00e4ten im Freien miteinander verbindet. Diese Stadt im Departement <strong>Bouches-du-Rh\u00f4ne<\/strong> ist ein <strong>kleines provenzalisches Paradies<\/strong>. Entdecken Sie die herrlichen <strong>Str\u00e4nde <\/strong>von La Ciotat, die sich \u00fcber 7 Kilometer entlang der K\u00fcste erstrecken:<\/p><ul><li>Der Familienstrand von La Grande Plage mit seinem feinen Sand,\n<\/li><li>der Sportstrand mit dem Strand Saint-Jean und seinen Wassersportm\u00f6glichkeiten\n<\/li><li>ein idealer Strand f\u00fcr Kinder mit dem Strand Lumi\u00e8re mit seinem sanften Gef\u00e4lle und seinen Spielpl\u00e4tzen.\n<\/li><\/ul><p    >Bekannt f\u00fcr seine reiche historische Vergangenheit, beherbergt es architektonische Sch\u00e4tze wie die alte Kirche Notre-Dame-de-l&#8217;Assomption und<strong> das \u00e4lteste Kino der Welt<\/strong>, das \u00c9den-Th\u00e9\u00e2tre. Ein Spaziergang durch die gepflasterten Gassen bietet eine authentische Atmosph\u00e4re, die typisch f\u00fcr <strong>provenzalische D\u00f6rfer<\/strong> ist. <\/p><\/div><\/div>\n\n\n<div style=\"height:4rem\" aria-hidden=\"true\" class=\"wp-block-spacer hide-mob\"><\/div>\n\n\n<div class=\"columns boxage\" style=\"align-items:center;\"><div class=\"columns__item\" style=\"align-self:center;\"><h2>La Ciotat: wilde Calanques, typische M\u00e4rkte und provenzalische Traditionen<\/h2><p   id=\"238\" >Nur wenige Kilometer entfernt liegt der <strong>Nationalpark Calanques<\/strong> mit seiner atemberaubenden Landschaft, die sich hervorragend f\u00fcr Wanderungen oder Kajakfahrten eignet. Dieses bemerkenswerte Naturerbe bietet spektakul\u00e4re Ausblicke und abgelegene Badepl\u00e4tze in den Calanques oder Buchten. Naturliebhaber werden auch die <a href=\"https:\/\/www.campingceyreste.com\/de\/alentours\/calanque-la-ciotat\/\" data-type=\"alentours\" data-id=\"238\">Calanque de Figuerolles<\/a> zu sch\u00e4tzen wissen, ein au\u00dfergew\u00f6hnliches Naturgebiet zum Schwimmen und Schnorcheln. Naturliebhaber und <strong>Wanderer <\/strong>sch\u00e4tzen den Charme der Wanderwege, die sich entlang der K\u00fcste und im Landesinneren erstrecken &#8211; Abwechslung und Entspannung garantiert!<\/p><div class=\"lireplus fc-desk\"><p    >Lesen Sie mehr<\/p><div class=\"group\"><p   id=\"255\" >In La Ciotat gibt es viele Sehensw\u00fcrdigkeiten. Ein Muss ist der <a href=\"https:\/\/www.campingceyreste.com\/de\/alentours\/mugello-park\/\" data-type=\"alentours\" data-id=\"255\">Parc du Mugel<\/a> mit seinen exotischen G\u00e4rten und dem atemberaubenden Blick auf die Bucht. Beachten Sie den Kontrast zwischen den traditionellen Booten, den Pointus, und den gro\u00dfen Yachten. Schlendern Sie durch das symboltr\u00e4chtige Viertel der Stadt, <strong>den Vieux Port in La Ciotat<\/strong>, der einen authentischen Charme und eine typisch <strong>provenzalische<\/strong> Atmosph\u00e4re bietet. Um das handwerkliche K\u00f6nnen und die lokale Gastronomie zu entdecken, gibt es nichts Besseres als einen Besuch auf dem Bauernmarkt, der jeden Samstagmorgen am Port-Vieux zusammen mit dem Fischmarkt stattfindet. Hier k\u00f6nnen Sie die kulinarischen Spezialit\u00e4ten der Region wie die ber\u00fchmte Bouillabaisse, Ancho\u00efade, Calissons usw. probieren.<\/p><\/div><\/div><\/div><div class=\"columns__item\" style=\"align-self:center;\"><div class=\"gallery\"><figure class=\"gallery__item\"><picture><source srcset=\"https:\/\/www.campingceyreste.com\/wp-content\/uploads\/2025\/11\/ciotat-AdobeStock_130879393-420x280.webp\" media=\"(max-width: 210px)\"><source srcset=\"https:\/\/www.campingceyreste.com\/wp-content\/uploads\/2025\/11\/ciotat-AdobeStock_130879393-850x567.webp\" media=\"(max-width: 420px)\"><source srcset=\"https:\/\/www.campingceyreste.com\/wp-content\/uploads\/2025\/11\/ciotat-AdobeStock_130879393-768x512.webp\" media=\"(max-width: 850px)\"><source srcset=\"https:\/\/www.campingceyreste.com\/wp-content\/uploads\/2025\/11\/ciotat-AdobeStock_130879393-1024x683.webp\" media=\"(max-width: 1024px)\"><source srcset=\"https:\/\/www.campingceyreste.com\/wp-content\/uploads\/2025\/11\/ciotat-AdobeStock_130879393.webp\" media=\"(min-width: 1025px)\"><img decoding=\"async\" src=\"https:\/\/www.campingceyreste.com\/wp-content\/uploads\/2025\/11\/ciotat-AdobeStock_130879393-420x280.webp\" width=\"420\" height=\"210\" loading=\"lazy\" alt=\"\" title=\"\"><\/picture><\/figure><\/div><\/div><\/div>\n\n\n<div style=\"height:4rem\" aria-hidden=\"true\" class=\"wp-block-spacer hide-mob\"><\/div>\n\n\n<div class=\"columns boxage\" style=\"align-items:center;\"><div class=\"columns__item\" style=\"align-self:center;\"><div class=\"gallery\"><figure class=\"gallery__item\"><picture><source srcset=\"https:\/\/www.campingceyreste.com\/wp-content\/uploads\/2025\/11\/ciotat-AdobeStock_188463530-420x280.webp\" media=\"(max-width: 210px)\"><source srcset=\"https:\/\/www.campingceyreste.com\/wp-content\/uploads\/2025\/11\/ciotat-AdobeStock_188463530-850x567.webp\" media=\"(max-width: 420px)\"><source srcset=\"https:\/\/www.campingceyreste.com\/wp-content\/uploads\/2025\/11\/ciotat-AdobeStock_188463530-768x512.webp\" media=\"(max-width: 850px)\"><source srcset=\"https:\/\/www.campingceyreste.com\/wp-content\/uploads\/2025\/11\/ciotat-AdobeStock_188463530-1024x683.webp\" media=\"(max-width: 1024px)\"><source srcset=\"https:\/\/www.campingceyreste.com\/wp-content\/uploads\/2025\/11\/ciotat-AdobeStock_188463530.webp\" media=\"(min-width: 1025px)\"><img decoding=\"async\" src=\"https:\/\/www.campingceyreste.com\/wp-content\/uploads\/2025\/11\/ciotat-AdobeStock_188463530-420x280.webp\" width=\"420\" height=\"210\" loading=\"lazy\" alt=\"\" title=\"\"><\/picture><\/figure><\/div><\/div><div class=\"columns__item\" style=\"align-self:center;\"><h2>Die Wahl der richtigen Unterkunft in La Ciotat<\/h2><p    >Die perfekte Unterkunft zu finden, ist f\u00fcr einen gelungenen<strong> Urlaub in La Ciotat<\/strong> unerl\u00e4sslich. Die Stadt bietet eine breite Palette an M\u00f6glichkeiten, von <strong>Familienh\u00e4usern<\/strong> \u00fcber moderne <strong>Apartments <\/strong>bis hin zu gem\u00fctlichen <strong>G\u00e4stezimmern<\/strong>. Besonders beliebt sind Unterk\u00fcnfte mit Garten, Terrasse oder Swimmingpool, die zus\u00e4tzlichen Komfort bieten und die M\u00f6glichkeit bieten, die sch\u00f6nen Tage in vollen Z\u00fcgen zu genie\u00dfen.  <\/p><div class=\"lireplus fc-desk\"><p    >Lesen Sie mehr<\/p><div class=\"group\"><p    ><strong>Um die beste Unterkunft zu<\/strong> finden, m\u00fcssen mehrere Kriterien ber\u00fccksichtigt werden. <strong>Die Lage <\/strong>ist entscheidend: bevorzugen Sie Unterk\u00fcnfte in der N\u00e4he des Alten Hafens oder des Strandes, damit Sie alle Aktivit\u00e4ten leicht erreichen k\u00f6nnen. Der <strong>Preis<\/strong> ist ebenfalls ein Schl\u00fcsselfaktor; es ist ratsam, die Angebote zu vergleichen, um ein gutes Preis-Leistungs-Verh\u00e4ltnis zu finden. Eine gut <strong>ausgestattete<\/strong> K\u00fcche, eine schnelle Wi-Fi-Verbindung oder ein Au\u00dfenbereich k\u00f6nnen den Unterschied ausmachen.  <\/p><\/div><\/div><\/div><\/div>\n\n\n<div style=\"height:4rem\" aria-hidden=\"true\" class=\"wp-block-spacer hide-mob\"><\/div>\n\n\n<div class=\"columns boxage\" style=\"align-items:center;\"><div class=\"columns__item\" style=\"align-self:center;\"><h2 class=\"h2\">Aufenthalt auf einem Campingplatz in La Ciotat<\/h2><p    >Der Campingplatz Le Ceyreste empf\u00e4ngt Sie in Ceyreste, einem malerischen Dorf, nur 6 Kilometer von La Ciotat entfernt. Hier haben Sie eine ideale Lage im Departement<strong> Bouches du Rh\u00f4ne <\/strong>und in der N\u00e4he des Departements <strong>Var.<\/strong> <\/p><p   id=\"250\" >In weniger als einer Stunde Autofahrt erreichen Sie die sch\u00f6nsten Orte der Region: die Str\u00e4nde und den Hafen von <a href=\"https:\/\/www.campingceyreste.com\/de\/alentours\/la-ciotat\/\" data-type=\"alentours\" data-id=\"250\">La Ciotat<\/a>, Cassis und seine Calanques, Aubagne und das von Pagnol geliebte Garlaban-Massiv oder auch Aix-en-Provence, eine Stadt der Kunst und der Kultur. Dieser <strong>4-Sterne-Campingplatz <\/strong>liegt inmitten eines gro\u00dfen Pinienwaldes mit Blick auf La Ciotat. Hier k\u00f6nnen Sie einen erholsamen und ruhigen Urlaub verbringen.<\/p><div class=\"lireplus fc-desk\"><p    >Lesen Sie mehr<\/p><div class=\"group\"><p    >Genie\u00dfen Sie w\u00e4hrend Ihres Urlaubs nicht nur das Schwimmen im Mittelmeer, sondern auch die sch\u00f6ne Badelandschaft des Campingplatzes. Mehr als 1300 m\u00b2 Wasserspa\u00df erwarten Sie! Entdecken Sie ein \u00dcberlaufbecken mit beheiztem Pool, ein gro\u00dfes beheiztes Becken, ein gro\u00dfes Planschbecken, eine Mehrbahnrutsche und einen Wasserspielplatz.  <\/p><p    >Dar\u00fcber hinaus bietet dieser <strong>Familiencampingplatz in der N\u00e4he von La Ciotat<\/strong> zahlreiche Aktivit\u00e4ten und Animationen, um Sie w\u00e4hrend Ihres Aufenthalts zu unterhalten (Sporteinrichtungen, Fitnessbereich, Spielplatz, Abendveranstaltungen, etc.) Schlie\u00dflich bietet der Campingplatz Ceyreste ein neues Restaurant mit Gerichten, die Sie vor Ort genie\u00dfen oder mitnehmen k\u00f6nnen, einen Brotverkauf und Ladestationen f\u00fcr Elektrofahrzeuge. Es ist alles vorhanden, um Sie zufrieden zu stellen!  <\/p><\/div><\/div><\/div><div class=\"columns__item\" style=\"align-self:center;\"><div class=\"gallery\"><figure class=\"gallery__item\"><picture><source srcset=\"https:\/\/www.campingceyreste.com\/wp-content\/uploads\/2025\/11\/ciotat-AdobeStock_306735571-420x280.webp\" media=\"(max-width: 210px)\"><source srcset=\"https:\/\/www.campingceyreste.com\/wp-content\/uploads\/2025\/11\/ciotat-AdobeStock_306735571-850x567.webp\" media=\"(max-width: 420px)\"><source srcset=\"https:\/\/www.campingceyreste.com\/wp-content\/uploads\/2025\/11\/ciotat-AdobeStock_306735571-768x512.webp\" media=\"(max-width: 850px)\"><source srcset=\"https:\/\/www.campingceyreste.com\/wp-content\/uploads\/2025\/11\/ciotat-AdobeStock_306735571-1024x683.webp\" media=\"(max-width: 1024px)\"><source srcset=\"https:\/\/www.campingceyreste.com\/wp-content\/uploads\/2025\/11\/ciotat-AdobeStock_306735571.webp\" media=\"(min-width: 1025px)\"><img decoding=\"async\" src=\"https:\/\/www.campingceyreste.com\/wp-content\/uploads\/2025\/11\/ciotat-AdobeStock_306735571-420x280.webp\" width=\"420\" height=\"210\" loading=\"lazy\" alt=\"\" title=\"\"><\/picture><\/figure><\/div><\/div><\/div>\n\n\n<div style=\"height:4rem\" aria-hidden=\"true\" class=\"wp-block-spacer hide-mob\"><\/div>\n\n\n<div class=\"columns boxage\" style=\"align-items:center;\"><div class=\"columns__item\" style=\"align-self:center;\"><div class=\"gallery\"><figure class=\"gallery__item\"><picture><source srcset=\"https:\/\/www.campingceyreste.com\/wp-content\/uploads\/2025\/11\/ciotat-AdobeStock_449702183-420x280.webp\" media=\"(max-width: 210px)\"><source srcset=\"https:\/\/www.campingceyreste.com\/wp-content\/uploads\/2025\/11\/ciotat-AdobeStock_449702183-850x567.webp\" media=\"(max-width: 420px)\"><source srcset=\"https:\/\/www.campingceyreste.com\/wp-content\/uploads\/2025\/11\/ciotat-AdobeStock_449702183-768x512.webp\" media=\"(max-width: 850px)\"><source srcset=\"https:\/\/www.campingceyreste.com\/wp-content\/uploads\/2025\/11\/ciotat-AdobeStock_449702183-1024x683.webp\" media=\"(max-width: 1024px)\"><source srcset=\"https:\/\/www.campingceyreste.com\/wp-content\/uploads\/2025\/11\/ciotat-AdobeStock_449702183.webp\" media=\"(min-width: 1025px)\"><img decoding=\"async\" src=\"https:\/\/www.campingceyreste.com\/wp-content\/uploads\/2025\/11\/ciotat-AdobeStock_449702183-420x280.webp\" width=\"420\" height=\"210\" loading=\"lazy\" alt=\"\" title=\"\"><\/picture><\/figure><\/div><\/div><div class=\"columns__item\" style=\"align-self:center;\"><h2 class=\"h2\">Genie\u00dfen Sie die Ferienunterk\u00fcnfte in La Ciotat auf einem 4-Sterne-Campingplatz<\/h2><p    >Der Campingplatz Le Ceyreste verf\u00fcgt \u00fcber eine gro\u00dfe Auswahl an Unterk\u00fcnften, um Ihrem Budget und all Ihren W\u00fcnschen gerecht zu werden. Entdecken Sie die verschiedenen Kategorien von<strong> Mobilheimen<\/strong> in einer privilegierten Umgebung. Alle diese Ferienunterk\u00fcnfte k\u00f6nnen bis zu 6 Personen beherbergen. Sie verf\u00fcgen \u00fcber eine voll ausgestattete K\u00fcche, 1 bis 3 Schlafzimmer, ein Badezimmer mit separatem WC und eine halb\u00fcberdachte Terrasse mit Gartenm\u00f6beln. Die <strong>Serie &#8222;Port Pin und En Vau&#8220;<\/strong> bietet mehr Platz, eine Klimaanlage und einen Geschirrsp\u00fcler.    <\/p><div class=\"lireplus fc-desk\"><p    >Lesen Sie mehr<\/p><div class=\"group\"><p    >M\u00f6chten Sie mit Zelt, Wohnwagen oder Wohnmobil anreisen? F\u00fcr die Anh\u00e4nger des traditionellen Campings stehen <strong>nackte Campingpl\u00e4tze <\/strong>zur Verf\u00fcgung. Auf diesen ger\u00e4umigen und abgegrenzten Parzellen im Schatten oder in der Sonne k\u00f6nnen Sie Ihr <strong>Zelt,<\/strong> Ihren <strong>Wohnwagen oder Ihr Wohnmobil<\/strong> ganz privat aufstellen. F\u00fcr einen komfortablen Aufenthalt gibt es einen Sanit\u00e4rblock mit Babybereich und einen Stromanschluss von 6 Ampere.   <\/p><p    >F\u00fcr einen <strong>ungew\u00f6hnlichen Aufenthalt<\/strong> entdecken Sie auch das<strong> Lodge-Zelt<\/strong>, ein guter Kompromiss zwischen Mobilheim und Zelt (ohne eigene Sanit\u00e4ranlagen, aber mit 2 Schlafzimmern und einem Wohn-\/Kochbereich). Erleben Sie eine einzigartige Erfahrung inmitten<strong>der Natur in der N\u00e4he von La Ciotat.<\/strong> Alle Camper sch\u00e4tzen die Ruhe und die gr\u00fcne Umgebung des Campingplatzes Ceyreste in S\u00fcdfrankreich. <\/p><\/div><\/div><\/div><\/div>\n\n\n<div style=\"height:4rem\" aria-hidden=\"true\" class=\"wp-block-spacer hide-mob\"><\/div>\n\n\n<div class=\"columns boxage\" style=\"align-items:center;\"><div class=\"columns__item\" style=\"align-self:center;\"><h2 class=\"h2\">La Ciotat: Tipps f\u00fcr eine sichere Buchung und einen gelungenen Aufenthalt<\/h2><p    >Um eine<strong> angenehme Erfahrung in Provence Alpes C\u00f4te d&#8217;Azur<\/strong> zu gew\u00e4hrleisten, ist es wichtig, dass Sie einen sicheren Buchungsprozess durchlaufen. Nehmen Sie sich die Zeit, die Beschreibungen sorgf\u00e4ltig zu lesen und die Fotos zu \u00fcberpr\u00fcfen, um b\u00f6se \u00dcberraschungen zu vermeiden. Kundenbewertungen sind ein wertvoller Indikator f\u00fcr die Qualit\u00e4t einer Unterkunft.  <\/p><div class=\"lireplus fc-desk\"><p    >Lesen Sie mehr<\/p><div class=\"group\"><p   id=\"gid_1\" ><strong>F\u00fcr einen gelungenen Urlaub in La Ciotat<\/strong> ist es wichtig, die richtige Jahreszeit zu w\u00e4hlen. Die <g id=\"gid_1\">Sommersaison<\/g> von Juni bis August ist ideal, um die Str\u00e4nde und Wassersportaktivit\u00e4ten zu genie\u00dfen. Die <strong>Monate Mai und September<\/strong> bieten jedoch ein angenehmes Wetter und einen geringeren Andrang, ideal f\u00fcr Familien, die die Massen meiden m\u00f6chten.  <\/p><p    >Saisonale Vermietungen haben viele Vorteile, insbesondere bei l\u00e4ngeren Aufenthalten. Wenn Sie ein Haus oder eine Wohnung mit <strong>Garten, Terrasse oder Grillplatz<\/strong> mieten, k\u00f6nnen Sie angenehme Momente im Freien genie\u00dfen, sei es bei Mahlzeiten im Freien oder bei geselligen Abenden. Diese Art von Unterkunft bietet auch ein hohes Ma\u00df an Unabh\u00e4ngigkeit und eine warme Atmosph\u00e4re, ideal f\u00fcr einen entspannten Urlaub.  <\/p><\/div><\/div><\/div><div class=\"columns__item\" style=\"align-self:center;\"><div class=\"gallery\"><figure class=\"gallery__item\"><picture><source srcset=\"https:\/\/www.campingceyreste.com\/wp-content\/uploads\/2025\/11\/alentours-AdobeStock_612107946-420x280.webp\" media=\"(max-width: 210px)\"><source srcset=\"https:\/\/www.campingceyreste.com\/wp-content\/uploads\/2025\/11\/alentours-AdobeStock_612107946-850x567.webp\" media=\"(max-width: 420px)\"><source srcset=\"https:\/\/www.campingceyreste.com\/wp-content\/uploads\/2025\/11\/alentours-AdobeStock_612107946-768x512.webp\" media=\"(max-width: 850px)\"><source srcset=\"https:\/\/www.campingceyreste.com\/wp-content\/uploads\/2025\/11\/alentours-AdobeStock_612107946-1024x683.webp\" media=\"(max-width: 1024px)\"><source srcset=\"https:\/\/www.campingceyreste.com\/wp-content\/uploads\/2025\/11\/alentours-AdobeStock_612107946.webp\" media=\"(min-width: 1025px)\"><img decoding=\"async\" src=\"https:\/\/www.campingceyreste.com\/wp-content\/uploads\/2025\/11\/alentours-AdobeStock_612107946-420x280.webp\" width=\"420\" height=\"210\" alt=\"camping la ciotat calanques\" loading=\"lazy\" title=\"\"><\/picture><\/figure><\/div><\/div><\/div>","protected":false},"excerpt":{"rendered":"<p>Aufenthalt in einer Ferienunterkunft in La Ciotat La Ciotat liegt zwischen Meer und H\u00fcgeln und ist ein ideales Reiseziel f\u00fcr einen Urlaub, der Natur, Entspannung und kulturelle Entdeckungen miteinander verbindet. Mit seinem historischen Erbe, den majest\u00e4tischen Calanques und der authentischen provenzalischen Atmosph\u00e4re verf\u00fchrt es Reisende auf der Suche nach einer Flucht aus dem Alltag. Ob [&hellip;]<\/p>\n","protected":false},"author":1,"featured_media":0,"parent":0,"menu_order":0,"comment_status":"closed","ping_status":"closed","template":"","meta":{"_acf_changed":false,"footnotes":""},"acf":[],"_links":{"self":[{"href":"https:\/\/www.campingceyreste.com\/de\/wp-json\/wp\/v2\/pages\/37449"}],"collection":[{"href":"https:\/\/www.campingceyreste.com\/de\/wp-json\/wp\/v2\/pages"}],"about":[{"href":"https:\/\/www.campingceyreste.com\/de\/wp-json\/wp\/v2\/types\/page"}],"author":[{"embeddable":true,"href":"https:\/\/www.campingceyreste.com\/de\/wp-json\/wp\/v2\/users\/1"}],"replies":[{"embeddable":true,"href":"https:\/\/www.campingceyreste.com\/de\/wp-json\/wp\/v2\/comments?post=37449"}],"version-history":[{"count":2,"href":"https:\/\/www.campingceyreste.com\/de\/wp-json\/wp\/v2\/pages\/37449\/revisions"}],"predecessor-version":[{"id":43500,"href":"https:\/\/www.campingceyreste.com\/de\/wp-json\/wp\/v2\/pages\/37449\/revisions\/43500"}],"wp:attachment":[{"href":"https:\/\/www.campingceyreste.com\/de\/wp-json\/wp\/v2\/media?parent=37449"}],"curies":[{"name":"wp","href":"https:\/\/api.w.org\/{rel}","templated":true}]}}