{"id":37463,"date":"2025-10-24T15:02:13","date_gmt":"2025-10-24T13:02:13","guid":{"rendered":"https:\/\/www.campingceyreste.com\/pagnol-aubagne\/"},"modified":"2025-12-23T13:05:22","modified_gmt":"2025-12-23T12:05:22","slug":"pagnol-aubagne","status":"publish","type":"page","link":"https:\/\/www.campingceyreste.com\/de\/pagnol-aubagne\/","title":{"rendered":"Pagnol Aubagne"},"content":{"rendered":"<div class=\"diaporama-header align-full\"><div class=\"gallery\"><figure class=\"gallery__item\"><picture><source srcset=\"https:\/\/www.campingceyreste.com\/wp-content\/uploads\/2025\/11\/aubagne-AdobeStock_96342538-420x280.webp\" media=\"(max-width: 210px)\"><source srcset=\"https:\/\/www.campingceyreste.com\/wp-content\/uploads\/2025\/11\/aubagne-AdobeStock_96342538-850x567.webp\" media=\"(max-width: 420px)\"><source srcset=\"https:\/\/www.campingceyreste.com\/wp-content\/uploads\/2025\/11\/aubagne-AdobeStock_96342538-768x512.webp\" media=\"(max-width: 850px)\"><source srcset=\"https:\/\/www.campingceyreste.com\/wp-content\/uploads\/2025\/11\/aubagne-AdobeStock_96342538-1024x683.webp\" media=\"(max-width: 1024px)\"><source srcset=\"https:\/\/www.campingceyreste.com\/wp-content\/uploads\/2025\/11\/aubagne-AdobeStock_96342538.webp\" media=\"(min-width: 1025px)\"><img loading=\"lazy\" decoding=\"async\" src=\"https:\/\/www.campingceyreste.com\/wp-content\/uploads\/2025\/11\/aubagne-AdobeStock_96342538-420x280.webp\" width=\"420\" height=\"210\" alt=\"\" title=\"\"><\/picture><\/figure><\/div><div class=\"diaporama-header__inner\"><h1 style=\"text-align: center;\">Auf den Spuren von Marcel Pagnol in Aubagne, in der Provence<\/h1><\/div><\/div>\n\n<div class=\"group text-header\"><p class=\"mini center\" style=\"text-align: center;\"  ><strong>Manon des Sources<\/strong>, Hugolin, <strong>La Gloire de mon p\u00e8re<\/strong> oder <strong>Le Ch\u00e2teau de ma m\u00e8re<\/strong> sind nur einige der Personen und Orte, die an das Leben und<strong> Werk von Marcel Pagnol<\/strong> erinnern. Um noch mehr \u00fcber diesen ber\u00fchmten Filmemacher zu erfahren, begeben Sie sich nach <strong>Aubagne <\/strong>und auf die Wege, um die <strong>Provence von Pagnol<\/strong> zu entdecken. <\/p><\/div>\n\n<div class=\"columns boxage\" style=\"align-items:center;\"><div class=\"columns__item\" style=\"align-self:center;\"><div class=\"gallery\"><figure class=\"gallery__item\"><picture><source srcset=\"https:\/\/www.campingceyreste.com\/wp-content\/uploads\/2025\/11\/aubagne-AdobeStock_86560832-420x280.webp\" media=\"(max-width: 210px)\"><source srcset=\"https:\/\/www.campingceyreste.com\/wp-content\/uploads\/2025\/11\/aubagne-AdobeStock_86560832-850x567.webp\" media=\"(max-width: 420px)\"><source srcset=\"https:\/\/www.campingceyreste.com\/wp-content\/uploads\/2025\/11\/aubagne-AdobeStock_86560832-768x512.webp\" media=\"(max-width: 850px)\"><source srcset=\"https:\/\/www.campingceyreste.com\/wp-content\/uploads\/2025\/11\/aubagne-AdobeStock_86560832-1024x683.webp\" media=\"(max-width: 1024px)\"><source srcset=\"https:\/\/www.campingceyreste.com\/wp-content\/uploads\/2025\/11\/aubagne-AdobeStock_86560832.webp\" media=\"(min-width: 1025px)\"><img decoding=\"async\" src=\"https:\/\/www.campingceyreste.com\/wp-content\/uploads\/2025\/11\/aubagne-AdobeStock_86560832-420x280.webp\" width=\"420\" height=\"210\" loading=\"lazy\" alt=\"\" title=\"\"><\/picture><\/figure><\/div><\/div><div class=\"columns__item\" style=\"align-self:center;\"><h2>Aubagne, Geburtsstadt von Marcel Pagnol<\/h2><p    >Marcel Pagnol, der ber\u00fchmte Filmemacher und Schriftsteller des 20. Jahrhunderts, wurde am 28. Februar 1895 in <a href=\"https:\/\/www.campingceyreste.com\/de\/alentours\/aubagne\/\">Aubagne<\/a>, 16 Cours Barth\u00e9l\u00e9my, geboren. Dieser Ort pr\u00e4gte seine Kindheit und er lebte dort bis zu seiner Jugend, bevor er mit seinen Eltern nach Marseille zog. Er kehrte jedoch w\u00e4hrend seiner Ferien mit seiner Familie in die Bastide Neuve in den H\u00fcgeln <strong>von Aubagne<\/strong> zur\u00fcck.<\/p><p    >Marcel Pagnol sch\u00e4tzte den einfachen Charme der <strong>Provence <\/strong>und seine Filme sind eine Hommage an die Landschaft und die Menschen der Region. Pagnols Werke, die in der ganzen Welt verfilmt wurden, sind immer noch ein gro\u00dfer Erfolg. Die Stadt Aubagne ehrt dieses<strong> Kind<\/strong> der Region mit Stolz und bietet einen Besuch des <strong>Hauses von Pagnol<\/strong> an.  <\/p><p    >Sie k\u00f6nnen auch auf den Spuren des Filmemachers wandeln und Orte entdecken, die ihm am Herzen <strong>lagen<\/strong>, wie <strong>La Font de Mai<\/strong>, eine provenzalische Bastide am Fu\u00dfe des <strong>Garlaban-Massivs<\/strong>, die als Kulisse f\u00fcr einige seiner Filme diente.<\/p><\/div><\/div>\n\n\n<div style=\"height:4rem\" aria-hidden=\"true\" class=\"wp-block-spacer hide-mob\"><\/div>\n\n\n<div class=\"columns boxage\" style=\"align-items:center;\"><div class=\"columns__item\" style=\"align-self:center;\"><h2>Wandern auf den Spuren von Marcel Pagnol<\/h2><h3 class=\"h5\">Wanderung &#8222;Kindheitserinnerungen&#8220;.<\/h3><p   id=\"gid_1\" >Machen Sie einen herrlichen Tagesausflug auf dieser 9 km langen, gef\u00fchrten<strong> Wanderroute<\/strong>. Die <g id=\"gid_1\">Wanderung<\/g> beginnt mit dem Besuch des Mas de Massacan, <g id=\"gid_2\">dem Haus von Hugolin<\/g>, der ber\u00fchmten Figur aus dem Film Manon des Sources. Danach besuchen Sie den Bauernhof von Ang\u00e8le, bevor Sie eine Picknickpause inmitten der <g id=\"gid_3\">Garrigue<\/g> einlegen. Sie kommen auch an <g id=\"gid_4\">Pagnols Ferienhaus<\/g>, der Bastide Neuve, vorbei, bevor Sie das Dorf La <g id=\"gid_5\">Treille<\/g> erreichen. Die gef\u00fchrte Wanderung endet mit einem Halt am Friedhof, wo der Filmemacher und Schriftsteller begraben liegt.    <\/p><div class=\"lireplus fc-desk\"><p    >Lesen Sie mehr<\/p><div class=\"group\"><h3 class=\"h5\">Die Rundreise &#8222;Zeit der Geheimnisse&#8220;.<\/h3><p    >Diese sportliche und kulturelle <strong>Pagnol-Wanderung <\/strong>von 12 km (ca. 5 Stunden) f\u00fchrt durch die herrlichen Landschaften des <strong>Garlaban-Massivs<\/strong>. Sie sehen die nat\u00fcrlichen Kulissen der Dreharbeiten zum Film &#8222;Zeit der Geheimnisse&#8220; von Christophe Barratier, der die Kindheitserinnerungen von Marcel Pagnol in Szene setzte. Ihr Reiseleiter wird Ihnen einige Anekdoten erz\u00e4hlen und Ihnen alle <strong>Au\u00dfenstellen der Dreharbeiten<\/strong> zeigen (Grotte du hibou, Croix du Garlaban, etc.).  <\/p><p    >Diese Wanderung ist f\u00fcr <strong>regelm\u00e4\u00dfige Wanderer oder erfahrene Wanderer<\/strong> geeignet. F\u00fcr beide Touren ben\u00f6tigen Sie gute Wanderschuhe, geeignete Kleidung, ein Picknick und ausreichend Wasser zum Trinken w\u00e4hrend der Tour. <\/p><\/div><\/div><\/div><div class=\"columns__item\" style=\"align-self:center;\"><div class=\"gallery\"><figure class=\"gallery__item\"><picture><source srcset=\"https:\/\/www.campingceyreste.com\/wp-content\/uploads\/2025\/11\/aubagne-AdobeStock_255381458-420x280.webp\" media=\"(max-width: 210px)\"><source srcset=\"https:\/\/www.campingceyreste.com\/wp-content\/uploads\/2025\/11\/aubagne-AdobeStock_255381458-850x567.webp\" media=\"(max-width: 420px)\"><source srcset=\"https:\/\/www.campingceyreste.com\/wp-content\/uploads\/2025\/11\/aubagne-AdobeStock_255381458-768x512.webp\" media=\"(max-width: 850px)\"><source srcset=\"https:\/\/www.campingceyreste.com\/wp-content\/uploads\/2025\/11\/aubagne-AdobeStock_255381458-1024x683.webp\" media=\"(max-width: 1024px)\"><source srcset=\"https:\/\/www.campingceyreste.com\/wp-content\/uploads\/2025\/11\/aubagne-AdobeStock_255381458.webp\" media=\"(min-width: 1025px)\"><img decoding=\"async\" src=\"https:\/\/www.campingceyreste.com\/wp-content\/uploads\/2025\/11\/aubagne-AdobeStock_255381458-420x280.webp\" width=\"420\" height=\"210\" loading=\"lazy\" alt=\"\" title=\"\"><\/picture><\/figure><\/div><\/div><\/div>\n\n\n<div style=\"height:4rem\" aria-hidden=\"true\" class=\"wp-block-spacer hide-mob\"><\/div>\n\n\n<div class=\"columns boxage\" style=\"align-items:center;\"><div class=\"columns__item\" style=\"align-self:center;\"><div class=\"gallery\"><figure class=\"gallery__item\"><picture><source srcset=\"https:\/\/www.campingceyreste.com\/wp-content\/uploads\/2025\/11\/aubagne-AdobeStock_96342538-420x280.webp\" media=\"(max-width: 210px)\"><source srcset=\"https:\/\/www.campingceyreste.com\/wp-content\/uploads\/2025\/11\/aubagne-AdobeStock_96342538-850x567.webp\" media=\"(max-width: 420px)\"><source srcset=\"https:\/\/www.campingceyreste.com\/wp-content\/uploads\/2025\/11\/aubagne-AdobeStock_96342538-768x512.webp\" media=\"(max-width: 850px)\"><source srcset=\"https:\/\/www.campingceyreste.com\/wp-content\/uploads\/2025\/11\/aubagne-AdobeStock_96342538-1024x683.webp\" media=\"(max-width: 1024px)\"><source srcset=\"https:\/\/www.campingceyreste.com\/wp-content\/uploads\/2025\/11\/aubagne-AdobeStock_96342538.webp\" media=\"(min-width: 1025px)\"><img decoding=\"async\" src=\"https:\/\/www.campingceyreste.com\/wp-content\/uploads\/2025\/11\/aubagne-AdobeStock_96342538-420x280.webp\" width=\"420\" height=\"210\" loading=\"lazy\" alt=\"\" title=\"\"><\/picture><\/figure><\/div><\/div><div class=\"columns__item\" style=\"align-self:center;\"><h2>Marcel Pagnol in der Provence besser kennen lernen<\/h2><p   id=\"236\" >Genie\u00dfen Sie Ihren <a href=\"https:\/\/www.campingceyreste.com\/de\/alentours\/aubagne-mit-der-familie\/\" data-type=\"alentours\" data-id=\"236\">Familienurlaub in Aubagne<\/a>, um die <strong>kleine Welt von Marcel Pagnol<\/strong> zu entdecken. Dieses spielerische und lebendige Museum befindet sich in Aubagne und zeigt mehr als 200 Tonfiguren, die von den gr\u00f6\u00dften K\u00fcnstlern der Region geschaffen wurden. Mit Hilfe von Lichtspielen, Kl\u00e4ngen und Rekonstruktionen vermitteln diese Figuren auf originelle Weise <strong>das Leben von Marcel Pagnol<\/strong> und sein Werk.<\/p><p    >Zu einem sehr g\u00fcnstigen Preis k\u00f6nnen Sie diese kommentierte F\u00fchrung f\u00fcr jedermann genie\u00dfen und alle <strong>ber\u00fchmten Figuren aus Pagnols Welt<\/strong> wiederfinden. Dieses Museum ist eine Hommage an die <strong>Kunstfertigkeit der Meister der Santonniers<\/strong> und an die <strong>Provence von Pagnol<\/strong>.<\/p><\/div><\/div>\n\n\n<div style=\"height:4rem\" aria-hidden=\"true\" class=\"wp-block-spacer hide-mob\"><\/div>\n\n\n<div class=\"columns boxage\" style=\"align-items:center;\"><div class=\"columns__item\" style=\"align-self:center;\"><h2 class=\"h2\">Aufenthalt auf dem Campingplatz Le Ceyreste in der N\u00e4he von Aubagne<\/h2><p   id=\"205\" >Der <a href=\"https:\/\/www.campingceyreste.com\/de\/\" data-type=\"page\" data-id=\"205\">4-Sterne-Campingplatz Le Ceyreste in der N\u00e4he von Aubagne<\/a> empf\u00e4ngt Sie im Land von Pagnol, 20 km von Aubagne entfernt. Seine Lage ist ideal, um die Str\u00e4nde von La Ciotat und Cassis zu genie\u00dfen, aber auch um<g id=\"gid_1\"> das provenzalische Hinterland<\/g> zu besuchen. In einer gr\u00fcnen und ruhigen Umgebung k\u00f6nnen Sie in komfortablen Mobilheimen, Lodge-Zelten oder auf einem der Stellpl\u00e4tze untergebracht werden, die Ihnen zur Verf\u00fcgung stehen.  <\/p><p    >Dieser Campingplatz mit Swimmingpool bietet Ihnen w\u00e4hrend Ihres Aufenthalts zahlreiche Aktivit\u00e4ten und Dienstleistungen, um Sie zu unterhalten und Ihnen einen maximalen Komfort w\u00e4hrend Ihres Urlaubs in<strong> S\u00fcdfrankreich<\/strong> zu bieten.<\/p><p   id=\"306\" >Auf dem Campingplatz Le Ceyreste k\u00f6nnen Sie einen<strong> kulturellen und <\/strong><a href=\"https:\/\/www.campingceyreste.com\/de\/aubagne-tourismus\/\" data-type=\"page\" data-id=\"306\">touristischen<\/a> Urlaub verbringen, bei dem Sie zwischen Schwimmen am <strong>Strand <\/strong>und der Entdeckung des reichen<strong> Kulturerbes <\/strong> der Region wechseln k\u00f6nnen. <strong>Unter der Sonne der Provence<\/strong> verbringen Sie einen unvergesslichen Urlaub <strong>zwischen Meer und Bergen<\/strong>.<\/p><\/div><div class=\"columns__item\" style=\"align-self:center;\"><div class=\"gallery\"><figure class=\"gallery__item\"><picture><source srcset=\"https:\/\/www.campingceyreste.com\/wp-content\/uploads\/2025\/11\/aubagne-AdobeStock_49473967-420x280.webp\" media=\"(max-width: 210px)\"><source srcset=\"https:\/\/www.campingceyreste.com\/wp-content\/uploads\/2025\/11\/aubagne-AdobeStock_49473967-850x567.webp\" media=\"(max-width: 420px)\"><source srcset=\"https:\/\/www.campingceyreste.com\/wp-content\/uploads\/2025\/11\/aubagne-AdobeStock_49473967-768x512.webp\" media=\"(max-width: 850px)\"><source srcset=\"https:\/\/www.campingceyreste.com\/wp-content\/uploads\/2025\/11\/aubagne-AdobeStock_49473967-1024x683.webp\" media=\"(max-width: 1024px)\"><source srcset=\"https:\/\/www.campingceyreste.com\/wp-content\/uploads\/2025\/11\/aubagne-AdobeStock_49473967.webp\" media=\"(min-width: 1025px)\"><img decoding=\"async\" src=\"https:\/\/www.campingceyreste.com\/wp-content\/uploads\/2025\/11\/aubagne-AdobeStock_49473967-420x280.webp\" width=\"420\" height=\"210\" loading=\"lazy\" alt=\"\" title=\"\"><\/picture><\/figure><\/div><\/div><\/div>","protected":false},"excerpt":{"rendered":"<p>Auf den Spuren von Marcel Pagnol in Aubagne, in der Provence Manon des Sources, Hugolin, La Gloire de mon p\u00e8re oder Le Ch\u00e2teau de ma m\u00e8re sind nur einige der Personen und Orte, die an das Leben und Werk von Marcel Pagnol erinnern. Um noch mehr \u00fcber diesen ber\u00fchmten Filmemacher zu erfahren, begeben Sie sich [&hellip;]<\/p>\n","protected":false},"author":1,"featured_media":0,"parent":0,"menu_order":0,"comment_status":"closed","ping_status":"closed","template":"","meta":{"_acf_changed":false,"footnotes":""},"acf":[],"_links":{"self":[{"href":"https:\/\/www.campingceyreste.com\/de\/wp-json\/wp\/v2\/pages\/37463"}],"collection":[{"href":"https:\/\/www.campingceyreste.com\/de\/wp-json\/wp\/v2\/pages"}],"about":[{"href":"https:\/\/www.campingceyreste.com\/de\/wp-json\/wp\/v2\/types\/page"}],"author":[{"embeddable":true,"href":"https:\/\/www.campingceyreste.com\/de\/wp-json\/wp\/v2\/users\/1"}],"replies":[{"embeddable":true,"href":"https:\/\/www.campingceyreste.com\/de\/wp-json\/wp\/v2\/comments?post=37463"}],"version-history":[{"count":2,"href":"https:\/\/www.campingceyreste.com\/de\/wp-json\/wp\/v2\/pages\/37463\/revisions"}],"predecessor-version":[{"id":43513,"href":"https:\/\/www.campingceyreste.com\/de\/wp-json\/wp\/v2\/pages\/37463\/revisions\/43513"}],"wp:attachment":[{"href":"https:\/\/www.campingceyreste.com\/de\/wp-json\/wp\/v2\/media?parent=37463"}],"curies":[{"name":"wp","href":"https:\/\/api.w.org\/{rel}","templated":true}]}}