{"id":37466,"date":"2025-10-24T15:02:13","date_gmt":"2025-10-24T13:02:13","guid":{"rendered":"https:\/\/www.campingceyreste.com\/campingplatz-bouches-du-rhone\/"},"modified":"2026-01-12T09:56:05","modified_gmt":"2026-01-12T08:56:05","slug":"campingplatz-bouches-du-rhone","status":"publish","type":"page","link":"https:\/\/www.campingceyreste.com\/de\/campingplatz-bouches-du-rhone\/","title":{"rendered":"Campingplatz Bouches du Rh\u00f4ne"},"content":{"rendered":"<div class=\"diaporama-header align-full\"><div class=\"gallery\"><figure class=\"gallery__item\"><picture><source srcset=\"https:\/\/www.campingceyreste.com\/wp-content\/uploads\/2025\/11\/alentours-AdobeStock_121652749-420x174.webp\" media=\"(max-width: 210px)\"><source srcset=\"https:\/\/www.campingceyreste.com\/wp-content\/uploads\/2025\/11\/alentours-AdobeStock_121652749-850x352.webp\" media=\"(max-width: 420px)\"><source srcset=\"https:\/\/www.campingceyreste.com\/wp-content\/uploads\/2025\/11\/alentours-AdobeStock_121652749-768x318.webp\" media=\"(max-width: 850px)\"><source srcset=\"https:\/\/www.campingceyreste.com\/wp-content\/uploads\/2025\/11\/alentours-AdobeStock_121652749-1024x424.webp\" media=\"(max-width: 1024px)\"><source srcset=\"https:\/\/www.campingceyreste.com\/wp-content\/uploads\/2025\/11\/alentours-AdobeStock_121652749.webp\" media=\"(min-width: 1025px)\"><img loading=\"lazy\" decoding=\"async\" src=\"https:\/\/www.campingceyreste.com\/wp-content\/uploads\/2025\/11\/alentours-AdobeStock_121652749-420x174.webp\" width=\"420\" height=\"210\" alt=\"camping provence ciotat\" title=\"\"><\/picture><\/figure><\/div><div class=\"diaporama-header__inner\"><h1 style=\"text-align: center;\">Aufenthalt auf einem Campingplatz im Departement Bouches du Rh\u00f4ne<\/h1><\/div><\/div>\n\n<div class=\"group text-header\"><p class=\"mini center\" style=\"text-align: center;\"  >Buchen Sie Ihren <strong>Campingurlaub in Bouches-du-Rh\u00f4ne<\/strong>, einem der sonnigsten Departements Frankreichs! Der <strong>4-Sterne-Campingplatz Le Ceyreste <\/strong>mit Wasserpark ist ideal gelegen, um alle Reicht\u00fcmer dieser Region der <strong>Provence-Alpes-C\u00f4te d&#8217;Azur<\/strong> zu entdecken. <\/p><\/div>\n\n<div class=\"columns boxage\" style=\"align-items:center;\"><div class=\"columns__item\" style=\"align-self:center;\"><div class=\"gallery\"><figure class=\"gallery__item\"><picture><source srcset=\"https:\/\/www.campingceyreste.com\/wp-content\/uploads\/2025\/10\/espace-aquatique-2-420x315.jpg.webp\" media=\"(max-width: 210px)\"><source srcset=\"https:\/\/www.campingceyreste.com\/wp-content\/uploads\/2025\/10\/espace-aquatique-2-850x638.jpg.webp\" media=\"(max-width: 420px)\"><source srcset=\"https:\/\/www.campingceyreste.com\/wp-content\/uploads\/2025\/10\/espace-aquatique-2-768x576.jpg.webp\" media=\"(max-width: 850px)\"><source srcset=\"https:\/\/www.campingceyreste.com\/wp-content\/uploads\/2025\/10\/espace-aquatique-2-1024x768.jpg.webp\" media=\"(max-width: 1024px)\"><source srcset=\"https:\/\/www.campingceyreste.com\/wp-content\/uploads\/2025\/10\/espace-aquatique-2.jpg.webp\" media=\"(min-width: 1025px)\"><img decoding=\"async\" src=\"https:\/\/www.campingceyreste.com\/wp-content\/uploads\/2025\/10\/espace-aquatique-2-420x315.jpg.webp\" width=\"420\" height=\"210\" alt=\"camping piscine bouche du rhone\" loading=\"lazy\" title=\"\"><\/picture><\/figure><\/div><\/div><div class=\"columns__item\" style=\"align-self:center;\"><h2>Entdecken Sie das Departement Bouches-du-Rh\u00f4ne bei einem Aufenthalt auf einem Campingplatz.<\/h2><p    ><strong>Bouches du Rh\u00f4ne <\/strong>bietet eine unendliche Anzahl von atemberaubenden Landschaften und zahlreiche Aktivit\u00e4ten f\u00fcr die ganze Familie. Nur wenige Kilometer von Ihrer <strong>Ferienunterkunft<\/strong> entfernt finden Sie ein Mosaik aus faszinierenden Landschaften. <\/p><p   id=\"251\" >Genie\u00dfen Sie w\u00e4hrend Ihres Aufenthalts auf dem Campingplatz die Str\u00e4nde und die wundersch\u00f6nen <a href=\"https:\/\/www.campingceyreste.com\/de\/alentours\/besuch-der-calanques\/\">Buchten<\/a> von <a href=\"https:\/\/www.campingceyreste.com\/de\/alentours\/marseille\/\" data-type=\"alentours\" data-id=\"251\">Marseille<\/a> und Cassis. Erkunden Sie die <strong>Camargue<\/strong>, ein wildes und gesch\u00fctztes Gebiet und genie\u00dfen Sie die provenzalische Lebensart im <strong>Pays d&#8217;Aix<\/strong>.<\/p><p    >Verpassen Sie auch nicht eine Wanderung durch die <strong>Alpilles<\/strong>, ein bezauberndes Naturgebiet mit bemerkenswerten Aussichtspunkten und authentischen D\u00f6rfern, die Sie ohne Einschr\u00e4nkung besuchen k\u00f6nnen: Tarascon, Les Baux de Provence, St. R\u00e9my de Provence, etc.<\/p><div class=\"lireplus fc-desk\"><p    >Lesen Sie mehr<\/p><div class=\"group\"><p    >Tauchen Sie in die malerische Atmosph\u00e4re der Alpilles ein, indem Sie steile Pfade, malerische Weinberge und jahrhundertealte Olivenhaine erkunden. Entdecken Sie <strong>Tarascon<\/strong>, wo die jahrhundertealten Stadtmauern die Legenden von K\u00f6nig Ren\u00e9 und der Tarasque erz\u00e4hlen und einen bezaubernden Einblick in die <strong>mittelalterliche Vergangenheit<\/strong> der Region bieten. <\/p><p    ><strong>Les Baux de Provence <\/strong>, das auf einem Felsvorsprung liegt, besticht durch sein <strong>atemberaubendes Panorama<\/strong> und sein bemerkenswertes architektonisches Erbe. <strong>St. R\u00e9my de Provence<\/strong>, die Wiege der provenzalischen Lebenskunst, wird Sie mit seinen belebten Gassen, dem bet\u00f6renden Duft von Lavendel und seiner authentischen Atmosph\u00e4re verzaubern.<\/p><\/div><\/div><\/div><\/div>\n\n\n<div style=\"height:4rem\" aria-hidden=\"true\" class=\"wp-block-spacer hide-mob\"><\/div>\n\n\n<div class=\"columns boxage\" style=\"align-items:center;\"><div class=\"columns__item\" style=\"align-self:center;\"><h2 class=\"h2\">Warum Campingplatz mit Wasserpark im Departement Bouches du Rh\u00f4ne?<\/h2><p    >Der<strong> 4-Sterne-Campingplatz Le Ceyreste <\/strong>bietet Ihnen w\u00e4hrend Ihres <strong>Urlaubs im Departement Bouches du Rh\u00f4ne<\/strong> Zugang zu einem sch\u00f6nen Wasserpark. Hier gibt es 2 gro\u00dfe beheizte Pools, ein Planschbecken, eine Wasserrutsche und Wasserspielpl\u00e4tze. <\/p><p    >Die Liegest\u00fchle <strong>am Pool<\/strong> laden die Camper, die sich am Wasser entspannen m\u00f6chten, zum Faulenzen ein. Im Juli und August gibt es <strong>zahlreiche Aktivit\u00e4ten<\/strong> im Wasserpark mit der M\u00f6glichkeit, an Aquafun-Kursen teilzunehmen oder Aquabike zu fahren. <\/p><p    >Es gibt nichts Besseres, um sich w\u00e4hrend der Ferien in einer freundlichen und dynamischen Atmosph\u00e4re mit der Familie und den Kindern zu bewegen!<\/p><div class=\"buttons\"><a href=\"https:\/\/www.campingceyreste.com\/de\/swimmingpool\/\" rel=\"noreferrer noopener\" rel=\"noreferrer noopener\" class=\"buttons__btn\">Wasserpark<\/a><\/div><\/div><div class=\"columns__item\" style=\"align-self:center;\"><div class=\"gallery\"><figure class=\"gallery__item\"><picture><source srcset=\"https:\/\/www.campingceyreste.com\/wp-content\/uploads\/2025\/10\/espace-aquatique-10-420x236.jpg.webp\" media=\"(max-width: 210px)\"><source srcset=\"https:\/\/www.campingceyreste.com\/wp-content\/uploads\/2025\/10\/espace-aquatique-10-850x478.jpg.webp\" media=\"(max-width: 420px)\"><source srcset=\"https:\/\/www.campingceyreste.com\/wp-content\/uploads\/2025\/10\/espace-aquatique-10-768x432.jpg.webp\" media=\"(max-width: 850px)\"><source srcset=\"https:\/\/www.campingceyreste.com\/wp-content\/uploads\/2025\/10\/espace-aquatique-10-1024x576.jpg.webp\" media=\"(max-width: 1024px)\"><source srcset=\"https:\/\/www.campingceyreste.com\/wp-content\/uploads\/2025\/10\/espace-aquatique-10.jpg.webp\" media=\"(min-width: 1025px)\"><img decoding=\"async\" src=\"https:\/\/www.campingceyreste.com\/wp-content\/uploads\/2025\/10\/espace-aquatique-10-420x236.jpg.webp\" width=\"420\" height=\"210\" alt=\"camping parc aquatique toboggan cassis\" loading=\"lazy\" title=\"\"><\/picture><\/figure><\/div><\/div><\/div>\n\n\n<div style=\"height:4rem\" aria-hidden=\"true\" class=\"wp-block-spacer hide-mob\"><\/div>\n\n\n<div class=\"columns boxage\" style=\"align-items:center;\"><div class=\"columns__item\" style=\"align-self:center;\"><div class=\"gallery\"><figure class=\"gallery__item\"><picture><source srcset=\"https:\/\/www.campingceyreste.com\/wp-content\/uploads\/2025\/11\/alentours-AdobeStock_73385822-420x279.webp\" media=\"(max-width: 210px)\"><source srcset=\"https:\/\/www.campingceyreste.com\/wp-content\/uploads\/2025\/11\/alentours-AdobeStock_73385822-850x564.webp\" media=\"(max-width: 420px)\"><source srcset=\"https:\/\/www.campingceyreste.com\/wp-content\/uploads\/2025\/11\/alentours-AdobeStock_73385822-768x510.webp\" media=\"(max-width: 850px)\"><source srcset=\"https:\/\/www.campingceyreste.com\/wp-content\/uploads\/2025\/11\/alentours-AdobeStock_73385822-1024x680.webp\" media=\"(max-width: 1024px)\"><source srcset=\"https:\/\/www.campingceyreste.com\/wp-content\/uploads\/2025\/11\/alentours-AdobeStock_73385822.webp\" media=\"(min-width: 1025px)\"><img decoding=\"async\" src=\"https:\/\/www.campingceyreste.com\/wp-content\/uploads\/2025\/11\/alentours-AdobeStock_73385822-420x279.webp\" width=\"420\" height=\"210\" alt=\"camping provence calanques\" loading=\"lazy\" title=\"\"><\/picture><\/figure><\/div><\/div><div class=\"columns__item\" style=\"align-self:center;\"><h2>Warum sollten Sie unseren Campingplatz am Meer in Bouches du Rh\u00f4ne w\u00e4hlen?<\/h2><p   id=\"238\" >Der Campingplatz Le Ceyreste empf\u00e4ngt Sie inmitten eines gro\u00dfen Pinienwaldes in der N\u00e4he der <strong>Str\u00e4nde <\/strong>von <a href=\"https:\/\/www.campingceyreste.com\/de\/alentours\/calanque-la-ciotat\/\" data-type=\"alentours\" data-id=\"238\">La Ciotat <\/a>und <a href=\"https:\/\/www.campingceyreste.com\/de\/alentours\/cassis-strand\/\" data-type=\"link\" data-id=\"https:\/\/www.campingceyreste.com\/de\/alentours\/cassis-strand\/\">Cassis<\/a>. Dieser <strong>4-Sterne-Campingplatz<\/strong> zieht alle Naturliebhaber an, die auf der Suche nach Abwechslung, Entspannung, Komfort und verschiedenen Aktivit\u00e4ten sind.<\/p><p    >Unser <strong>Familiencampingplatz im Departement Bouches du Rh\u00f4ne<\/strong> bietet Ihnen zahlreiche Freizeitaktivit\u00e4ten, die Sie nach Lust und Laune aus\u00fcben k\u00f6nnen. Nutzen Sie<strong> die 1.300 m\u00b2 gro\u00dfe Badelandschaft <\/strong>mit beheizten Becken, Sportanlagen und Themenanimationen. <\/p><p    >In der Umgebung des Campingplatzes k\u00f6nnen Sie die unber\u00fchrte Natur auf atemberaubenden <strong>Wanderungen<\/strong> entdecken und an den <strong>Str\u00e4nden<\/strong> zahlreiche<strong> Wassersportaktivit\u00e4ten<\/strong> aus\u00fcben. Und nicht zu vergessen die <strong>M\u00e4rkte der Provence <\/strong>mit ihren bunten St\u00e4nden und lokalen Produkten (Kr\u00e4uter der Provence, Oliven\u00f6l, etc.). <\/p><div class=\"buttons\"><a href=\"https:\/\/www.campingceyreste.com\/de\/aktivitaeten\/\" rel=\"noreferrer noopener\" rel=\"noreferrer noopener\" class=\"buttons__btn\">Aktivit\u00e4ten<\/a><\/div><\/div><\/div>\n\n\n<div style=\"height:4rem\" aria-hidden=\"true\" class=\"wp-block-spacer hide-mob\"><\/div>\n\n\n<div class=\"columns boxage\" style=\"align-items:center;\"><div class=\"columns__item\" style=\"align-self:center;\"><h2 class=\"h2\">Aufenthalt auf unserem Campingplatz in der Provence Alpes C\u00f4te d&#8217;Azur<\/h2><p    >Entdecken Sie die <strong>gro\u00dfe Auswahl an Unterk\u00fcnften<\/strong> auf dem Campingplatz Le Ceyreste in einer wundersch\u00f6nen nat\u00fcrlichen Umgebung. W\u00e4hlen Sie aus verschiedenen Kategorien von<strong> Mobilheimen<\/strong> Ihre <strong>Ferienunterkunft im Departement Bouches du Rh\u00f4ne<\/strong>. Einige Mobilheime verf\u00fcgen \u00fcber ger\u00e4umige Zimmer, eine halb \u00fcberdachte Terrasse, Klimaanlage und Geschirrsp\u00fcler f\u00fcr optimalen Komfort.  <\/p><p    >Die Anh\u00e4nger des traditionellen Campings k\u00f6nnen ihr <strong>Zelt,<\/strong> ihren <strong>Wohnwagen oder ihr Wohnmobil<\/strong> auf ger\u00e4umigen, schattigen und abgegrenzten Stellpl\u00e4tzen aufstellen. F\u00fcr einen<strong> ungew\u00f6hnlichen<\/strong> und authentischen<strong> Aufenthalt<\/strong> k\u00f6nnen Sie ein Lodge-Zelt f\u00fcr bis zu 5 Personen buchen, ein guter Kompromiss zwischen Zelt und Mobilheim (halb \u00fcberdachte Terrasse, K\u00fcche und Wohnzimmer, 2 Schlafzimmer, ohne private Sanit\u00e4ranlagen). <\/p><div class=\"buttons\"><a href=\"https:\/\/www.campingceyreste.com\/de\/vermietung-mobilheim-cassis\/\" rel=\"noreferrer noopener\" rel=\"noreferrer noopener\" class=\"buttons__btn\">Mietwohnungen<\/a><\/div><\/div><div class=\"columns__item\" style=\"align-self:center;\"><div class=\"gallery\"><figure class=\"gallery__item\"><picture><source srcset=\"https:\/\/www.campingceyreste.com\/wp-content\/uploads\/2025\/11\/alentours-AdobeStock_612107946-420x280.webp\" media=\"(max-width: 210px)\"><source srcset=\"https:\/\/www.campingceyreste.com\/wp-content\/uploads\/2025\/11\/alentours-AdobeStock_612107946-850x567.webp\" media=\"(max-width: 420px)\"><source srcset=\"https:\/\/www.campingceyreste.com\/wp-content\/uploads\/2025\/11\/alentours-AdobeStock_612107946-768x512.webp\" media=\"(max-width: 850px)\"><source srcset=\"https:\/\/www.campingceyreste.com\/wp-content\/uploads\/2025\/11\/alentours-AdobeStock_612107946-1024x683.webp\" media=\"(max-width: 1024px)\"><source srcset=\"https:\/\/www.campingceyreste.com\/wp-content\/uploads\/2025\/11\/alentours-AdobeStock_612107946.webp\" media=\"(min-width: 1025px)\"><img decoding=\"async\" src=\"https:\/\/www.campingceyreste.com\/wp-content\/uploads\/2025\/11\/alentours-AdobeStock_612107946-420x280.webp\" width=\"420\" height=\"210\" alt=\"camping la ciotat calanques\" loading=\"lazy\" title=\"\"><\/picture><\/figure><\/div><\/div><\/div>\n\n\n<div style=\"height:4rem\" aria-hidden=\"true\" class=\"wp-block-spacer hide-mob\"><\/div>\n\n\n<div class=\"columns boxage\"><div class=\"columns__item\"><h2 class=\"h2\">H\u00e4ufig gestellte Fragen zu Ihrem Campingurlaub im Departement Bouches du Rh\u00f4ne<\/h2><p    ><strong>Warum sollten Sie einen Campingplatz im Departement Bouches-du-Rh\u00f4ne w\u00e4hlen?<\/strong><\/p><p    >Unser Departement bietet eine idyllische Umgebung <strong>zwischen dem Mittelmeer und der Natur<\/strong> mit unumg\u00e4nglichen Orten wie den <strong>Calanques de Cassis, der Camargue und den Alpilles<\/strong>. Ein gut gelegener Campingplatz bietet Ihnen die M\u00f6glichkeit, sowohl die Mittelmeerstr\u00e4nde als auch die typischen Landschaften der <strong>Provence<\/strong> zu genie\u00dfen. <\/p><p    ><strong>Was sind die besten Orte zum Campen in Bouches-du-Rh\u00f4ne?<\/strong><\/p><p    >Zu den beliebtesten Reisezielen geh\u00f6ren <strong>La Ciotat, Cassis, Marseille und Aix-en-Provence<\/strong>. Jeder Ort bietet ein einzigartiges Erlebnis zwischen Entspannung am Meer und der Entdeckung des provenzalischen Erbes. <\/p><\/div><div class=\"columns__item\"><p    ><strong>Welche Aktivit\u00e4ten k\u00f6nnen Sie auf einem Campingplatz in Bouches-du-Rh\u00f4ne aus\u00fcben?<\/strong><\/p><p    >Genie\u00dfen Sie <strong>Wanderungen <\/strong>in den Calanques, <strong>Wassersport<\/strong> an den Str\u00e4nden, die <strong>provenzalischen M\u00e4rkte<\/strong> und kulturelle Besichtigungen in Arles und Aix-en-Provence.<\/p><p    ><strong>Welche Arten von Unterk\u00fcnften gibt es auf einem Campingplatz in Bouches-du-Rh\u00f4ne?<\/strong><\/p><p    >Die Campingpl\u00e4tze bieten voll ausgestattete Mobilheime, Stellpl\u00e4tze f\u00fcr Zelte und Wohnmobile, sowie ungew\u00f6hnliche Unterk\u00fcnfte wie Lodge-Zelte f\u00fcr ein Naturerlebnis.<\/p><p    ><strong>Wann ist die beste Zeit f\u00fcr einen Campingurlaub im Departement Bouches-du-Rh\u00f4ne?<\/strong><\/p><p    >Die ideale Reisezeit ist <strong>von April bis Oktober<\/strong>, mit einem milden und sonnigen Klima. Der Sommer ist perfekt f\u00fcr Strand und Unterhaltung, w\u00e4hrend Fr\u00fchling und Herbst eine friedlichere Umgebung f\u00fcr die Erkundung der Region bieten. <\/p><\/div><\/div>","protected":false},"excerpt":{"rendered":"<p>Aufenthalt auf einem Campingplatz im Departement Bouches du Rh\u00f4ne Buchen Sie Ihren Campingurlaub in Bouches-du-Rh\u00f4ne, einem der sonnigsten Departements Frankreichs! Der 4-Sterne-Campingplatz Le Ceyreste mit Wasserpark ist ideal gelegen, um alle Reicht\u00fcmer dieser Region der Provence-Alpes-C\u00f4te d&#8217;Azur zu entdecken. Entdecken Sie das Departement Bouches-du-Rh\u00f4ne bei einem Aufenthalt auf einem Campingplatz. Bouches du Rh\u00f4ne bietet eine [&hellip;]<\/p>\n","protected":false},"author":1,"featured_media":0,"parent":0,"menu_order":0,"comment_status":"closed","ping_status":"closed","template":"","meta":{"_acf_changed":false,"footnotes":""},"acf":[],"_links":{"self":[{"href":"https:\/\/www.campingceyreste.com\/de\/wp-json\/wp\/v2\/pages\/37466"}],"collection":[{"href":"https:\/\/www.campingceyreste.com\/de\/wp-json\/wp\/v2\/pages"}],"about":[{"href":"https:\/\/www.campingceyreste.com\/de\/wp-json\/wp\/v2\/types\/page"}],"author":[{"embeddable":true,"href":"https:\/\/www.campingceyreste.com\/de\/wp-json\/wp\/v2\/users\/1"}],"replies":[{"embeddable":true,"href":"https:\/\/www.campingceyreste.com\/de\/wp-json\/wp\/v2\/comments?post=37466"}],"version-history":[{"count":5,"href":"https:\/\/www.campingceyreste.com\/de\/wp-json\/wp\/v2\/pages\/37466\/revisions"}],"predecessor-version":[{"id":63511,"href":"https:\/\/www.campingceyreste.com\/de\/wp-json\/wp\/v2\/pages\/37466\/revisions\/63511"}],"wp:attachment":[{"href":"https:\/\/www.campingceyreste.com\/de\/wp-json\/wp\/v2\/media?parent=37466"}],"curies":[{"name":"wp","href":"https:\/\/api.w.org\/{rel}","templated":true}]}}