{"id":37496,"date":"2025-10-24T14:19:17","date_gmt":"2025-10-24T12:19:17","guid":{"rendered":"https:\/\/www.campingceyreste.com\/swimmingpool\/"},"modified":"2026-02-16T15:34:52","modified_gmt":"2026-02-16T14:34:52","slug":"swimmingpool","status":"publish","type":"page","link":"https:\/\/www.campingceyreste.com\/de\/swimmingpool\/","title":{"rendered":".Piscine"},"content":{"rendered":"<div class=\"diaporama-header align-full\"><div class=\"gallery\"><figure class=\"gallery__item\"><picture><source srcset=\"https:\/\/www.campingceyreste.com\/wp-content\/uploads\/2025\/11\/piscine-piscine-2-420x280.webp\" media=\"(max-width: 210px)\"><source srcset=\"https:\/\/www.campingceyreste.com\/wp-content\/uploads\/2025\/11\/piscine-piscine-2-850x567.webp\" media=\"(max-width: 420px)\"><source srcset=\"https:\/\/www.campingceyreste.com\/wp-content\/uploads\/2025\/11\/piscine-piscine-2-768x512.webp\" media=\"(max-width: 850px)\"><source srcset=\"https:\/\/www.campingceyreste.com\/wp-content\/uploads\/2025\/11\/piscine-piscine-2-1024x683.webp\" media=\"(max-width: 1024px)\"><source srcset=\"https:\/\/www.campingceyreste.com\/wp-content\/uploads\/2025\/11\/piscine-piscine-2.webp\" media=\"(min-width: 1025px)\"><img loading=\"lazy\" decoding=\"async\" src=\"https:\/\/www.campingceyreste.com\/wp-content\/uploads\/2025\/11\/piscine-piscine-2-420x280.webp\" width=\"420\" height=\"210\" alt=\"camping avec piscine \u00e0 cassis ceyreste\" title=\"\"><\/picture><\/figure><\/div><div class=\"diaporama-header__inner\"><h1 style=\"text-align: center;\">Campingplatz in Cassis mit Wasserpark und Schwimmbad<\/h1><\/div><\/div>\n\n<div class=\"group text-header\"><p class=\"mini\" style=\"text-align: left;\" id=\"250\" >F\u00fcr Ihren<strong> Urlaub im Departement Bouches du Rh\u00f4ne<\/strong>, zwischen Marseille und <a href=\"https:\/\/www.campingceyreste.com\/de\/alentours\/la-ciotat\/\" data-type=\"alentours\" data-id=\"250\">La Ciotat<\/a>, w\u00e4hlen Sie Ceyreste in <a href=\"https:\/\/www.campingceyreste.com\/de\/alentours\/cassis\/\" data-type=\"link\" data-id=\"https:\/\/www.campingceyreste.com\/de\/alentours\/cassis\/\">der N\u00e4he von Cassis<\/a>. Bleiben Sie mit Ihrer Familie oder mit Freunden auf <strong>unserem Campingplatz in der N\u00e4he von Cassis mit Schwimmbad,<\/strong> das Sie zu Spiel und Entspannung einl\u00e4dt. Genie\u00dfen Sie unseren Wasserpark mit Rutsche, Planschbecken und Infinity-Pool mit Blick auf die Bucht von La Ciotat und Ceyreste.<\/p><p class=\"center\" style=\"text-align: center;color: var(--bleu);\"  ><strong>Das Tragen von Shorts oder Bermudas ist verboten. Badeslips sind obligatorisch. <\/strong><\/p><div class=\"lireplus fc-desk\"><p class=\"center\" style=\"text-align: center;\"  >Lesen Sie mehr<\/p><div class=\"group\"><p class=\"mini\" style=\"text-align: left;\"  >Genie\u00dfen Sie die Sonne rund um den Pool des Campingplatzes in Ceyreste f\u00fcr einen entspannten Nachmittag und Wellness. Wir empfehlen Ihnen, auf den Sonnenliegen ein Badetuch zu benutzen. Der Badeslip ist obligatorisch. Halten Sie sich an die Hausordnung, die am Eingang des Wasserparks aush\u00e4ngt.   <\/p><\/div><\/div><\/div>\n\n<p class=\"wording fade-up align-full center\" style=\"text-align: center;\"  >Unvergesslicher Urlaub<\/p>\n\n<div class=\"group sec-05\" data-fc=\"\"><div class=\"group\"><div class=\"columns\"><div class=\"columns__item card-text\"><h2 style=\"color: var(--vert);\">Campingplatz in der N\u00e4he von Cassis mit Schwimmbad und Rutsche<\/h2><p    >Zum Vergn\u00fcgen der Kinder und der ganzen Familie besteht unser Wasserpark in der N\u00e4he von Cassis aus :<\/p><ul><li><strong>Ein \u00dcberlaufbecken<\/strong> mit beheiztem Pool von 170m\u00b2;\n<\/li><li><strong>Ein Planschbecken<\/strong> mit einer Fl\u00e4che von 20m\u00b2;\n<\/li><li><strong>Ein gro\u00dfes<\/strong> beheiztes <strong>Becken<\/strong> von 190 m\u00b2;\n<\/li><li><strong>Ein<\/strong> 100m\u00b2 gro\u00dfer <strong>Wasserspielplatz<\/strong>, der von Mai bis September ge\u00f6ffnet ist;\n<\/li><li><strong>Eine mehrspurige Rutsche<\/strong>, die von Anfang Mai bis Mitte September ge\u00f6ffnet ist.\n<\/li><\/ul><div class=\"lireplus fc-mob\"><p    >Lesen Sie mehr<\/p><div class=\"group\"><p    >Der <strong>Wasserpark ist von April bis September ge\u00f6ffnet<\/strong>, die <strong>Becken sind<\/strong> je nach Wetterlage zwischen 23\u00b0 und 30\u00b0 <strong>beheizt<\/strong>. <strong>Im Oktober wird ein Becken je nach Wetterbedingungen ge\u00f6ffnet.<\/strong><\/p><\/div><\/div><\/div><div class=\"columns__item\"><figure style=\"position:relative;\"><picture><source srcset=\"https:\/\/www.campingceyreste.com\/wp-content\/uploads\/2025\/11\/piscine-20230425_1229550-1024x768-1-420x315.webp\" media=\"(max-width: 210px)\"><source srcset=\"https:\/\/www.campingceyreste.com\/wp-content\/uploads\/2025\/11\/piscine-20230425_1229550-1024x768-1-850x638.webp\" media=\"(max-width: 420px)\"><source srcset=\"https:\/\/www.campingceyreste.com\/wp-content\/uploads\/2025\/11\/piscine-20230425_1229550-1024x768-1-768x576.webp\" media=\"(max-width: 850px)\"><source srcset=\"https:\/\/www.campingceyreste.com\/wp-content\/uploads\/2025\/11\/piscine-20230425_1229550-1024x768-1.webp\" media=\"(max-width: 1024px)\"><source srcset=\"https:\/\/www.campingceyreste.com\/wp-content\/uploads\/2025\/11\/piscine-20230425_1229550-1024x768-1.webp\" media=\"(min-width: 1025px)\"><img decoding=\"async\" src=\"https:\/\/www.campingceyreste.com\/wp-content\/uploads\/2025\/11\/piscine-20230425_1229550-1024x768-1-420x315.webp\" width=\"420\" height=\"210\" alt=\"camping avec piscine \u00e0 cassis\" loading=\"lazy\" title=\"\"><\/picture><figcaption>Mehrere Teiche<\/figcaption><\/figure><\/div><div class=\"columns__item\"><figure style=\"position:relative;\"><picture><source srcset=\"https:\/\/www.campingceyreste.com\/wp-content\/uploads\/2025\/11\/piscine-ceyreste-aerien-7-420x236.webp\" media=\"(max-width: 210px)\"><source srcset=\"https:\/\/www.campingceyreste.com\/wp-content\/uploads\/2025\/11\/piscine-ceyreste-aerien-7-850x478.webp\" media=\"(max-width: 420px)\"><source srcset=\"https:\/\/www.campingceyreste.com\/wp-content\/uploads\/2025\/11\/piscine-ceyreste-aerien-7-768x432.webp\" media=\"(max-width: 850px)\"><source srcset=\"https:\/\/www.campingceyreste.com\/wp-content\/uploads\/2025\/11\/piscine-ceyreste-aerien-7-1024x576.webp\" media=\"(max-width: 1024px)\"><source srcset=\"https:\/\/www.campingceyreste.com\/wp-content\/uploads\/2025\/11\/piscine-ceyreste-aerien-7.webp\" media=\"(min-width: 1025px)\"><img decoding=\"async\" src=\"https:\/\/www.campingceyreste.com\/wp-content\/uploads\/2025\/11\/piscine-ceyreste-aerien-7-420x236.webp\" width=\"420\" height=\"210\" alt=\"camping piscine toboggan provence\" loading=\"lazy\" title=\"\"><\/picture><figcaption>Verschiedene Spiele<\/figcaption><\/figure><\/div><\/div><\/div><div class=\"group mini\"><h2 style=\"text-align: center;color: var(--bleu);\">Tauchen Sie ein in den Wasserpark des Campingplatzes in der N\u00e4he von La Ciotat.<\/h2><p  style=\"text-align: left;color: var(--texte);\"  >Unser <strong>Campingplatz in Cassis mit Wasserpark<\/strong> verf\u00fcgt \u00fcber eine breite Palette an Einrichtungen, die f\u00fcr jeden etwas bieten. Beheizter Au\u00dfenpool, Wasserrutschen und Wasserspielplatz sind nur einige der Vorteile, die Sie hier genie\u00dfen k\u00f6nnen. <\/p><p  style=\"text-align: left;color: var(--texte);\"  >Die Eltern k\u00f6nnen im gro\u00dfen Pool <strong>baden <\/strong><strong>,<\/strong> w\u00e4hrend die Kinder mit <strong>den Wasserspielen spielen<\/strong> k\u00f6nnen.<\/p><div class=\"lireplus fc-desk\"><p class=\"center\" style=\"text-align: center;color: var(--texte);\"  >Lesen Sie mehr<\/p><div class=\"group\"><p  style=\"text-align: left;color: var(--texte);\" id=\"gid_0\" >M\u00f6chten Sie lieber faulenzen? Nutzen Sie die <g id=\"gid_0\">Entspannungsbereiche<\/g> rund um die Becken, mit den <g id=\"gid_1\">Liegest\u00fchlen <\/g>und Sonnenschirmen k\u00f6nnen Sie sich in der Sonne entspannen oder ein gutes Buch lesen. Jeder findet seine Lieblingsbesch\u00e4ftigung <strong>am Pool<\/strong> zwischen Spielen im Wasser, Faulenzen in der Sonne oder Rutschen f\u00fcr den Nervenkitzel.  <\/p><p  style=\"text-align: left;color: var(--texte);\"  >Und wenn Sie das Meer bevorzugen, ist das Mittelmeer nur wenige Kilometer vom Campingplatz entfernt mit seinen<strong> sch\u00f6nen Sandstr\u00e4nden<\/strong>, dem t\u00fcrkisfarbenen Wasser und der herrlichen Landschaft der Calanques zwischen <strong>Marseille <\/strong>und <strong>Cassis<\/strong>. Nutzen Sie Ihren <strong>Familienurlaub<\/strong>, um die Region Paca in einer privilegierten Umgebung im Herzen der Natur zu entdecken. <\/p><\/div><\/div><\/div><\/div>\n\n<div class=\"cover bleu-beige align-full\"><picture class=\"cover__img\"><source srcset=\"https:\/\/www.campingceyreste.com\/wp-content\/uploads\/2025\/11\/piscine-20230726_122757-2048x1536-1-420x315.webp\" media=\"(max-width: 210px)\"><source srcset=\"https:\/\/www.campingceyreste.com\/wp-content\/uploads\/2025\/11\/piscine-20230726_122757-2048x1536-1-850x638.webp\" media=\"(max-width: 420px)\"><source srcset=\"https:\/\/www.campingceyreste.com\/wp-content\/uploads\/2025\/11\/piscine-20230726_122757-2048x1536-1-768x576.webp\" media=\"(max-width: 850px)\"><source srcset=\"https:\/\/www.campingceyreste.com\/wp-content\/uploads\/2025\/11\/piscine-20230726_122757-2048x1536-1-1024x768.webp\" media=\"(max-width: 1024px)\"><source srcset=\"https:\/\/www.campingceyreste.com\/wp-content\/uploads\/2025\/11\/piscine-20230726_122757-2048x1536-1.webp\" media=\"(min-width: 1025px)\"><img decoding=\"async\" src=\"https:\/\/www.campingceyreste.com\/wp-content\/uploads\/2025\/11\/piscine-20230726_122757-2048x1536-1-420x315.webp\" width=\"420\" height=\"210\" alt=\"camping piscine toboggan cassis\" loading=\"lazy\" title=\"\"><\/picture><div class=\"cover__inner\"><p class=\"center\" style=\"text-align: center;\"  ><\/p><\/div><\/div>\n\n<div class=\"cover sec-10 align-full\"><span style=\"filter: opacity(50%); background-color:var(--#f4f8f8);\"><\/span><picture class=\"cover__img\"><source srcset=\"https:\/\/www.campingceyreste.com\/wp-content\/uploads\/2025\/10\/texture_eau-420x382.jpg.webp\" media=\"(max-width: 210px)\"><source srcset=\"https:\/\/www.campingceyreste.com\/wp-content\/uploads\/2025\/10\/texture_eau-850x774.jpg.webp\" media=\"(max-width: 420px)\"><source srcset=\"https:\/\/www.campingceyreste.com\/wp-content\/uploads\/2025\/10\/texture_eau-768x699.jpg.webp\" media=\"(max-width: 850px)\"><source srcset=\"https:\/\/www.campingceyreste.com\/wp-content\/uploads\/2025\/10\/texture_eau-1024x932.jpg.webp\" media=\"(max-width: 1024px)\"><source srcset=\"https:\/\/www.campingceyreste.com\/wp-content\/uploads\/2025\/10\/texture_eau.jpg.webp\" media=\"(min-width: 1025px)\"><img decoding=\"async\" src=\"https:\/\/www.campingceyreste.com\/wp-content\/uploads\/2025\/10\/texture_eau-420x382.jpg.webp\" width=\"420\" height=\"210\" loading=\"lazy\" alt=\"\" title=\"\"><\/picture><div class=\"cover__inner\"><div class=\"group align-full\"><p class=\"wording fade-up center\" style=\"text-align: center;\"  >Wasserpark<\/p><div class=\"columns reverse-mob\" style=\"align-items:center;\"><div class=\"columns__item\" style=\"align-self:center;\"><div class=\"gallery fade-left col-1\"><figure class=\"gallery__item ratio\"><picture><source srcset=\"https:\/\/www.campingceyreste.com\/wp-content\/uploads\/2025\/11\/piscine-20230726_120936-2048x1536-1-420x315.webp\" media=\"(max-width: 210px)\"><source srcset=\"https:\/\/www.campingceyreste.com\/wp-content\/uploads\/2025\/11\/piscine-20230726_120936-2048x1536-1-850x638.webp\" media=\"(max-width: 420px)\"><source srcset=\"https:\/\/www.campingceyreste.com\/wp-content\/uploads\/2025\/11\/piscine-20230726_120936-2048x1536-1-768x576.webp\" media=\"(max-width: 850px)\"><source srcset=\"https:\/\/www.campingceyreste.com\/wp-content\/uploads\/2025\/11\/piscine-20230726_120936-2048x1536-1-1024x768.webp\" media=\"(max-width: 1024px)\"><source srcset=\"https:\/\/www.campingceyreste.com\/wp-content\/uploads\/2025\/11\/piscine-20230726_120936-2048x1536-1.webp\" media=\"(min-width: 1025px)\"><img decoding=\"async\" src=\"https:\/\/www.campingceyreste.com\/wp-content\/uploads\/2025\/11\/piscine-20230726_120936-2048x1536-1-420x315.webp\" width=\"420\" height=\"210\" alt=\"camping piscine toboggan provence\" loading=\"lazy\" title=\"\"><\/picture><\/figure><\/div><\/div><div class=\"columns__item fade-up\" style=\"align-self:center;\"><h2 style=\"color: var(--bleu);\">Die Animation des Schwimmbads in Bouches-du-Rh\u00f4ne<\/h2><p    >Unser 4-Sterne-Campingplatz in Cassis bietet im Juli und August Wassersportaktivit\u00e4ten f\u00fcr die ganze Familie mit Anmeldung im B\u00fcro:<\/p><ul><li><strong>Aquafun-Kurse<\/strong> f\u00fcr spielerische und sportliche Aktivit\u00e4ten,\n<\/li><li><strong>Einf\u00fchrung in Aquabike<\/strong>, eine innovative und erfrischende Art, Rad zu fahren und dabei die Vorteile des Wassers zu genie\u00dfen.\n<\/li><\/ul><p    >Nutzen Sie in Ihrem Urlaub in <strong>Bouches-du-Rh\u00f4ne<\/strong> den Pool und die Animationen, um sich zu entspannen, eine neue Aktivit\u00e4t im Wasser zu entdecken und sich k\u00f6rperlich zu bet\u00e4tigen. Das Niveau ist f\u00fcr alle geeignet und erm\u00f6glicht es Ihnen, das Herz-Kreislauf-System zu verbessern, die Muskeln zu st\u00e4rken und die Flexibilit\u00e4t zu erh\u00f6hen. <\/p><div class=\"lireplus fc-desk\"><p    >Lesen Sie mehr<\/p><div class=\"group\"><p   id=\"https:\/\/www.campingceyreste.com\/de\/vermietung-mobilheim-cassis\/\" >Unser <strong>Campingplatz mit Schwimmbad in der N\u00e4he von Cassis und La Ciotat <\/strong>ist ideal f\u00fcr Familien mit Kindern, die in einem <a href=\"https:\/\/www.campingceyreste.com\/de\/vermietung-mobilheim-cassis\/\" data-type=\"link\" data-id=\"https:\/\/www.campingceyreste.com\/de\/vermietung-mobilheim-cassis\/\">Mobilheim<\/a> in der <strong>Provence Alpes C\u00f4te d&#8217;Azur<\/strong> \u00fcbernachten m\u00f6chten. Mit einer <a href=\"https:\/\/www.campingceyreste.com\/de\/ferienhaus-la-ciotat\/\" data-type=\"page\" data-id=\"308\" target=\"_blank\" rel=\"noreferrer noopener\">Ferienunterkunft in La Ciotat<\/a> sind Sie in der N\u00e4he von Cassis, Marseille und dem Nationalpark Calanques.<\/p><\/div><\/div><\/div><\/div>\n<div style=\"height:6rem\" aria-hidden=\"true\" class=\"wp-block-spacer hide-mob\"><\/div>\n<div class=\"columns reverse-mob\" style=\"align-items:top;\"><div class=\"columns__item fade-up\" style=\"align-self:flex-start;\"><h3 class=\"hide-mob\">\u00d6ffnungszeiten des Swimmingpools im Juli und August<\/h3><div class=\"lireplus fc-mob\"><p class=\"h5\"   >\u00d6ffnungszeiten des Swimmingpools im Juli und August<\/p><div class=\"group\"><ul><li>Das <strong>Schwimmbad <\/strong>ist von 10.00 bis 20.00 Uhr ge\u00f6ffnet. Baden unter Aufsicht, Minderj\u00e4hrige sind unter der Verantwortung ihrer Eltern. \n<\/li><li>Die <strong>Rutsche <\/strong>ist von 10.00 bis 12.00 Uhr und von 14.00 bis 20.00 Uhr ge\u00f6ffnet. Unbeaufsichtigt, Minderj\u00e4hrige sind unter der Verantwortung ihrer Eltern. \n<\/li><li>Ein <strong>Becken <\/strong>ist nur zwischen 12.00 und 14.00 Uhr f\u00fcr Aktivit\u00e4ten wie Aquabiking reserviert, um die Teilnehmer nicht zu st\u00f6ren.\n<\/li><\/ul><\/div><\/div><\/div><div class=\"columns__item fade-up\" style=\"align-self:flex-start;\"><h3 class=\"hide-mob\">\u00d6ffnungszeiten des Swimmingpools in der Nebensaison<\/h3><div class=\"lireplus fc-mob\"><p class=\"h5\"   >\u00d6ffnungszeiten des Swimmingpools in der Nebensaison<\/p><div class=\"group\"><ul><li>Der <strong>Swimmingpool <\/strong>ist von 10:00 bis 18:00 Uhr ge\u00f6ffnet.\n<\/li><li>Die <strong>Rutsche <\/strong>ist von 10.30 bis 12.00 Uhr und von 14.00 bis 18.00 Uhr ge\u00f6ffnet.\n<\/li><\/ul><p    >Aus hygienischen Gr\u00fcnden empfiehlt und informiert Sie der Campingplatz Ceyreste, dass Sie vor dem Schwimmen im Pool das Fu\u00dfbad und die Dusche benutzen m\u00fcssen.<\/p><\/div><\/div><\/div><\/div>\n<div style=\"height:6rem\" aria-hidden=\"true\" class=\"wp-block-spacer hide-mob\"><\/div>\n<div class=\"columns marge-bottom\" style=\"align-items:center;\"><div class=\"columns__item fade-up\" style=\"align-self:center;\"><h2 style=\"text-align: left;color: var(--orange);\">Unser Campingplatz in Bouches-du-Rh\u00f4ne mit Wasserpark, in Bildern<\/h2><p  style=\"text-align: left;\"  >Nichts geht \u00fcber Bilder, um unseren <strong>Campingplatz mit Wasserpark im Departement Bouches-du-Rh\u00f4ne<\/strong> besser kennen zu lernen. Tauchen Sie virtuell in die Atmosph\u00e4re unserer Anlage ein, wo die Fotos die Pracht des Wasserparks mit seinen glitzernden Pools, der Rutsche und dem Entspannungsbereich einfangen. <\/p><p  style=\"text-align: left;\" id=\"251\" >Besuchen Sie einen <a href=\"https:\/\/www.campingceyreste.com\/de\/alentours\/marseille\/\" data-type=\"alentours\" data-id=\"251\">Campingplatz in der N\u00e4he von Marseille<\/a> und genie\u00dfen Sie die <strong>zahlreichen Aktivit\u00e4ten<\/strong> und den <strong>4-Sterne-Service <\/strong>sowie unsere <strong>Ferienunterk\u00fcnfte<\/strong> in Mobilheimen oder auf Campingpl\u00e4tzen f\u00fcr Zelte, Wohnwagen und Wohnmobile.<\/p><div class=\"buttons display-flex \" style=\"justify-content:center;\"><a href=\"https:\/\/www.campingceyreste.com\/de\/fotogalerie\/\" rel=\"noreferrer noopener\" rel=\"noreferrer noopener\" class=\"buttons__btn\" style=\"color:var(--orange);\">Fotogalerie<\/a><\/div><\/div><div class=\"columns__item hide-mob\" style=\"align-self:center;\"><div class=\"gallery fade-left col-4 f-carousel fc-diapo\" data-fancybox=\"gallery\"><figure class=\"gallery__item\"><picture><source srcset=\"https:\/\/www.campingceyreste.com\/wp-content\/uploads\/2025\/11\/piscine-2020_PEAC_CEYRESTE_A5\u00a9CRESPEAU-0795-420x172.webp\" media=\"(max-width: 210px)\"><source srcset=\"https:\/\/www.campingceyreste.com\/wp-content\/uploads\/2025\/11\/piscine-2020_PEAC_CEYRESTE_A5\u00a9CRESPEAU-0795-850x347.webp\" media=\"(max-width: 420px)\"><source srcset=\"https:\/\/www.campingceyreste.com\/wp-content\/uploads\/2025\/11\/piscine-2020_PEAC_CEYRESTE_A5\u00a9CRESPEAU-0795-768x314.webp\" media=\"(max-width: 850px)\"><source srcset=\"https:\/\/www.campingceyreste.com\/wp-content\/uploads\/2025\/11\/piscine-2020_PEAC_CEYRESTE_A5\u00a9CRESPEAU-0795-1024x418.webp\" media=\"(max-width: 1024px)\"><source srcset=\"https:\/\/www.campingceyreste.com\/wp-content\/uploads\/2025\/11\/piscine-2020_PEAC_CEYRESTE_A5\u00a9CRESPEAU-0795.webp\" media=\"(min-width: 1025px)\"><img decoding=\"async\" src=\"https:\/\/www.campingceyreste.com\/wp-content\/uploads\/2025\/11\/piscine-2020_PEAC_CEYRESTE_A5\u00a9CRESPEAU-0795-420x172.webp\" width=\"420\" height=\"210\" alt=\"camping piscine toboggan \u00e0 cassis\" loading=\"lazy\" title=\"\"><\/picture><\/figure><figure class=\"gallery__item\"><picture><source srcset=\"https:\/\/www.campingceyreste.com\/wp-content\/uploads\/2025\/11\/piscine-20220705_120409-1024x768-1-420x315.webp\" media=\"(max-width: 210px)\"><source srcset=\"https:\/\/www.campingceyreste.com\/wp-content\/uploads\/2025\/11\/piscine-20220705_120409-1024x768-1-850x638.webp\" media=\"(max-width: 420px)\"><source srcset=\"https:\/\/www.campingceyreste.com\/wp-content\/uploads\/2025\/11\/piscine-20220705_120409-1024x768-1-768x576.webp\" media=\"(max-width: 850px)\"><source srcset=\"https:\/\/www.campingceyreste.com\/wp-content\/uploads\/2025\/11\/piscine-20220705_120409-1024x768-1.webp\" media=\"(max-width: 1024px)\"><source srcset=\"https:\/\/www.campingceyreste.com\/wp-content\/uploads\/2025\/11\/piscine-20220705_120409-1024x768-1.webp\" media=\"(min-width: 1025px)\"><img decoding=\"async\" src=\"https:\/\/www.campingceyreste.com\/wp-content\/uploads\/2025\/11\/piscine-20220705_120409-1024x768-1-420x315.webp\" width=\"420\" height=\"210\" alt=\"camping piscine toboggan proche cassis\" loading=\"lazy\" title=\"\"><\/picture><\/figure><figure class=\"gallery__item\"><picture><source srcset=\"https:\/\/www.campingceyreste.com\/wp-content\/uploads\/2025\/11\/piscine-20220729_174615-2048x1536-1-420x315.webp\" media=\"(max-width: 210px)\"><source srcset=\"https:\/\/www.campingceyreste.com\/wp-content\/uploads\/2025\/11\/piscine-20220729_174615-2048x1536-1-850x638.webp\" media=\"(max-width: 420px)\"><source srcset=\"https:\/\/www.campingceyreste.com\/wp-content\/uploads\/2025\/11\/piscine-20220729_174615-2048x1536-1-768x576.webp\" media=\"(max-width: 850px)\"><source srcset=\"https:\/\/www.campingceyreste.com\/wp-content\/uploads\/2025\/11\/piscine-20220729_174615-2048x1536-1-1024x768.webp\" media=\"(max-width: 1024px)\"><source srcset=\"https:\/\/www.campingceyreste.com\/wp-content\/uploads\/2025\/11\/piscine-20220729_174615-2048x1536-1.webp\" media=\"(min-width: 1025px)\"><img decoding=\"async\" src=\"https:\/\/www.campingceyreste.com\/wp-content\/uploads\/2025\/11\/piscine-20220729_174615-2048x1536-1-420x315.webp\" width=\"420\" height=\"210\" alt=\"camping piscine toboggan la ciotat\" loading=\"lazy\" title=\"\"><\/picture><\/figure><figure class=\"gallery__item\"><picture><source srcset=\"https:\/\/www.campingceyreste.com\/wp-content\/uploads\/2025\/11\/piscine-20220729_174846-2048x1536-1-420x315.webp\" media=\"(max-width: 210px)\"><source srcset=\"https:\/\/www.campingceyreste.com\/wp-content\/uploads\/2025\/11\/piscine-20220729_174846-2048x1536-1-850x638.webp\" media=\"(max-width: 420px)\"><source srcset=\"https:\/\/www.campingceyreste.com\/wp-content\/uploads\/2025\/11\/piscine-20220729_174846-2048x1536-1-768x576.webp\" media=\"(max-width: 850px)\"><source srcset=\"https:\/\/www.campingceyreste.com\/wp-content\/uploads\/2025\/11\/piscine-20220729_174846-2048x1536-1-1024x768.webp\" media=\"(max-width: 1024px)\"><source srcset=\"https:\/\/www.campingceyreste.com\/wp-content\/uploads\/2025\/11\/piscine-20220729_174846-2048x1536-1.webp\" media=\"(min-width: 1025px)\"><img decoding=\"async\" src=\"https:\/\/www.campingceyreste.com\/wp-content\/uploads\/2025\/11\/piscine-20220729_174846-2048x1536-1-420x315.webp\" width=\"420\" height=\"210\" alt=\"camping piscine toboggan cassis\" loading=\"lazy\" title=\"\"><\/picture><\/figure><\/div><\/div><\/div><\/div><\/div><\/div>\n\n\n<div style=\"height:6rem\" aria-hidden=\"true\" class=\"wp-block-spacer hide-mob\"><\/div>\n","protected":false},"excerpt":{"rendered":"<p>Campingplatz in Cassis mit Wasserpark und Schwimmbad F\u00fcr Ihren Urlaub im Departement Bouches du Rh\u00f4ne, zwischen Marseille und La Ciotat, w\u00e4hlen Sie Ceyreste in der N\u00e4he von Cassis. Bleiben Sie mit Ihrer Familie oder mit Freunden auf unserem Campingplatz in der N\u00e4he von Cassis mit Schwimmbad, das Sie zu Spiel und Entspannung einl\u00e4dt. Genie\u00dfen Sie [&hellip;]<\/p>\n","protected":false},"author":1,"featured_media":0,"parent":0,"menu_order":0,"comment_status":"closed","ping_status":"closed","template":"","meta":{"_acf_changed":false,"footnotes":""},"acf":[],"_links":{"self":[{"href":"https:\/\/www.campingceyreste.com\/de\/wp-json\/wp\/v2\/pages\/37496"}],"collection":[{"href":"https:\/\/www.campingceyreste.com\/de\/wp-json\/wp\/v2\/pages"}],"about":[{"href":"https:\/\/www.campingceyreste.com\/de\/wp-json\/wp\/v2\/types\/page"}],"author":[{"embeddable":true,"href":"https:\/\/www.campingceyreste.com\/de\/wp-json\/wp\/v2\/users\/1"}],"replies":[{"embeddable":true,"href":"https:\/\/www.campingceyreste.com\/de\/wp-json\/wp\/v2\/comments?post=37496"}],"version-history":[{"count":8,"href":"https:\/\/www.campingceyreste.com\/de\/wp-json\/wp\/v2\/pages\/37496\/revisions"}],"predecessor-version":[{"id":113067,"href":"https:\/\/www.campingceyreste.com\/de\/wp-json\/wp\/v2\/pages\/37496\/revisions\/113067"}],"wp:attachment":[{"href":"https:\/\/www.campingceyreste.com\/de\/wp-json\/wp\/v2\/media?parent=37496"}],"curies":[{"name":"wp","href":"https:\/\/api.w.org\/{rel}","templated":true}]}}