{"id":37503,"date":"2025-10-24T14:19:17","date_gmt":"2025-10-24T12:19:17","guid":{"rendered":"https:\/\/www.campingceyreste.com\/dienste\/"},"modified":"2026-01-12T11:57:02","modified_gmt":"2026-01-12T10:57:02","slug":"dienste","status":"publish","type":"page","link":"https:\/\/www.campingceyreste.com\/de\/dienste\/","title":{"rendered":"Services"},"content":{"rendered":"<div class=\"diaporama-header align-full\"><div class=\"gallery\"><figure class=\"gallery__item\"><picture><source srcset=\"https:\/\/www.campingceyreste.com\/wp-content\/uploads\/2025\/11\/20230408_134721-2-scaled-1-420x315.webp\" media=\"(max-width: 210px)\"><source srcset=\"https:\/\/www.campingceyreste.com\/wp-content\/uploads\/2025\/11\/20230408_134721-2-scaled-1-850x638.webp\" media=\"(max-width: 420px)\"><source srcset=\"https:\/\/www.campingceyreste.com\/wp-content\/uploads\/2025\/11\/20230408_134721-2-scaled-1-768x576.webp\" media=\"(max-width: 850px)\"><source srcset=\"https:\/\/www.campingceyreste.com\/wp-content\/uploads\/2025\/11\/20230408_134721-2-scaled-1-1024x768.webp\" media=\"(max-width: 1024px)\"><source srcset=\"https:\/\/www.campingceyreste.com\/wp-content\/uploads\/2025\/11\/20230408_134721-2-scaled-1.webp\" media=\"(min-width: 1025px)\"><img loading=\"lazy\" decoding=\"async\" src=\"https:\/\/www.campingceyreste.com\/wp-content\/uploads\/2025\/11\/20230408_134721-2-scaled-1-420x315.webp\" width=\"420\" height=\"210\" alt=\"\" title=\"\"><\/picture><\/figure><\/div><div class=\"diaporama-header__inner\"><h1 style=\"text-align: center;\">Die Dienstleistungen unseres 4-Sterne-Campingplatzes zwischen Cassis und La Ciotat<\/h1><\/div><\/div>\n\n<div class=\"group text-header\"><p class=\"mini\" style=\"text-align: left;\" id=\"https:\/\/www.campingceyreste.com\/de\/alentours\/cassis\/\" >Der 4-Sterne-Campingplatz liegt zwischen dem Golf<strong> von Cassis<\/strong> und dem <strong>Mittelmeer<\/strong> und ist der ideale Ort f\u00fcr einen ruhigen Urlaub zwischen <a href=\"https:\/\/www.campingceyreste.com\/de\/alentours\/cassis\/\" data-type=\"link\" data-id=\"https:\/\/www.campingceyreste.com\/de\/alentours\/cassis\/\">Cassis<\/a> und <a href=\"https:\/\/www.campingceyreste.com\/de\/alentours\/la-ciotat\/\" data-type=\"alentours\" data-id=\"250\">La Ciotat<\/a>. Genie\u00dfen Sie den Service des Campingplatzes mit dem neuen <strong>Restaurant<\/strong>, das 2023 er\u00f6ffnet wird, einem Lebensmittelgesch\u00e4ft, einem Brotladen, <strong>Kinderanimation <\/strong>und <strong>sportlichen Aktivit\u00e4ten<\/strong> im Juli und August.<\/p><div class=\"lireplus fc-desk\"><p class=\"center\" style=\"text-align: center;\"  >Lesen Sie mehr<\/p><div class=\"group\"><p class=\"mini\" style=\"text-align: left;\" id=\"gid_2\" >Unsere Anlage ist ideal in der N\u00e4he von <strong>Marseille<\/strong> gelegen, in einer gr\u00fcnen Umgebung und nicht weit vom <strong>Mittelmeer <\/strong>und seinen Sandstr\u00e4nden entfernt. Hier finden Sie einen <g id=\"gid_2\">Wasserpark<\/g> mit beheiztem Pool und <g id=\"gid_3\">viele 4-Sterne-Services<\/g>, um Ihren Familienurlaub so angenehm wie m\u00f6glich zu gestalten. Die Anlage bietet komfortable Unterk\u00fcnfte in Mobilheimen, Kenia-Zelten oder auf ger\u00e4umigen und abgegrenzten Campingpl\u00e4tzen.  <\/p><\/div><\/div><\/div>\n\n<p class=\"wording fade-up align-full center\" style=\"text-align: center;\"  >Komfort-Aufenthalt<\/p>\n\n<div class=\"group sec-05\" data-fc=\"\"><div class=\"group\"><div class=\"columns\"><div class=\"columns__item card-text\"><h2 style=\"color: var(--vert);\">Verpflegung auf dem Campingplatz in der N\u00e4he von Cassis<\/h2><p    >Genie\u00dfen Sie unser<strong> Restaurant<\/strong> mit einer <strong>gro\u00dfen Auswahl an Gerichten<\/strong>. Pizza, Hamburger, Salate, Muscheln mit Pommes frites sind einige der beliebten Gerichte in unserem Restaurant. Wir bieten auch Fisch oder Fleisch an. Hier findet jeder das passende Gericht f\u00fcr ein Essen mit der <strong>Familie<\/strong>.   <\/p><p    >Unsere Gerichte werden aus frischen Zutaten hergestellt und k\u00f6nnen jederzeit schnell zubereitet werden. Sie k\u00f6nnen Ihr Gericht <strong>vor Ort<\/strong> genie\u00dfen <strong>oder mitnehmen<\/strong>. <\/p><div class=\"lireplus fc-desk\"><p    >Lesen Sie mehr<\/p><div class=\"group\"><p    >Nutzen Sie auch den <strong>Barservice <\/strong>f\u00fcr einen Aperitif am Ende des Tages nach einem Tag am Pool. Wir bieten Ihnen eine gro\u00dfe Auswahl an Getr\u00e4nken und <strong>hausgemachten Cocktails<\/strong> und nat\u00fcrlich auch Desserts und Eis. <\/p><\/div><\/div><\/div><div class=\"columns__item\"><figure style=\"position:relative;\"><picture><source srcset=\"https:\/\/www.campingceyreste.com\/wp-content\/uploads\/2025\/11\/20230418_124513-scaled-1-420x315.webp\" media=\"(max-width: 210px)\"><source srcset=\"https:\/\/www.campingceyreste.com\/wp-content\/uploads\/2025\/11\/20230418_124513-scaled-1-850x638.webp\" media=\"(max-width: 420px)\"><source srcset=\"https:\/\/www.campingceyreste.com\/wp-content\/uploads\/2025\/11\/20230418_124513-scaled-1-768x576.webp\" media=\"(max-width: 850px)\"><source srcset=\"https:\/\/www.campingceyreste.com\/wp-content\/uploads\/2025\/11\/20230418_124513-scaled-1-1024x768.webp\" media=\"(max-width: 1024px)\"><source srcset=\"https:\/\/www.campingceyreste.com\/wp-content\/uploads\/2025\/11\/20230418_124513-scaled-1.webp\" media=\"(min-width: 1025px)\"><img decoding=\"async\" src=\"https:\/\/www.campingceyreste.com\/wp-content\/uploads\/2025\/11\/20230418_124513-scaled-1-420x315.webp\" width=\"420\" height=\"210\" loading=\"lazy\" alt=\"\" title=\"\"><\/picture><figcaption>Vor Ort &amp; zum Mitnehmen<\/figcaption><\/figure><\/div><div class=\"columns__item\"><figure style=\"position:relative;\"><picture><source srcset=\"https:\/\/www.campingceyreste.com\/wp-content\/uploads\/2025\/11\/terrasse-restaurant-420x315.jpg.webp\" media=\"(max-width: 210px)\"><source srcset=\"https:\/\/www.campingceyreste.com\/wp-content\/uploads\/2025\/11\/terrasse-restaurant-850x638.jpg.webp\" media=\"(max-width: 420px)\"><source srcset=\"https:\/\/www.campingceyreste.com\/wp-content\/uploads\/2025\/11\/terrasse-restaurant-768x576.jpg.webp\" media=\"(max-width: 850px)\"><source srcset=\"https:\/\/www.campingceyreste.com\/wp-content\/uploads\/2025\/11\/terrasse-restaurant-1024x768.jpg.webp\" media=\"(max-width: 1024px)\"><source srcset=\"https:\/\/www.campingceyreste.com\/wp-content\/uploads\/2025\/11\/terrasse-restaurant-scaled.jpg.webp\" media=\"(min-width: 1025px)\"><img decoding=\"async\" src=\"https:\/\/www.campingceyreste.com\/wp-content\/uploads\/2025\/11\/terrasse-restaurant-420x315.jpg.webp\" width=\"420\" height=\"210\" loading=\"lazy\" alt=\"\" title=\"\"><\/picture><figcaption>Benutzerfreundlichkeit<\/figcaption><\/figure><\/div><\/div><\/div><div class=\"group mini\"><h2 style=\"text-align: center;color: var(--bleu);\">Die Dienstleistungen des Campingplatzes in der Provence<\/h2><p  style=\"text-align: left;color: var(--texte);\"  >Nutzen Sie die zahlreichen Einrichtungen und Dienstleistungen, die f\u00fcr Ihren Komfort w\u00e4hrend Ihres Aufenthalts auf unserem Campingplatz in Cassis, im Herzen des Departements Bouches-du-Rh\u00f4ne, gedacht sind. Sie finden hier einen modernen Sanit\u00e4rblock mit beheizten Duschen, WC und Kabine f\u00fcr Behinderte, sowie Stromanschl\u00fcsse und praktische Bereiche f\u00fcr Ihren Alltag. Es gibt auch einen Waschsalon und einen B\u00fcgelraum.  <\/p><div class=\"lireplus fc-desk\"><p class=\"center\" style=\"text-align: center;color: var(--texte);\"  >Lesen Sie mehr<\/p><div class=\"group\"><p  style=\"text-align: left;color: var(--texte);\"  >Um Ihren Familienurlaub zu erleichtern, stellen wir Ihnen Babyausstattung (Kinderbett, Badewanne, Stuhl) und K\u00fchlboxen am Eingang des Campingplatzes zur Verf\u00fcgung. Es gibt auch einen Fitnessbereich im Freien, der f\u00fcr alle Camper zug\u00e4nglich ist, und sogar eine Hundewaschanlage f\u00fcr Ihre vierbeinigen Freunde. <\/p><p  style=\"text-align: left;color: var(--texte);\"  >Der Campingplatz bietet auch Wi-Fi, einen Verleih von Haartrocknern und B\u00fcgeleisen sowie einen Verleih von Gasgrills f\u00fcr Mahlzeiten im Freien.<\/p><p  style=\"text-align: left;color: var(--texte);\"  >F\u00fcr weitere Informationen \u00fcber die Dienstleistungen des Campingplatzes (Preise, Verf\u00fcgbarkeit&#8230;) wenden Sie sich bitte telefonisch oder per E-Mail an die Rezeption. Was die Sicherheit betrifft, ist der Campingplatz mit \u00dcberwachungskameras ausgestattet. In der Saison wacht ein Wachmann nachts \u00fcber Ihre Ruhe und steht bei Bedarf zur Verf\u00fcgung. In der Nebensaison ist ein Wachmann vor Ort, der f\u00fcr einen kontinuierlichen Service und Ihre Ruhe sorgt.   <\/p><\/div><\/div><\/div><\/div>\n\n<div class=\"cover bleu-beige align-full\"><picture class=\"cover__img\"><source srcset=\"https:\/\/www.campingceyreste.com\/wp-content\/uploads\/2025\/10\/larg_img-420x190.jpg.webp\" media=\"(max-width: 210px)\"><source srcset=\"https:\/\/www.campingceyreste.com\/wp-content\/uploads\/2025\/10\/larg_img-850x384.jpg.webp\" media=\"(max-width: 420px)\"><source srcset=\"https:\/\/www.campingceyreste.com\/wp-content\/uploads\/2025\/10\/larg_img-768x347.jpg.webp\" media=\"(max-width: 850px)\"><source srcset=\"https:\/\/www.campingceyreste.com\/wp-content\/uploads\/2025\/10\/larg_img-1024x462.jpg.webp\" media=\"(max-width: 1024px)\"><source srcset=\"https:\/\/www.campingceyreste.com\/wp-content\/uploads\/2025\/10\/larg_img.jpg.webp\" media=\"(min-width: 1025px)\"><img decoding=\"async\" src=\"https:\/\/www.campingceyreste.com\/wp-content\/uploads\/2025\/10\/larg_img-420x190.jpg.webp\" width=\"420\" height=\"210\" alt=\"camping marseille emplacement tente\" loading=\"lazy\" title=\"\"><\/picture><div class=\"cover__inner\"><p class=\"center\" style=\"text-align: center;\"  ><\/p><\/div><\/div>\n\n<div class=\"cover sec-10 align-full\"><span style=\"filter: opacity(50%); background-color:var(--#f4f8f8);\"><\/span><picture class=\"cover__img\"><source srcset=\"https:\/\/www.campingceyreste.com\/wp-content\/uploads\/2025\/10\/texture_eau-420x382.jpg.webp\" media=\"(max-width: 210px)\"><source srcset=\"https:\/\/www.campingceyreste.com\/wp-content\/uploads\/2025\/10\/texture_eau-850x774.jpg.webp\" media=\"(max-width: 420px)\"><source srcset=\"https:\/\/www.campingceyreste.com\/wp-content\/uploads\/2025\/10\/texture_eau-768x699.jpg.webp\" media=\"(max-width: 850px)\"><source srcset=\"https:\/\/www.campingceyreste.com\/wp-content\/uploads\/2025\/10\/texture_eau-1024x932.jpg.webp\" media=\"(max-width: 1024px)\"><source srcset=\"https:\/\/www.campingceyreste.com\/wp-content\/uploads\/2025\/10\/texture_eau.jpg.webp\" media=\"(min-width: 1025px)\"><img decoding=\"async\" src=\"https:\/\/www.campingceyreste.com\/wp-content\/uploads\/2025\/10\/texture_eau-420x382.jpg.webp\" width=\"420\" height=\"210\" loading=\"lazy\" alt=\"\" title=\"\"><\/picture><div class=\"cover__inner\"><div class=\"group align-full\"><p class=\"wording fade-up center\" style=\"text-align: center;\"  >Blick auf La Ciotat<\/p><div class=\"columns reverse-mob\" style=\"align-items:center;\"><div class=\"columns__item\" style=\"align-self:center;\"><div class=\"gallery fade-left col-1\"><figure class=\"gallery__item ratio\"><picture><source srcset=\"https:\/\/www.campingceyreste.com\/wp-content\/uploads\/2025\/11\/borne-de-recharge-768x1024-1-315x420.webp\" media=\"(max-width: 210px)\"><source srcset=\"https:\/\/www.campingceyreste.com\/wp-content\/uploads\/2025\/11\/borne-de-recharge-768x1024-1-638x850.webp\" media=\"(max-width: 420px)\"><source srcset=\"https:\/\/www.campingceyreste.com\/wp-content\/uploads\/2025\/11\/borne-de-recharge-768x1024-1-768x1024.webp\" media=\"(max-width: 850px)\"><source srcset=\"https:\/\/www.campingceyreste.com\/wp-content\/uploads\/2025\/11\/borne-de-recharge-768x1024-1-768x1024.webp\" media=\"(max-width: 1024px)\"><source srcset=\"https:\/\/www.campingceyreste.com\/wp-content\/uploads\/2025\/11\/borne-de-recharge-768x1024-1.webp\" media=\"(min-width: 1025px)\"><img decoding=\"async\" src=\"https:\/\/www.campingceyreste.com\/wp-content\/uploads\/2025\/11\/borne-de-recharge-768x1024-1-315x420.webp\" width=\"420\" height=\"210\" loading=\"lazy\" alt=\"\" title=\"\"><\/picture><\/figure><\/div><\/div><div class=\"columns__item fade-up\" style=\"align-self:center;\"><h2 style=\"color: var(--bleu);\">Elektrische Ladestationen auf dem Campingplatz in Bouches du Rh\u00f4ne<\/h2><p    >Der Campingplatz bietet auch <strong>2 Ladestationen f\u00fcr Ihre Elektrofahrzeuge<\/strong>, was eine praktische L\u00f6sung f\u00fcr umweltbewusste Reisende darstellt.<\/p><div class=\"lireplus fc-mob\"><p    >Lesen Sie mehr<\/p><div class=\"group\"><p    >F\u00fcr weitere Informationen \u00fcber die Nutzung dieser Terminals und unsere anderen Dienstleistungen k\u00f6nnen Sie sich gerne an uns wenden. Wir freuen uns darauf, alle Ihre Fragen zu beantworten und Ihnen die Informationen zu geben, die Sie ben\u00f6tigen, um Ihren Aufenthalt so angenehm wie m\u00f6glich zu gestalten. Genie\u00dfen Sie ein unbeschwertes Campingerlebnis, bei dem jedes Detail f\u00fcr Ihren Komfort und Ihre Zufriedenheit ber\u00fccksichtigt wird.  <\/p><\/div><\/div><\/div><\/div><\/div><\/div><\/div>\n\n<div class=\"group mini\"><h2 style=\"text-align: center;color: var(--bleu);\">Entdecken Sie die Provence und die C\u00f4te d&#8217;Azur<\/h2><p  style=\"text-align: left;color: var(--texte);\" id=\"gid_5\" >Neben der <strong>Bucht von Cassis<\/strong> und der wundersch\u00f6nen <strong>C\u00f4te d&#8217;Azur<\/strong> auf der einen Seite und dem <strong>Nationalpark Calanques<\/strong> auf der anderen Seite, gibt es viele interessante Orte, die Sie rund um unseren <strong>Campingplatz in der Provence<\/strong> besuchen k\u00f6nnen, die von der Sonne <strong>S\u00fcdostfrankreichs<\/strong> verw\u00f6hnt werden. Erkunden Sie die Calanques zwischen <g id=\"gid_5\">Marseille<\/g> und <g id=\"gid_6\">Cassis<\/g>, wo Sie atemberaubende Landschaften erwarten. Entdecken Sie die charmante Stadt<strong>Aix-en-Provence<\/strong>, die f\u00fcr ihre malerischen Gassen und ihre lebhafte Atmosph\u00e4re bekannt ist. Genie\u00dfen Sie eine k\u00f6stliche Bouillabaisse am Alten Hafen von <a style=\"color: var(--texte);\" href=\"https:\/\/www.campingceyreste.com\/de\/alentours\/marseille\/\" data-type=\"alentours\" data-id=\"251\">Marseille <\/a>oder schlendern Sie \u00fcber die lokalen M\u00e4rkte, die voller frischer und authentischer Produkte sind.<\/p><div class=\"lireplus fc-desk\"><p class=\"center\" style=\"text-align: center;color: var(--texte);\"  >Lesen Sie mehr<\/p><div class=\"group\"><p  style=\"text-align: left;color: var(--texte);\" id=\"gid_2\" >Unser Campingplatz ist der Ausgangspunkt, um die versteckten Juwelen der <strong>Provence<\/strong> und der <strong>Camargue<\/strong> zu entdecken, sei es auf den K\u00fcstenstra\u00dfen mit ihren spektakul\u00e4ren Landschaften oder in den malerischen D\u00f6rfern im Hinterland. Tauchen Sie ein in die bezaubernde Atmosph\u00e4re der <g id=\"gid_2\">Provence<\/g>, wo der Duft von <g id=\"gid_3\">Lavendel<\/g> und Kr\u00e4utern die Luft erf\u00fcllt und jede Gasse eine alte Geschichte enth\u00fcllt. Besuchen Sie die lokalen Produzenten und probieren Sie die K\u00f6stlichkeiten der provenzalischen Gastronomie, von Wein \u00fcber K\u00e4se bis hin zu Oliven.  <\/p><p  style=\"text-align: left;color: var(--texte);\"  >Erkunden Sie die <strong>malerischen D\u00f6rfer im Hinterland der Provence<\/strong>, wie <strong>Gordes<\/strong> und <strong>Roussillon<\/strong>, die sich in die H\u00fcgel schmiegen und von authentischem Charme durchdrungen sind. Urlauber k\u00f6nnen durch die engen Gassen schlendern, die von Steinh\u00e4usern mit bunten Fensterl\u00e4den ges\u00e4umt werden. Entdecken Sie die lebhaften M\u00e4rkte, auf denen lokale Handwerker ihre handgefertigten Produkte anbieten und lassen Sie sich von der friedlichen und zeitlosen Atmosph\u00e4re verzaubern, die diese geschichtstr\u00e4chtigen Orte in der Provence Alpes C\u00f4te d&#8217;Azur ausstrahlen. <\/p><\/div><\/div><\/div>","protected":false},"excerpt":{"rendered":"<p>Die Dienstleistungen unseres 4-Sterne-Campingplatzes zwischen Cassis und La Ciotat Der 4-Sterne-Campingplatz liegt zwischen dem Golf von Cassis und dem Mittelmeer und ist der ideale Ort f\u00fcr einen ruhigen Urlaub zwischen Cassis und La Ciotat. Genie\u00dfen Sie den Service des Campingplatzes mit dem neuen Restaurant, das 2023 er\u00f6ffnet wird, einem Lebensmittelgesch\u00e4ft, einem Brotladen, Kinderanimation und sportlichen [&hellip;]<\/p>\n","protected":false},"author":1,"featured_media":0,"parent":0,"menu_order":0,"comment_status":"closed","ping_status":"closed","template":"","meta":{"_acf_changed":false,"footnotes":""},"acf":[],"_links":{"self":[{"href":"https:\/\/www.campingceyreste.com\/de\/wp-json\/wp\/v2\/pages\/37503"}],"collection":[{"href":"https:\/\/www.campingceyreste.com\/de\/wp-json\/wp\/v2\/pages"}],"about":[{"href":"https:\/\/www.campingceyreste.com\/de\/wp-json\/wp\/v2\/types\/page"}],"author":[{"embeddable":true,"href":"https:\/\/www.campingceyreste.com\/de\/wp-json\/wp\/v2\/users\/1"}],"replies":[{"embeddable":true,"href":"https:\/\/www.campingceyreste.com\/de\/wp-json\/wp\/v2\/comments?post=37503"}],"version-history":[{"count":5,"href":"https:\/\/www.campingceyreste.com\/de\/wp-json\/wp\/v2\/pages\/37503\/revisions"}],"predecessor-version":[{"id":64950,"href":"https:\/\/www.campingceyreste.com\/de\/wp-json\/wp\/v2\/pages\/37503\/revisions\/64950"}],"wp:attachment":[{"href":"https:\/\/www.campingceyreste.com\/de\/wp-json\/wp\/v2\/media?parent=37503"}],"curies":[{"name":"wp","href":"https:\/\/api.w.org\/{rel}","templated":true}]}}