{"id":37426,"date":"2025-10-24T15:02:13","date_gmt":"2025-10-24T13:02:13","guid":{"rendered":"https:\/\/www.campingceyreste.com\/house-swap-la-ciotat-home-exchange\/"},"modified":"2025-12-23T11:08:50","modified_gmt":"2025-12-23T10:08:50","slug":"house-swap-la-ciotat-home-exchange","status":"publish","type":"page","link":"https:\/\/www.campingceyreste.com\/en\/house-swap-la-ciotat-home-exchange\/","title":{"rendered":"House Swap La Ciotat Home Exchange"},"content":{"rendered":"<div class=\"diaporama-header align-full\"><div class=\"gallery\"><figure class=\"gallery__item\"><picture><source srcset=\"https:\/\/www.campingceyreste.com\/wp-content\/uploads\/2025\/11\/ciotat-AdobeStock_287589399-420x280.webp\" media=\"(max-width: 210px)\"><source srcset=\"https:\/\/www.campingceyreste.com\/wp-content\/uploads\/2025\/11\/ciotat-AdobeStock_287589399-850x567.webp\" media=\"(max-width: 420px)\"><source srcset=\"https:\/\/www.campingceyreste.com\/wp-content\/uploads\/2025\/11\/ciotat-AdobeStock_287589399-768x512.webp\" media=\"(max-width: 850px)\"><source srcset=\"https:\/\/www.campingceyreste.com\/wp-content\/uploads\/2025\/11\/ciotat-AdobeStock_287589399-1024x683.webp\" media=\"(max-width: 1024px)\"><source srcset=\"https:\/\/www.campingceyreste.com\/wp-content\/uploads\/2025\/11\/ciotat-AdobeStock_287589399.webp\" media=\"(min-width: 1025px)\"><img loading=\"lazy\" decoding=\"async\" src=\"https:\/\/www.campingceyreste.com\/wp-content\/uploads\/2025\/11\/ciotat-AdobeStock_287589399-420x280.webp\" width=\"420\" height=\"210\" alt=\"\" title=\"\"><\/picture><\/figure><\/div><div class=\"diaporama-header__inner\"><h1 style=\"text-align: center;\">Vacation rentals in La Ciotat<\/h1><\/div><\/div>\n\n<div class=\"group text-header\"><p class=\"mini center\" style=\"text-align: center;\" id=\"gid_1\" >Nestled between sea and hills, <strong>La Ciotat<\/strong> is an ideal destination for a vacation combining nature, relaxation and cultural discoveries. With its historic heritage, majestic <g id=\"gid_1\">calanques <\/g>and authentic <g id=\"gid_2\">Provencal atmosphere<\/g>, it&#8217;s an ideal destination for travelers in search of an escape. Whether you&#8217;re a fan of lounging on the <strong>beach<\/strong>, <strong>hiking<\/strong> or<strong> gastronomic discoveries<\/strong>, this Mediterranean town has it all. Get ready for an unforgettable experience! Enjoy a <a href=\"https:\/\/www.campingceyreste.com\/en\/camping-bouches-du-rhone\/\" data-type=\"page\" data-id=\"307\">4-star campsite in Bouches-du-Rh\u00f4ne<\/a> <strong> <\/strong>to discover La Ciotat.<\/p><\/div>\n\n<div class=\"columns boxage\" style=\"align-items:center;\"><div class=\"columns__item\" style=\"align-self:center;\"><div class=\"gallery\"><figure class=\"gallery__item\"><picture><source srcset=\"https:\/\/www.campingceyreste.com\/wp-content\/uploads\/2025\/11\/ciotat-AdobeStock_111532144-420x280.webp\" media=\"(max-width: 210px)\"><source srcset=\"https:\/\/www.campingceyreste.com\/wp-content\/uploads\/2025\/11\/ciotat-AdobeStock_111532144-850x567.webp\" media=\"(max-width: 420px)\"><source srcset=\"https:\/\/www.campingceyreste.com\/wp-content\/uploads\/2025\/11\/ciotat-AdobeStock_111532144-768x512.webp\" media=\"(max-width: 850px)\"><source srcset=\"https:\/\/www.campingceyreste.com\/wp-content\/uploads\/2025\/11\/ciotat-AdobeStock_111532144-1024x683.webp\" media=\"(max-width: 1024px)\"><source srcset=\"https:\/\/www.campingceyreste.com\/wp-content\/uploads\/2025\/11\/ciotat-AdobeStock_111532144.webp\" media=\"(min-width: 1025px)\"><img decoding=\"async\" src=\"https:\/\/www.campingceyreste.com\/wp-content\/uploads\/2025\/11\/ciotat-AdobeStock_111532144-420x280.webp\" width=\"420\" height=\"210\" loading=\"lazy\" alt=\"\" title=\"\"><\/picture><\/figure><\/div><\/div><div class=\"columns__item\" style=\"align-self:center;\"><h2>Discover La Ciotat on vacation<\/h2><p   id=\"250\" >Located on <strong>the Mediterranean coast<\/strong>, <a href=\"https:\/\/www.campingceyreste.com\/en\/alentours\/la-ciotat\/\" data-type=\"alentours\" data-id=\"250\">La Ciotat <\/a>is a popular destination for vacations combining nature, heritage and outdoor activities. This <g id=\"gid_2\">Bouches-du-Rh\u00f4ne<\/g> town is a veritable <g id=\"gid_3\">Provencal paradise<\/g>. Discover La Ciotat&#8217;s superb <strong>beaches <\/strong>, which stretch along 7 kilometers of coastline:<\/p><ul><li>the family beach of La Grande plage and its fine sand,\n<\/li><li>the sporty beach with Saint-Jean beach and its water sports activities\n<\/li><li>an ideal beach for children, with the gently sloping Plage Lumi\u00e8re and its play areas.\n<\/li><\/ul><p    >Known for its rich historical past, it is home to architectural treasures such as the ancient church of Notre-Dame-de-l&#8217;Assomption and<strong> the world&#8217;s oldest cinema<\/strong>, the \u00c9den-Th\u00e9\u00e2tre. A stroll through its cobbled streets will reveal an authentic atmosphere, typical of <strong>Provencal villages<\/strong>. <\/p><\/div><\/div>\n\n\n<div style=\"height:4rem\" aria-hidden=\"true\" class=\"wp-block-spacer hide-mob\"><\/div>\n\n\n<div class=\"columns boxage\" style=\"align-items:center;\"><div class=\"columns__item\" style=\"align-self:center;\"><h2>La Ciotat: wild creeks, typical markets and Provencal traditions<\/h2><p   id=\"238\" >Just a few kilometers away, the <strong>Parc National des Calanques<\/strong> offers breathtaking scenery, perfect for hiking or kayaking. This remarkable natural heritage offers spectacular views and secluded bathing spots in the calanques or creeks. Nature lovers will also appreciate the <a href=\"https:\/\/www.campingceyreste.com\/en\/alentours\/calanque-la-ciotat\/\" data-type=\"alentours\" data-id=\"238\">Calanque de Figuerolles<\/a>, an exceptional natural site for swimming and snorkeling. Nature lovers and <strong>hikers <\/strong>will appreciate the charm of the footpaths that criss-cross the coastline and inland areas, where a change of scenery and relaxation are guaranteed!<\/p><div class=\"lireplus fc-desk\"><p    >Read more<\/p><div class=\"group\"><p   id=\"255\" >There&#8217;s no shortage of tourist attractions in La Ciotat. Among the must-sees is the <a href=\"https:\/\/www.campingceyreste.com\/en\/alentours\/mugel-park\/\" data-type=\"alentours\" data-id=\"255\">Parc du Mugel<\/a>, with its exotic gardens and breathtaking views over the bay. Note the contrast between the traditional barques, the pointus, and the large yachts. Stroll through the town&#8217;s emblematic district, <strong>the Vieux Port in La Ciotat<\/strong>, which offers authentic charm and a typical <strong>Provencal<\/strong> atmosphere. To discover local craftsmanship and gastronomy, there&#8217;s nothing better than a visit to the farmers&#8217; market held every Saturday morning in the Port-Vieux, alongside the fish market. You can sample local culinary specialties such as the famous bouillabaisse, ancho\u00efade, calissons and more.<\/p><\/div><\/div><\/div><div class=\"columns__item\" style=\"align-self:center;\"><div class=\"gallery\"><figure class=\"gallery__item\"><picture><source srcset=\"https:\/\/www.campingceyreste.com\/wp-content\/uploads\/2025\/11\/ciotat-AdobeStock_130879393-420x280.webp\" media=\"(max-width: 210px)\"><source srcset=\"https:\/\/www.campingceyreste.com\/wp-content\/uploads\/2025\/11\/ciotat-AdobeStock_130879393-850x567.webp\" media=\"(max-width: 420px)\"><source srcset=\"https:\/\/www.campingceyreste.com\/wp-content\/uploads\/2025\/11\/ciotat-AdobeStock_130879393-768x512.webp\" media=\"(max-width: 850px)\"><source srcset=\"https:\/\/www.campingceyreste.com\/wp-content\/uploads\/2025\/11\/ciotat-AdobeStock_130879393-1024x683.webp\" media=\"(max-width: 1024px)\"><source srcset=\"https:\/\/www.campingceyreste.com\/wp-content\/uploads\/2025\/11\/ciotat-AdobeStock_130879393.webp\" media=\"(min-width: 1025px)\"><img decoding=\"async\" src=\"https:\/\/www.campingceyreste.com\/wp-content\/uploads\/2025\/11\/ciotat-AdobeStock_130879393-420x280.webp\" width=\"420\" height=\"210\" loading=\"lazy\" alt=\"\" title=\"\"><\/picture><\/figure><\/div><\/div><\/div>\n\n\n<div style=\"height:4rem\" aria-hidden=\"true\" class=\"wp-block-spacer hide-mob\"><\/div>\n\n\n<div class=\"columns boxage\" style=\"align-items:center;\"><div class=\"columns__item\" style=\"align-self:center;\"><div class=\"gallery\"><figure class=\"gallery__item\"><picture><source srcset=\"https:\/\/www.campingceyreste.com\/wp-content\/uploads\/2025\/11\/ciotat-AdobeStock_188463530-420x280.webp\" media=\"(max-width: 210px)\"><source srcset=\"https:\/\/www.campingceyreste.com\/wp-content\/uploads\/2025\/11\/ciotat-AdobeStock_188463530-850x567.webp\" media=\"(max-width: 420px)\"><source srcset=\"https:\/\/www.campingceyreste.com\/wp-content\/uploads\/2025\/11\/ciotat-AdobeStock_188463530-768x512.webp\" media=\"(max-width: 850px)\"><source srcset=\"https:\/\/www.campingceyreste.com\/wp-content\/uploads\/2025\/11\/ciotat-AdobeStock_188463530-1024x683.webp\" media=\"(max-width: 1024px)\"><source srcset=\"https:\/\/www.campingceyreste.com\/wp-content\/uploads\/2025\/11\/ciotat-AdobeStock_188463530.webp\" media=\"(min-width: 1025px)\"><img decoding=\"async\" src=\"https:\/\/www.campingceyreste.com\/wp-content\/uploads\/2025\/11\/ciotat-AdobeStock_188463530-420x280.webp\" width=\"420\" height=\"210\" loading=\"lazy\" alt=\"\" title=\"\"><\/picture><\/figure><\/div><\/div><div class=\"columns__item\" style=\"align-self:center;\"><h2>Choosing the right accommodation in La Ciotat<\/h2><p   id=\"gid_1\" >Finding the ideal accommodation is essential for a successful<strong> vacation in La Ciotat<\/strong>. The town offers a wide range of options, from <g id=\"gid_1\">family homes<\/g> to modern <g id=\"gid_2\">apartments <\/g>and friendly <g id=\"gid_3\">bed &amp; breakfasts<\/g>. Rentals with a garden, terrace or swimming pool are particularly popular, offering extra comfort and the chance to make the most of fine weather.  <\/p><div class=\"lireplus fc-desk\"><p    >Read more<\/p><div class=\"group\"><p    ><strong>To choose the best accommodation<\/strong>, several criteria need to be taken into account. <strong>Location <\/strong>is paramount: prefer accommodation close to the Old Port or the beach for easy access to activities. <strong>Price<\/strong> is also a key factor, and it&#8217;s advisable to compare offers to find the best value for money. Finally, <strong>facilities<\/strong> play a decisive role: a well-equipped kitchen, fast Wi-Fi connection or outdoor space can make all the difference.  <\/p><\/div><\/div><\/div><\/div>\n\n\n<div style=\"height:4rem\" aria-hidden=\"true\" class=\"wp-block-spacer hide-mob\"><\/div>\n\n\n<div class=\"columns boxage\" style=\"align-items:center;\"><div class=\"columns__item\" style=\"align-self:center;\"><h2 class=\"h2\">Camping in La Ciotat<\/h2><p    >Camping Le Ceyreste welcomes you to Ceyreste, a picturesque village just 6 kilometers from La Ciotat. You&#8217;ll benefit from an ideal location in the<strong> Bouches du Rh\u00f4ne <\/strong>and close to the <strong>Var<\/strong>. <\/p><p   id=\"250\" >In less than an hour&#8217;s drive, you can enjoy the region&#8217;s most beautiful sites: the beaches and port of <a href=\"https:\/\/www.campingceyreste.com\/en\/alentours\/la-ciotat\/\" data-type=\"alentours\" data-id=\"250\">La Ciotat<\/a>, Cassis and its calanques, Aubagne and the Garlaban massif so dear to Pagnol, or Aix-en-Provence, a city of art and culture. This <strong>4-star campsite <\/strong>is nestled in a vast pine forest overlooking La Ciotat. The assurance of a relaxing and peaceful stay.<\/p><div class=\"lireplus fc-desk\"><p    >Read more<\/p><div class=\"group\"><p    >During your vacation, enjoy swimming in the Mediterranean Sea, as well as the campsite&#8217;s beautiful aquatic area. Over 1,300 m\u00b2 dedicated to the pleasures of water await you! Discover an infinity pool with heated swimming pool, a large heated pool, a vast paddling pool, a multi-track slide and a water playground.  <\/p><p    >What&#8217;s more, this <strong>family campsite near La Ciotat<\/strong> offers plenty of activities and entertainment to keep you entertained during your stay (sports facilities, fitness area, playground, evening entertainment, etc.). Last but not least, the Ceyreste campsite has a new restaurant offering meals to eat in or take away, a bread depot and charging points for electric vehicles. We&#8217;ve got it all covered!  <\/p><\/div><\/div><\/div><div class=\"columns__item\" style=\"align-self:center;\"><div class=\"gallery\"><figure class=\"gallery__item\"><picture><source srcset=\"https:\/\/www.campingceyreste.com\/wp-content\/uploads\/2025\/11\/ciotat-AdobeStock_306735571-420x280.webp\" media=\"(max-width: 210px)\"><source srcset=\"https:\/\/www.campingceyreste.com\/wp-content\/uploads\/2025\/11\/ciotat-AdobeStock_306735571-850x567.webp\" media=\"(max-width: 420px)\"><source srcset=\"https:\/\/www.campingceyreste.com\/wp-content\/uploads\/2025\/11\/ciotat-AdobeStock_306735571-768x512.webp\" media=\"(max-width: 850px)\"><source srcset=\"https:\/\/www.campingceyreste.com\/wp-content\/uploads\/2025\/11\/ciotat-AdobeStock_306735571-1024x683.webp\" media=\"(max-width: 1024px)\"><source srcset=\"https:\/\/www.campingceyreste.com\/wp-content\/uploads\/2025\/11\/ciotat-AdobeStock_306735571.webp\" media=\"(min-width: 1025px)\"><img decoding=\"async\" src=\"https:\/\/www.campingceyreste.com\/wp-content\/uploads\/2025\/11\/ciotat-AdobeStock_306735571-420x280.webp\" width=\"420\" height=\"210\" loading=\"lazy\" alt=\"\" title=\"\"><\/picture><\/figure><\/div><\/div><\/div>\n\n\n<div style=\"height:4rem\" aria-hidden=\"true\" class=\"wp-block-spacer hide-mob\"><\/div>\n\n\n<div class=\"columns boxage\" style=\"align-items:center;\"><div class=\"columns__item\" style=\"align-self:center;\"><div class=\"gallery\"><figure class=\"gallery__item\"><picture><source srcset=\"https:\/\/www.campingceyreste.com\/wp-content\/uploads\/2025\/11\/ciotat-AdobeStock_449702183-420x280.webp\" media=\"(max-width: 210px)\"><source srcset=\"https:\/\/www.campingceyreste.com\/wp-content\/uploads\/2025\/11\/ciotat-AdobeStock_449702183-850x567.webp\" media=\"(max-width: 420px)\"><source srcset=\"https:\/\/www.campingceyreste.com\/wp-content\/uploads\/2025\/11\/ciotat-AdobeStock_449702183-768x512.webp\" media=\"(max-width: 850px)\"><source srcset=\"https:\/\/www.campingceyreste.com\/wp-content\/uploads\/2025\/11\/ciotat-AdobeStock_449702183-1024x683.webp\" media=\"(max-width: 1024px)\"><source srcset=\"https:\/\/www.campingceyreste.com\/wp-content\/uploads\/2025\/11\/ciotat-AdobeStock_449702183.webp\" media=\"(min-width: 1025px)\"><img decoding=\"async\" src=\"https:\/\/www.campingceyreste.com\/wp-content\/uploads\/2025\/11\/ciotat-AdobeStock_449702183-420x280.webp\" width=\"420\" height=\"210\" loading=\"lazy\" alt=\"\" title=\"\"><\/picture><\/figure><\/div><\/div><div class=\"columns__item\" style=\"align-self:center;\"><h2 class=\"h2\">4-star camping vacation rentals in La Ciotat<\/h2><p    >Camping Le Ceyreste offers a wide choice of accommodation to suit your budget and every taste. In a privileged setting, discover the different categories of<strong> mobile homes<\/strong>. All these vacation rentals can accommodate up to 6 people. They feature a fully-equipped kitchen, 1 to 3 bedrooms, a bathroom with separate toilet and a semi-covered terrace with garden furniture. The <strong>&#8220;Port Pin and En Vau&#8221; range<\/strong> offers more space, air conditioning and dishwasher.    <\/p><div class=\"lireplus fc-desk\"><p    >Read more<\/p><div class=\"group\"><p   id=\"gid_0\" >Want to bring your tent, caravan or camper? <g id=\"gid_0\">Bare campsites <\/g>are available for traditional camping enthusiasts. These spacious, delimited plots, in the sun or shade, allow you to set up your <strong>tent, caravan or camper van<\/strong> in complete privacy. For a comfortable stay, take advantage of a sanitary block with baby area and a 6-amp electricity connection.   <\/p><p    >For an <strong>unusual stay<\/strong>, discover the<strong> lodge tent<\/strong>, a good compromise between the mobile home and the tent (without private sanitary facilities, but with 2 bedrooms and a living\/kitchen area). Enjoy a unique experience in the heart of<strong>nature near La Ciotat.<\/strong> All campers appreciate the calm and green environment of the Ceyreste campsite in the south of France. <\/p><\/div><\/div><\/div><\/div>\n\n\n<div style=\"height:4rem\" aria-hidden=\"true\" class=\"wp-block-spacer hide-mob\"><\/div>\n\n\n<div class=\"columns boxage\" style=\"align-items:center;\"><div class=\"columns__item\" style=\"align-self:center;\"><h2 class=\"h2\">La Ciotat: tips for secure bookings and successful stays<\/h2><p    >To guarantee a<strong> pleasant experience in Provence Alpes C\u00f4te d&#8217;Azur<\/strong>, it&#8217;s essential to follow a secure booking process. Take the time to read descriptions carefully and check photos to avoid unpleasant surprises. Customer reviews are a valuable indicator of the quality of an accommodation.  <\/p><div class=\"lireplus fc-desk\"><p    >Read more<\/p><div class=\"group\"><p   id=\"gid_1\" ><strong>For a successful vacation in La Ciotat<\/strong>, it&#8217;s crucial to choose the right period. The <g id=\"gid_1\">summer season<\/g>, from June to August, is ideal for enjoying the beaches and water sports. However, the <strong>months of May and September<\/strong> offer pleasant weather and more moderate crowds, perfect for families wishing to avoid the crowds.  <\/p><p    >Seasonal rentals offer many advantages, especially for extended stays. Renting a house or apartment with a <strong>garden, terrace or barbecue<\/strong> allows you to enjoy pleasant outdoor moments, from al fresco meals to convivial evenings. This type of accommodation also offers a high degree of autonomy and a warm atmosphere, ideal for peaceful vacations.  <\/p><\/div><\/div><\/div><div class=\"columns__item\" style=\"align-self:center;\"><div class=\"gallery\"><figure class=\"gallery__item\"><picture><source srcset=\"https:\/\/www.campingceyreste.com\/wp-content\/uploads\/2025\/11\/alentours-AdobeStock_612107946-420x280.webp\" media=\"(max-width: 210px)\"><source srcset=\"https:\/\/www.campingceyreste.com\/wp-content\/uploads\/2025\/11\/alentours-AdobeStock_612107946-850x567.webp\" media=\"(max-width: 420px)\"><source srcset=\"https:\/\/www.campingceyreste.com\/wp-content\/uploads\/2025\/11\/alentours-AdobeStock_612107946-768x512.webp\" media=\"(max-width: 850px)\"><source srcset=\"https:\/\/www.campingceyreste.com\/wp-content\/uploads\/2025\/11\/alentours-AdobeStock_612107946-1024x683.webp\" media=\"(max-width: 1024px)\"><source srcset=\"https:\/\/www.campingceyreste.com\/wp-content\/uploads\/2025\/11\/alentours-AdobeStock_612107946.webp\" media=\"(min-width: 1025px)\"><img decoding=\"async\" src=\"https:\/\/www.campingceyreste.com\/wp-content\/uploads\/2025\/11\/alentours-AdobeStock_612107946-420x280.webp\" width=\"420\" height=\"210\" alt=\"camping la ciotat calanques\" loading=\"lazy\" title=\"\"><\/picture><\/figure><\/div><\/div><\/div>","protected":false},"excerpt":{"rendered":"<p>Vacation rentals in La Ciotat Nestled between sea and hills, La Ciotat is an ideal destination for a vacation combining nature, relaxation and cultural discoveries. With its historic heritage, majestic calanques and authentic Provencal atmosphere, it&#8217;s an ideal destination for travelers in search of an escape. Whether you&#8217;re a fan of lounging on the beach, [&hellip;]<\/p>\n","protected":false},"author":1,"featured_media":0,"parent":0,"menu_order":0,"comment_status":"closed","ping_status":"closed","template":"","meta":{"_acf_changed":false,"footnotes":""},"acf":[],"_links":{"self":[{"href":"https:\/\/www.campingceyreste.com\/en\/wp-json\/wp\/v2\/pages\/37426"}],"collection":[{"href":"https:\/\/www.campingceyreste.com\/en\/wp-json\/wp\/v2\/pages"}],"about":[{"href":"https:\/\/www.campingceyreste.com\/en\/wp-json\/wp\/v2\/types\/page"}],"author":[{"embeddable":true,"href":"https:\/\/www.campingceyreste.com\/en\/wp-json\/wp\/v2\/users\/1"}],"replies":[{"embeddable":true,"href":"https:\/\/www.campingceyreste.com\/en\/wp-json\/wp\/v2\/comments?post=37426"}],"version-history":[{"count":2,"href":"https:\/\/www.campingceyreste.com\/en\/wp-json\/wp\/v2\/pages\/37426\/revisions"}],"predecessor-version":[{"id":42009,"href":"https:\/\/www.campingceyreste.com\/en\/wp-json\/wp\/v2\/pages\/37426\/revisions\/42009"}],"wp:attachment":[{"href":"https:\/\/www.campingceyreste.com\/en\/wp-json\/wp\/v2\/media?parent=37426"}],"curies":[{"name":"wp","href":"https:\/\/api.w.org\/{rel}","templated":true}]}}