{"id":37447,"date":"2025-10-24T15:02:13","date_gmt":"2025-10-24T13:02:13","guid":{"rendered":"https:\/\/www.campingceyreste.com\/pagnol-aubagne\/"},"modified":"2025-12-23T11:25:21","modified_gmt":"2025-12-23T10:25:21","slug":"pagnol-aubagne","status":"publish","type":"page","link":"https:\/\/www.campingceyreste.com\/en\/pagnol-aubagne\/","title":{"rendered":"Pagnol Aubagne"},"content":{"rendered":"<div class=\"diaporama-header align-full\"><div class=\"gallery\"><figure class=\"gallery__item\"><picture><source srcset=\"https:\/\/www.campingceyreste.com\/wp-content\/uploads\/2025\/11\/aubagne-AdobeStock_96342538-420x280.webp\" media=\"(max-width: 210px)\"><source srcset=\"https:\/\/www.campingceyreste.com\/wp-content\/uploads\/2025\/11\/aubagne-AdobeStock_96342538-850x567.webp\" media=\"(max-width: 420px)\"><source srcset=\"https:\/\/www.campingceyreste.com\/wp-content\/uploads\/2025\/11\/aubagne-AdobeStock_96342538-768x512.webp\" media=\"(max-width: 850px)\"><source srcset=\"https:\/\/www.campingceyreste.com\/wp-content\/uploads\/2025\/11\/aubagne-AdobeStock_96342538-1024x683.webp\" media=\"(max-width: 1024px)\"><source srcset=\"https:\/\/www.campingceyreste.com\/wp-content\/uploads\/2025\/11\/aubagne-AdobeStock_96342538.webp\" media=\"(min-width: 1025px)\"><img loading=\"lazy\" decoding=\"async\" src=\"https:\/\/www.campingceyreste.com\/wp-content\/uploads\/2025\/11\/aubagne-AdobeStock_96342538-420x280.webp\" width=\"420\" height=\"210\" alt=\"\" title=\"\"><\/picture><\/figure><\/div><div class=\"diaporama-header__inner\"><h1 style=\"text-align: center;\">In the footsteps of Marcel Pagnol in Aubagne, Provence<\/h1><\/div><\/div>\n\n<div class=\"group text-header\"><p class=\"mini center\" style=\"text-align: center;\"  ><strong>Manon des Sources<\/strong>, Hugolin, <strong>La Gloire de mon p\u00e8re<\/strong> and <strong>Le Ch\u00e2teau de ma m\u00e8re<\/strong> are just some of the characters and places that evoke the life and<strong> work of Marcel Pagnol<\/strong>. To learn even more about this famous filmmaker, visit <strong>Aubagne <\/strong>and discover <strong>Pagnol&#8217;s Provence<\/strong>. <\/p><\/div>\n\n<div class=\"columns boxage\" style=\"align-items:center;\"><div class=\"columns__item\" style=\"align-self:center;\"><div class=\"gallery\"><figure class=\"gallery__item\"><picture><source srcset=\"https:\/\/www.campingceyreste.com\/wp-content\/uploads\/2025\/11\/aubagne-AdobeStock_86560832-420x280.webp\" media=\"(max-width: 210px)\"><source srcset=\"https:\/\/www.campingceyreste.com\/wp-content\/uploads\/2025\/11\/aubagne-AdobeStock_86560832-850x567.webp\" media=\"(max-width: 420px)\"><source srcset=\"https:\/\/www.campingceyreste.com\/wp-content\/uploads\/2025\/11\/aubagne-AdobeStock_86560832-768x512.webp\" media=\"(max-width: 850px)\"><source srcset=\"https:\/\/www.campingceyreste.com\/wp-content\/uploads\/2025\/11\/aubagne-AdobeStock_86560832-1024x683.webp\" media=\"(max-width: 1024px)\"><source srcset=\"https:\/\/www.campingceyreste.com\/wp-content\/uploads\/2025\/11\/aubagne-AdobeStock_86560832.webp\" media=\"(min-width: 1025px)\"><img decoding=\"async\" src=\"https:\/\/www.campingceyreste.com\/wp-content\/uploads\/2025\/11\/aubagne-AdobeStock_86560832-420x280.webp\" width=\"420\" height=\"210\" loading=\"lazy\" alt=\"\" title=\"\"><\/picture><\/figure><\/div><\/div><div class=\"columns__item\" style=\"align-self:center;\"><h2>Aubagne, birthplace of Marcel Pagnol<\/h2><p    >Marcel Pagnol, the famous 20th-century filmmaker and writer, was born in <a href=\"https:\/\/www.campingceyreste.com\/en\/alentours\/aubagne\/\">Aubagne<\/a> at 16 cours Barth\u00e9l\u00e9my on February 28, 1895. It was here that he spent his childhood and adolescence, before moving to Marseille with his parents. Nevertheless, he returned with his family on vacation to Bastide Neuve in <strong>the hills above Aubagne<\/strong>.<\/p><p    >Marcel Pagnol appreciates the simple charm of <strong>Provence <\/strong>, and his films pay tribute to the region&#8217;s landscapes and people. Adapted all over the world, Pagnol&#8217;s work remains a great success. The town of Aubagne proudly pays homage to this<strong> native of the region<\/strong>, with a visit to <strong>Pagnol&#8217;s house<\/strong>.  <\/p><p    >You can also follow in the filmmaker&#8217;s footsteps by discovering places close to his heart, such as <strong>La Font de Mai<\/strong>, a Proven\u00e7al bastide at the foot of the <strong>Garlaban massif<\/strong> that served as a backdrop for some of his films.<\/p><\/div><\/div>\n\n\n<div style=\"height:4rem\" aria-hidden=\"true\" class=\"wp-block-spacer hide-mob\"><\/div>\n\n\n<div class=\"columns boxage\" style=\"align-items:center;\"><div class=\"columns__item\" style=\"align-self:center;\"><h2>Walking in the footsteps of Marcel Pagnol<\/h2><h3 class=\"h5\">The &#8220;childhood memories&#8221; hike<\/h3><p   id=\"gid_1\" >Enjoy a wonderful day out on this 9 km guided<strong> walking tour<\/strong>. The <g id=\"gid_1\">hike<\/g> begins with a visit to the Mas de Massacan, <g id=\"gid_2\">the home of Hugolin<\/g>, the famous character from the film Manon des Sources. You&#8217;ll then discover Ang\u00e8le&#8217;s farm before taking a picnic break in the heart of the <g id=\"gid_3\">Garrigue<\/g>. You&#8217;ll also pass <g id=\"gid_4\">Pagnol&#8217;s vacation home<\/g>, La Bastide Neuve, before arriving at the village of <g id=\"gid_5\">La Treille<\/g>. The guided walk ends with a stop at the cemetery where the filmmaker and writer is laid to rest.    <\/p><div class=\"lireplus fc-desk\"><p    >Read more<\/p><div class=\"group\"><h3 class=\"h5\">The &#8220;Time of Secrets&#8221; tour<\/h3><p    >This 12 km (approx. 5 hrs.) <strong>Pagnol hike <\/strong>, both sporting and cultural, traverses the superb landscapes of the <strong>Garlaban massif<\/strong>. You&#8217;ll see the natural setting for the film &#8220;Le temps des secrets&#8221;, directed by Christophe Barratier, which depicts Marcel Pagnol&#8217;s childhood memories. Your storytelling guide will tell you a few anecdotes and show you all the <strong>exterior locations where the film was shot<\/strong> (grotte du hibou, Croix du Garlaban, etc.).  <\/p><p    >This hike is designed for <strong>regular walkers or experienced hikers<\/strong>. The 2 circuits require good walking shoes, suitable clothing, a picnic lunch and enough water to keep you hydrated throughout. <\/p><\/div><\/div><\/div><div class=\"columns__item\" style=\"align-self:center;\"><div class=\"gallery\"><figure class=\"gallery__item\"><picture><source srcset=\"https:\/\/www.campingceyreste.com\/wp-content\/uploads\/2025\/11\/aubagne-AdobeStock_255381458-420x280.webp\" media=\"(max-width: 210px)\"><source srcset=\"https:\/\/www.campingceyreste.com\/wp-content\/uploads\/2025\/11\/aubagne-AdobeStock_255381458-850x567.webp\" media=\"(max-width: 420px)\"><source srcset=\"https:\/\/www.campingceyreste.com\/wp-content\/uploads\/2025\/11\/aubagne-AdobeStock_255381458-768x512.webp\" media=\"(max-width: 850px)\"><source srcset=\"https:\/\/www.campingceyreste.com\/wp-content\/uploads\/2025\/11\/aubagne-AdobeStock_255381458-1024x683.webp\" media=\"(max-width: 1024px)\"><source srcset=\"https:\/\/www.campingceyreste.com\/wp-content\/uploads\/2025\/11\/aubagne-AdobeStock_255381458.webp\" media=\"(min-width: 1025px)\"><img decoding=\"async\" src=\"https:\/\/www.campingceyreste.com\/wp-content\/uploads\/2025\/11\/aubagne-AdobeStock_255381458-420x280.webp\" width=\"420\" height=\"210\" loading=\"lazy\" alt=\"\" title=\"\"><\/picture><\/figure><\/div><\/div><\/div>\n\n\n<div style=\"height:4rem\" aria-hidden=\"true\" class=\"wp-block-spacer hide-mob\"><\/div>\n\n\n<div class=\"columns boxage\" style=\"align-items:center;\"><div class=\"columns__item\" style=\"align-self:center;\"><div class=\"gallery\"><figure class=\"gallery__item\"><picture><source srcset=\"https:\/\/www.campingceyreste.com\/wp-content\/uploads\/2025\/11\/aubagne-AdobeStock_96342538-420x280.webp\" media=\"(max-width: 210px)\"><source srcset=\"https:\/\/www.campingceyreste.com\/wp-content\/uploads\/2025\/11\/aubagne-AdobeStock_96342538-850x567.webp\" media=\"(max-width: 420px)\"><source srcset=\"https:\/\/www.campingceyreste.com\/wp-content\/uploads\/2025\/11\/aubagne-AdobeStock_96342538-768x512.webp\" media=\"(max-width: 850px)\"><source srcset=\"https:\/\/www.campingceyreste.com\/wp-content\/uploads\/2025\/11\/aubagne-AdobeStock_96342538-1024x683.webp\" media=\"(max-width: 1024px)\"><source srcset=\"https:\/\/www.campingceyreste.com\/wp-content\/uploads\/2025\/11\/aubagne-AdobeStock_96342538.webp\" media=\"(min-width: 1025px)\"><img decoding=\"async\" src=\"https:\/\/www.campingceyreste.com\/wp-content\/uploads\/2025\/11\/aubagne-AdobeStock_96342538-420x280.webp\" width=\"420\" height=\"210\" loading=\"lazy\" alt=\"\" title=\"\"><\/picture><\/figure><\/div><\/div><div class=\"columns__item\" style=\"align-self:center;\"><h2>Getting to know Marcel Pagnol better in Provence<\/h2><p   id=\"236\" >Enjoy you <a href=\"https:\/\/www.campingceyreste.com\/en\/alentours\/aubagne-en-famille\/\" data-type=\"alentours\" data-id=\"236\">A family trip to Aubagne<\/a> to discover <strong>Marcel Pagnol&#8217;s Petit Monde<\/strong>. This fun, lively museum in Aubagne features over 200 clay santons created by the region&#8217;s leading artists. Using light effects, sounds and reconstructions, these figurines provide an original insight into <strong>the life<\/strong> and work <strong>of Marcel Pagnol<\/strong>.<\/p><p    >For a very affordable price, take advantage of this guided tour accessible to all, and meet all the <strong>famous characters from Pagnol&#8217;s world.<\/strong> This museum pays tribute both to the <strong>skills of master santonniers<\/strong> and to <strong>Pagnol&#8217;s Provence<\/strong>.<\/p><\/div><\/div>\n\n\n<div style=\"height:4rem\" aria-hidden=\"true\" class=\"wp-block-spacer hide-mob\"><\/div>\n\n\n<div class=\"columns boxage\" style=\"align-items:center;\"><div class=\"columns__item\" style=\"align-self:center;\"><h2 class=\"h2\">Stay at Le Ceyreste campsite near Aubagne<\/h2><p   id=\"205\" >The <a href=\"https:\/\/www.campingceyreste.com\/en\/\" data-type=\"page\" data-id=\"205\">4-star Le Ceyreste campsite near Aubagne<\/a> welcomes you to Pagnol country, 20 km from Aubagne. Its location is ideal for enjoying the beaches of La Ciotat and Cassis, as well as visiting<strong> the Provencal hinterland<\/strong>. In a green and peaceful setting, you&#8217;ll be accommodated as you wish, in comfortable mobile homes, in tent lodges or on one of the pitches at your disposal.  <\/p><p    >This campsite with swimming pool offers a wide range of activities and services to keep you entertained and comfortable during your vacation in the<strong> south of France<\/strong>.<\/p><p   id=\"306\" >Camping Le Ceyreste offers you a vacation that&#8217;s both<strong> cultural and <\/strong><a href=\"https:\/\/www.campingceyreste.com\/en\/aubagne-tourism\/\" data-type=\"page\" data-id=\"306\">touristy<\/a>, where you can alternate between swimming at the <strong>beach <\/strong>and discovering the region&#8217;s rich heritage. Spend an unforgettable holiday <strong>in sunny Provence<\/strong>, <strong>between sea and mountains<\/strong>.<\/p><\/div><div class=\"columns__item\" style=\"align-self:center;\"><div class=\"gallery\"><figure class=\"gallery__item\"><picture><source srcset=\"https:\/\/www.campingceyreste.com\/wp-content\/uploads\/2025\/11\/aubagne-AdobeStock_49473967-420x280.webp\" media=\"(max-width: 210px)\"><source srcset=\"https:\/\/www.campingceyreste.com\/wp-content\/uploads\/2025\/11\/aubagne-AdobeStock_49473967-850x567.webp\" media=\"(max-width: 420px)\"><source srcset=\"https:\/\/www.campingceyreste.com\/wp-content\/uploads\/2025\/11\/aubagne-AdobeStock_49473967-768x512.webp\" media=\"(max-width: 850px)\"><source srcset=\"https:\/\/www.campingceyreste.com\/wp-content\/uploads\/2025\/11\/aubagne-AdobeStock_49473967-1024x683.webp\" media=\"(max-width: 1024px)\"><source srcset=\"https:\/\/www.campingceyreste.com\/wp-content\/uploads\/2025\/11\/aubagne-AdobeStock_49473967.webp\" media=\"(min-width: 1025px)\"><img decoding=\"async\" src=\"https:\/\/www.campingceyreste.com\/wp-content\/uploads\/2025\/11\/aubagne-AdobeStock_49473967-420x280.webp\" width=\"420\" height=\"210\" loading=\"lazy\" alt=\"\" title=\"\"><\/picture><\/figure><\/div><\/div><\/div>","protected":false},"excerpt":{"rendered":"<p>In the footsteps of Marcel Pagnol in Aubagne, Provence Manon des Sources, Hugolin, La Gloire de mon p\u00e8re and Le Ch\u00e2teau de ma m\u00e8re are just some of the characters and places that evoke the life and work of Marcel Pagnol. To learn even more about this famous filmmaker, visit Aubagne and discover Pagnol&#8217;s Provence. [&hellip;]<\/p>\n","protected":false},"author":1,"featured_media":0,"parent":0,"menu_order":0,"comment_status":"closed","ping_status":"closed","template":"","meta":{"_acf_changed":false,"footnotes":""},"acf":[],"_links":{"self":[{"href":"https:\/\/www.campingceyreste.com\/en\/wp-json\/wp\/v2\/pages\/37447"}],"collection":[{"href":"https:\/\/www.campingceyreste.com\/en\/wp-json\/wp\/v2\/pages"}],"about":[{"href":"https:\/\/www.campingceyreste.com\/en\/wp-json\/wp\/v2\/types\/page"}],"author":[{"embeddable":true,"href":"https:\/\/www.campingceyreste.com\/en\/wp-json\/wp\/v2\/users\/1"}],"replies":[{"embeddable":true,"href":"https:\/\/www.campingceyreste.com\/en\/wp-json\/wp\/v2\/comments?post=37447"}],"version-history":[{"count":2,"href":"https:\/\/www.campingceyreste.com\/en\/wp-json\/wp\/v2\/pages\/37447\/revisions"}],"predecessor-version":[{"id":42018,"href":"https:\/\/www.campingceyreste.com\/en\/wp-json\/wp\/v2\/pages\/37447\/revisions\/42018"}],"wp:attachment":[{"href":"https:\/\/www.campingceyreste.com\/en\/wp-json\/wp\/v2\/media?parent=37447"}],"curies":[{"name":"wp","href":"https:\/\/api.w.org\/{rel}","templated":true}]}}