{"id":37418,"date":"2025-10-24T15:02:13","date_gmt":"2025-10-24T13:02:13","guid":{"rendered":"https:\/\/www.campingceyreste.com\/camping-bouches-du-rhone\/"},"modified":"2025-12-23T12:10:56","modified_gmt":"2025-12-23T11:10:56","slug":"camping-bouches-du-rhone","status":"publish","type":"page","link":"https:\/\/www.campingceyreste.com\/nl\/camping-bouches-du-rhone\/","title":{"rendered":"Camping Bouches du Rh\u00f4ne"},"content":{"rendered":"<div class=\"diaporama-header align-full\"><div class=\"gallery\"><figure class=\"gallery__item\"><picture><source srcset=\"https:\/\/www.campingceyreste.com\/wp-content\/uploads\/2025\/11\/alentours-AdobeStock_121652749-420x174.webp\" media=\"(max-width: 210px)\"><source srcset=\"https:\/\/www.campingceyreste.com\/wp-content\/uploads\/2025\/11\/alentours-AdobeStock_121652749-850x352.webp\" media=\"(max-width: 420px)\"><source srcset=\"https:\/\/www.campingceyreste.com\/wp-content\/uploads\/2025\/11\/alentours-AdobeStock_121652749-768x318.webp\" media=\"(max-width: 850px)\"><source srcset=\"https:\/\/www.campingceyreste.com\/wp-content\/uploads\/2025\/11\/alentours-AdobeStock_121652749-1024x424.webp\" media=\"(max-width: 1024px)\"><source srcset=\"https:\/\/www.campingceyreste.com\/wp-content\/uploads\/2025\/11\/alentours-AdobeStock_121652749.webp\" media=\"(min-width: 1025px)\"><img loading=\"lazy\" decoding=\"async\" src=\"https:\/\/www.campingceyreste.com\/wp-content\/uploads\/2025\/11\/alentours-AdobeStock_121652749-420x174.webp\" width=\"420\" height=\"210\" alt=\"camping provence ciotat\" title=\"\"><\/picture><\/figure><\/div><div class=\"diaporama-header__inner\"><h1 style=\"text-align: center;\">Kampeervakantie in de Bouches du Rh\u00f4ne<\/h1><\/div><\/div>\n\n<div class=\"group text-header\"><p class=\"mini center\" style=\"text-align: center;\"  >Boek uw <strong>kampeervakantie in Bouches-du-Rh\u00f4ne<\/strong>, een van de zonnigste departementen van Frankrijk! De <strong>4-sterrencamping Le Ceyreste <\/strong>met zwembad is ideaal gelegen om alle schatten van deze regio <strong>Provence-Alpes-C\u00f4te d&#8217;Azur<\/strong> te ontdekken. <\/p><\/div>\n\n<div class=\"columns boxage\" style=\"align-items:center;\"><div class=\"columns__item\" style=\"align-self:center;\"><div class=\"gallery\"><figure class=\"gallery__item\"><picture><source srcset=\"https:\/\/www.campingceyreste.com\/wp-content\/uploads\/2025\/10\/espace-aquatique-2-420x315.jpg.webp\" media=\"(max-width: 210px)\"><source srcset=\"https:\/\/www.campingceyreste.com\/wp-content\/uploads\/2025\/10\/espace-aquatique-2-850x638.jpg.webp\" media=\"(max-width: 420px)\"><source srcset=\"https:\/\/www.campingceyreste.com\/wp-content\/uploads\/2025\/10\/espace-aquatique-2-768x576.jpg.webp\" media=\"(max-width: 850px)\"><source srcset=\"https:\/\/www.campingceyreste.com\/wp-content\/uploads\/2025\/10\/espace-aquatique-2-1024x768.jpg.webp\" media=\"(max-width: 1024px)\"><source srcset=\"https:\/\/www.campingceyreste.com\/wp-content\/uploads\/2025\/10\/espace-aquatique-2.jpg.webp\" media=\"(min-width: 1025px)\"><img decoding=\"async\" src=\"https:\/\/www.campingceyreste.com\/wp-content\/uploads\/2025\/10\/espace-aquatique-2-420x315.jpg.webp\" width=\"420\" height=\"210\" alt=\"camping piscine bouche du rhone\" loading=\"lazy\" title=\"\"><\/picture><\/figure><\/div><\/div><div class=\"columns__item\" style=\"align-self:center;\"><h2>Ontdek de Bouches-du-Rh\u00f4ne tijdens een kampeervakantie<\/h2><p    >De <strong>Bouches du Rh\u00f4ne <\/strong>bieden oneindig veel adembenemende landschappen en activiteiten voor het hele gezin. Op slechts een paar kilometer van je <strong>vakantiehuis<\/strong> ontdek je een moza\u00efek van fascinerende landschappen. <\/p><p   id=\"251\" >Profiteer tijdens je verblijf op de camping dus van de sublieme stranden en <a href=\"https:\/\/www.campingceyreste.com\/nl\/alentours\/bezoek-de-calanques\/\">kreken<\/a> van <a href=\"https:\/\/www.campingceyreste.com\/nl\/alentours\/marseille\/\" data-type=\"alentours\" data-id=\"251\">Marseille<\/a> en Cassis. Verken vervolgens de wilde en ongerepte <strong>Camargue<\/strong> en proef de Proven\u00e7aalse levenskunst in het <strong>Pays d&#8217;Aix<\/strong>.<\/p><p    >En mis een wandeling door de <strong>Alpilles<\/strong> niet, een betoverend natuurgebied met opmerkelijke uitkijkpunten en authentieke dorpjes die je zeker moet bezoeken: Tarascon, Les Baux de Provence, St R\u00e9my de Provence, enz.<\/p><div class=\"lireplus fc-desk\"><p    >Meer lezen<\/p><div class=\"group\"><p    >Dompel je onder in de schilderachtige sfeer van de Alpilles terwijl je steile paden, schilderachtige wijngaarden en eeuwenoude olijfgaarden verkent. Ontdek <strong>Tarascon<\/strong>, waar de eeuwenoude vestingmuren de legendes van koning Ren\u00e9 en de Tarasque vertellen en je een betoverende duik in het <strong>middeleeuwse verleden<\/strong> van de regio bieden. <\/p><p    >Vervolgens verblindt <strong>Les Baux de Provence <\/strong>, gelegen op een rotsachtige uitloper, met <strong>een adembenemend panorama<\/strong> en een opmerkelijk architecturaal erfgoed. <strong>St R\u00e9my de Provence<\/strong>, bakermat van de Proven\u00e7aalse levenskunst, zal u bekoren met zijn levendige straten, bedwelmende lavendelgeuren en authentieke sfeer.<\/p><\/div><\/div><\/div><\/div>\n\n\n<div style=\"height:4rem\" aria-hidden=\"true\" class=\"wp-block-spacer hide-mob\"><\/div>\n\n\n<div class=\"columns boxage\" style=\"align-items:center;\"><div class=\"columns__item\" style=\"align-self:center;\"><h2 class=\"h2\">Waarom kiezen voor onze camping met waterpark in de Bouches du Rh\u00f4ne?<\/h2><p    >De<strong> 4-sterren camping Le Ceyreste <\/strong>biedt je tijdens je <strong>vakantie in de Bouches du Rh\u00f4ne<\/strong> toegang tot een prachtig zwemparadijs. Deze ruimte is gewijd aan het plezier van water en bestaat uit 2 grote verwarmde zwembaden, een peuterbad, een glijbaan met verschillende banen en waterspeeltuinen. <\/p><p    >Ligstoelen <strong>bij de zwembaden<\/strong> nodigen kampeerders uit om te ontspannen bij het water. In juli en augustus zijn er <strong>allerlei activiteiten<\/strong> in het waterpark, zoals aquafun en aquafietslessen. <\/p><p    >Er is geen betere manier om tijdens de feestdagen wat energie kwijt te raken dan in een gezellige, dynamische sfeer met de kinderen!<\/p><div class=\"buttons\"><a href=\"https:\/\/www.campingceyreste.com\/nl\/zwembad\/\" rel=\"noreferrer noopener\" rel=\"noreferrer noopener\" class=\"buttons__btn\">Aquatisch gebied<\/a><\/div><\/div><div class=\"columns__item\" style=\"align-self:center;\"><div class=\"gallery\"><figure class=\"gallery__item\"><picture><source srcset=\"https:\/\/www.campingceyreste.com\/wp-content\/uploads\/2025\/10\/espace-aquatique-10-420x236.jpg.webp\" media=\"(max-width: 210px)\"><source srcset=\"https:\/\/www.campingceyreste.com\/wp-content\/uploads\/2025\/10\/espace-aquatique-10-850x478.jpg.webp\" media=\"(max-width: 420px)\"><source srcset=\"https:\/\/www.campingceyreste.com\/wp-content\/uploads\/2025\/10\/espace-aquatique-10-768x432.jpg.webp\" media=\"(max-width: 850px)\"><source srcset=\"https:\/\/www.campingceyreste.com\/wp-content\/uploads\/2025\/10\/espace-aquatique-10-1024x576.jpg.webp\" media=\"(max-width: 1024px)\"><source srcset=\"https:\/\/www.campingceyreste.com\/wp-content\/uploads\/2025\/10\/espace-aquatique-10.jpg.webp\" media=\"(min-width: 1025px)\"><img decoding=\"async\" src=\"https:\/\/www.campingceyreste.com\/wp-content\/uploads\/2025\/10\/espace-aquatique-10-420x236.jpg.webp\" width=\"420\" height=\"210\" alt=\"camping parc aquatique toboggan cassis\" loading=\"lazy\" title=\"\"><\/picture><\/figure><\/div><\/div><\/div>\n\n\n<div style=\"height:4rem\" aria-hidden=\"true\" class=\"wp-block-spacer hide-mob\"><\/div>\n\n\n<div class=\"columns boxage\" style=\"align-items:center;\"><div class=\"columns__item\" style=\"align-self:center;\"><div class=\"gallery\"><figure class=\"gallery__item\"><picture><source srcset=\"https:\/\/www.campingceyreste.com\/wp-content\/uploads\/2025\/11\/alentours-AdobeStock_73385822-420x279.webp\" media=\"(max-width: 210px)\"><source srcset=\"https:\/\/www.campingceyreste.com\/wp-content\/uploads\/2025\/11\/alentours-AdobeStock_73385822-850x564.webp\" media=\"(max-width: 420px)\"><source srcset=\"https:\/\/www.campingceyreste.com\/wp-content\/uploads\/2025\/11\/alentours-AdobeStock_73385822-768x510.webp\" media=\"(max-width: 850px)\"><source srcset=\"https:\/\/www.campingceyreste.com\/wp-content\/uploads\/2025\/11\/alentours-AdobeStock_73385822-1024x680.webp\" media=\"(max-width: 1024px)\"><source srcset=\"https:\/\/www.campingceyreste.com\/wp-content\/uploads\/2025\/11\/alentours-AdobeStock_73385822.webp\" media=\"(min-width: 1025px)\"><img decoding=\"async\" src=\"https:\/\/www.campingceyreste.com\/wp-content\/uploads\/2025\/11\/alentours-AdobeStock_73385822-420x279.webp\" width=\"420\" height=\"210\" alt=\"camping provence calanques\" loading=\"lazy\" title=\"\"><\/picture><\/figure><\/div><\/div><div class=\"columns__item\" style=\"align-self:center;\"><h2>Waarom kiezen voor onze camping aan zee in de Bouches du Rh\u00f4ne?<\/h2><p   id=\"238\" >Camping Le Ceyreste verwelkomt je in het hart van een uitgestrekt dennenbos vlakbij de <strong>stranden <\/strong>van <a href=\"https:\/\/www.campingceyreste.com\/nl\/alentours\/calanque-la-ciotat\/\" data-type=\"alentours\" data-id=\"238\">La Ciotat <\/a>en <a href=\"https:\/\/www.campingceyreste.com\/nl\/alentours\/zwarte-bessen-strand\/\" data-type=\"alentours\" data-id=\"293\">Cassis<\/a>. Deze <strong>4-sterrencamping<\/strong> trekt natuurliefhebbers die op zoek zijn naar verandering van omgeving, ontspanning, comfort en een verscheidenheid aan activiteiten.<\/p><p    >Onze <strong>familiecamping in de Bouches du Rh\u00f4ne<\/strong> biedt een breed scala aan recreatieve activiteiten voor elk wat wils. Profiteer van<strong> het zwemparadijs van 1300 m\u00b2 <\/strong>met verwarmde zwembaden, sportfaciliteiten en thema-entertainment. <\/p><p    >Ontdek in de omgeving van de camping de ongerepte natuur tijdens adembenemende <strong>wandelingen<\/strong> en geniet van de vele<strong> watersporten<\/strong> op de <strong>stranden<\/strong>. En vergeet niet de <strong>Proven\u00e7aalse markten <\/strong>te bezoeken, met hun kleurrijke kraampjes en streekproducten (Proven\u00e7aalse kruiden, olijfolie, enz.). <\/p><div class=\"buttons\"><a href=\"https:\/\/www.campingceyreste.com\/nl\/activiteiten\/\" rel=\"noreferrer noopener\" rel=\"noreferrer noopener\" class=\"buttons__btn\">Activiteiten<\/a><\/div><\/div><\/div>\n\n\n<div style=\"height:4rem\" aria-hidden=\"true\" class=\"wp-block-spacer hide-mob\"><\/div>\n\n\n<div class=\"columns boxage\" style=\"align-items:center;\"><div class=\"columns__item\" style=\"align-self:center;\"><h2 class=\"h2\">Verblijf op onze camping in Provence Alpes C\u00f4te d&#8217;Azur<\/h2><p   id=\"gid_1\" >Ontdek in een prachtige natuurlijke omgeving de <strong>ruime keuze aan accommodaties<\/strong> op camping Le Ceyreste. Kies uit verschillende categorie\u00ebn<g id=\"gid_1\"> stacaravans<\/g> voor uw <g id=\"gid_2\">vakantieverblijf in de Bouches du Rh\u00f4ne<\/g>. Sommige stacaravans bieden ruime kamers, een halfoverdekt terras, airconditioning en een vaatwasser voor optimaal comfort.  <\/p><p    >Liefhebbers van traditioneel kamperen kunnen hun <strong>tent, caravan of camper<\/strong> opzetten op ruime, schaduwrijke en afgebakende plaatsen. Tot slot, voor een<strong> ongewoon<\/strong> en authentiek<strong> verblijf<\/strong> boek je een lodgetent voor maximaal 5 personen, een goed compromis tussen een tent en een stacaravan (halfoverdekt terras, keuken en woonkamer, 2 slaapkamers, geen eigen badkamer). <\/p><div class=\"buttons\"><a href=\"https:\/\/www.campingceyreste.com\/nl\/verhuur\/\" rel=\"noreferrer noopener\" rel=\"noreferrer noopener\" class=\"buttons__btn\">Verhuur<\/a><\/div><\/div><div class=\"columns__item\" style=\"align-self:center;\"><div class=\"gallery\"><figure class=\"gallery__item\"><picture><source srcset=\"https:\/\/www.campingceyreste.com\/wp-content\/uploads\/2025\/11\/alentours-AdobeStock_612107946-420x280.webp\" media=\"(max-width: 210px)\"><source srcset=\"https:\/\/www.campingceyreste.com\/wp-content\/uploads\/2025\/11\/alentours-AdobeStock_612107946-850x567.webp\" media=\"(max-width: 420px)\"><source srcset=\"https:\/\/www.campingceyreste.com\/wp-content\/uploads\/2025\/11\/alentours-AdobeStock_612107946-768x512.webp\" media=\"(max-width: 850px)\"><source srcset=\"https:\/\/www.campingceyreste.com\/wp-content\/uploads\/2025\/11\/alentours-AdobeStock_612107946-1024x683.webp\" media=\"(max-width: 1024px)\"><source srcset=\"https:\/\/www.campingceyreste.com\/wp-content\/uploads\/2025\/11\/alentours-AdobeStock_612107946.webp\" media=\"(min-width: 1025px)\"><img decoding=\"async\" src=\"https:\/\/www.campingceyreste.com\/wp-content\/uploads\/2025\/11\/alentours-AdobeStock_612107946-420x280.webp\" width=\"420\" height=\"210\" alt=\"camping la ciotat calanques\" loading=\"lazy\" title=\"\"><\/picture><\/figure><\/div><\/div><\/div>\n\n\n<div style=\"height:4rem\" aria-hidden=\"true\" class=\"wp-block-spacer hide-mob\"><\/div>\n\n\n<div class=\"columns boxage\"><div class=\"columns__item\"><h2 class=\"h2\">Veelgestelde vragen over uw kampeervakantie in Bouches du Rh\u00f4ne<\/h2><p    ><strong>Waarom kiezen voor een camping in Bouches-du-Rh\u00f4ne?<\/strong><\/p><p    >Ons departement biedt een idyllische omgeving <strong>tussen de Middellandse Zee en de natuur<\/strong>, met bezienswaardigheden zoals de <strong>Calanques de Cassis, de Camargue en de Alpilles<\/strong>. Op een goed gelegen camping kun je zowel genieten van de stranden aan de Middellandse Zee als van de typische landschappen van <strong>de Provence<\/strong>. <\/p><p    ><strong>Waar kun je het beste kamperen in Bouches-du-Rh\u00f4ne?<\/strong><\/p><p    >Populaire bestemmingen zijn <strong>La Ciotat, Cassis, Marseille en Aix-en-Provence<\/strong>. Elk biedt een unieke ervaring, tussen ontspannen aan zee en het ontdekken van het erfgoed van de Provence. <\/p><\/div><div class=\"columns__item\"><p    ><strong>Welke activiteiten kunt u doen tijdens uw verblijf op een camping in Bouches-du-Rh\u00f4ne?<\/strong><\/p><p    >Geniet van <strong>wandelen <\/strong>in de Calanques, <strong>watersporten<\/strong> op de stranden, het ontdekken van de <strong>markten van de Provence<\/strong> en culturele bezoeken aan Arles en Aix-en-Provence.<\/p><p    ><strong>Welke soorten accommodaties zijn er op een camping in Bouches-du-Rh\u00f4ne?<\/strong><\/p><p    >De campings bieden volledig uitgeruste stacaravans, staanplaatsen voor tenten en campers, maar ook ongebruikelijke accommodaties zoals lodgetenten voor een natuurervaring.<\/p><p    ><strong>Wat is de beste periode om te gaan kamperen in Bouches-du-Rh\u00f4ne?<\/strong><\/p><p    >De ideale periode is <strong>van april tot oktober<\/strong>, wanneer het klimaat mild en zonnig is. De zomer is perfect voor het strand en entertainment, terwijl de lente en de herfst een rustigere omgeving bieden om de regio te verkennen. <\/p><\/div><\/div>","protected":false},"excerpt":{"rendered":"<p>Kampeervakantie in de Bouches du Rh\u00f4ne Boek uw kampeervakantie in Bouches-du-Rh\u00f4ne, een van de zonnigste departementen van Frankrijk! De 4-sterrencamping Le Ceyreste met zwembad is ideaal gelegen om alle schatten van deze regio Provence-Alpes-C\u00f4te d&#8217;Azur te ontdekken. Ontdek de Bouches-du-Rh\u00f4ne tijdens een kampeervakantie De Bouches du Rh\u00f4ne bieden oneindig veel adembenemende landschappen en activiteiten voor [&hellip;]<\/p>\n","protected":false},"author":1,"featured_media":0,"parent":0,"menu_order":0,"comment_status":"closed","ping_status":"closed","template":"","meta":{"_acf_changed":false,"footnotes":""},"acf":[],"_links":{"self":[{"href":"https:\/\/www.campingceyreste.com\/nl\/wp-json\/wp\/v2\/pages\/37418"}],"collection":[{"href":"https:\/\/www.campingceyreste.com\/nl\/wp-json\/wp\/v2\/pages"}],"about":[{"href":"https:\/\/www.campingceyreste.com\/nl\/wp-json\/wp\/v2\/types\/page"}],"author":[{"embeddable":true,"href":"https:\/\/www.campingceyreste.com\/nl\/wp-json\/wp\/v2\/users\/1"}],"replies":[{"embeddable":true,"href":"https:\/\/www.campingceyreste.com\/nl\/wp-json\/wp\/v2\/comments?post=37418"}],"version-history":[{"count":2,"href":"https:\/\/www.campingceyreste.com\/nl\/wp-json\/wp\/v2\/pages\/37418\/revisions"}],"predecessor-version":[{"id":43466,"href":"https:\/\/www.campingceyreste.com\/nl\/wp-json\/wp\/v2\/pages\/37418\/revisions\/43466"}],"wp:attachment":[{"href":"https:\/\/www.campingceyreste.com\/nl\/wp-json\/wp\/v2\/media?parent=37418"}],"curies":[{"name":"wp","href":"https:\/\/api.w.org\/{rel}","templated":true}]}}