{"id":37424,"date":"2025-10-24T15:02:13","date_gmt":"2025-10-24T13:02:13","guid":{"rendered":"https:\/\/www.campingceyreste.com\/pagnol-aubagne\/"},"modified":"2025-12-23T12:22:08","modified_gmt":"2025-12-23T11:22:08","slug":"pagnol-aubagne","status":"publish","type":"page","link":"https:\/\/www.campingceyreste.com\/nl\/pagnol-aubagne\/","title":{"rendered":"Pagnol Aubagne"},"content":{"rendered":"<div class=\"diaporama-header align-full\"><div class=\"gallery\"><figure class=\"gallery__item\"><picture><source srcset=\"https:\/\/www.campingceyreste.com\/wp-content\/uploads\/2025\/11\/aubagne-AdobeStock_96342538-420x280.webp\" media=\"(max-width: 210px)\"><source srcset=\"https:\/\/www.campingceyreste.com\/wp-content\/uploads\/2025\/11\/aubagne-AdobeStock_96342538-850x567.webp\" media=\"(max-width: 420px)\"><source srcset=\"https:\/\/www.campingceyreste.com\/wp-content\/uploads\/2025\/11\/aubagne-AdobeStock_96342538-768x512.webp\" media=\"(max-width: 850px)\"><source srcset=\"https:\/\/www.campingceyreste.com\/wp-content\/uploads\/2025\/11\/aubagne-AdobeStock_96342538-1024x683.webp\" media=\"(max-width: 1024px)\"><source srcset=\"https:\/\/www.campingceyreste.com\/wp-content\/uploads\/2025\/11\/aubagne-AdobeStock_96342538.webp\" media=\"(min-width: 1025px)\"><img loading=\"lazy\" decoding=\"async\" src=\"https:\/\/www.campingceyreste.com\/wp-content\/uploads\/2025\/11\/aubagne-AdobeStock_96342538-420x280.webp\" width=\"420\" height=\"210\" alt=\"\" title=\"\"><\/picture><\/figure><\/div><div class=\"diaporama-header__inner\"><h1 style=\"text-align: center;\">In de voetsporen van Marcel Pagnol in Aubagne, Provence<\/h1><\/div><\/div>\n\n<div class=\"group text-header\"><p class=\"mini center\" style=\"text-align: center;\"  ><strong>Manon des Sources<\/strong>, Hugolin, <strong>La Gloire de mon p\u00e8re<\/strong> en <strong>Le Ch\u00e2teau de ma m\u00e8re<\/strong> zijn slechts enkele van de personages en plaatsen die herinneren aan het leven en<strong> werk van Marcel Pagnol<\/strong>. Om nog meer te weten te komen over deze beroemde filmmaker, ga je naar <strong>Aubagne <\/strong>en verken je <strong>de Provence van Pagnol<\/strong>. <\/p><\/div>\n\n<div class=\"columns boxage\" style=\"align-items:center;\"><div class=\"columns__item\" style=\"align-self:center;\"><div class=\"gallery\"><figure class=\"gallery__item\"><picture><source srcset=\"https:\/\/www.campingceyreste.com\/wp-content\/uploads\/2025\/11\/aubagne-AdobeStock_86560832-420x280.webp\" media=\"(max-width: 210px)\"><source srcset=\"https:\/\/www.campingceyreste.com\/wp-content\/uploads\/2025\/11\/aubagne-AdobeStock_86560832-850x567.webp\" media=\"(max-width: 420px)\"><source srcset=\"https:\/\/www.campingceyreste.com\/wp-content\/uploads\/2025\/11\/aubagne-AdobeStock_86560832-768x512.webp\" media=\"(max-width: 850px)\"><source srcset=\"https:\/\/www.campingceyreste.com\/wp-content\/uploads\/2025\/11\/aubagne-AdobeStock_86560832-1024x683.webp\" media=\"(max-width: 1024px)\"><source srcset=\"https:\/\/www.campingceyreste.com\/wp-content\/uploads\/2025\/11\/aubagne-AdobeStock_86560832.webp\" media=\"(min-width: 1025px)\"><img decoding=\"async\" src=\"https:\/\/www.campingceyreste.com\/wp-content\/uploads\/2025\/11\/aubagne-AdobeStock_86560832-420x280.webp\" width=\"420\" height=\"210\" loading=\"lazy\" alt=\"\" title=\"\"><\/picture><\/figure><\/div><\/div><div class=\"columns__item\" style=\"align-self:center;\"><h2>Aubagne, geboorteplaats van Marcel Pagnol<\/h2><p    >Marcel Pagnol, de beroemde 20e-eeuwse filmmaker en schrijver, werd geboren in <a href=\"https:\/\/www.campingceyreste.com\/nl\/alentours\/aubagne\/\">Aubagne<\/a> op 16 cours Barth\u00e9l\u00e9my op 28 februari 1895. Hij groeide op in deze streek en woonde er tot zijn tienerjaren, toen hij met zijn ouders naar Marseille verhuisde. Toch keerde hij met zijn familie op vakantie terug naar Bastide Neuve in <strong>de heuvels boven Aubagne<\/strong>.<\/p><p    >Marcel Pagnol waardeerde de eenvoudige charme van <strong>de Provence <\/strong>en zijn films brachten hulde aan de landschappen en mensen van de regio. Het werk van Pagnol, dat over de hele wereld werd verfilmd, blijft een groot succes. De stad Aubagne is trots om hulde te brengen aan deze<strong> inwoner van de regio<\/strong> en biedt een rondleiding door <strong>het huis van Pagnol<\/strong>.  <\/p><p    >Je kunt ook in de voetsporen van de filmmaker treden door plaatsen te ontdekken die hem na aan het hart liggen, zoals <strong>La Font de Mai<\/strong>, een Proven\u00e7aalse bastide aan de voet van het <strong>Garlaban-massief<\/strong> dat als decor diende voor enkele van zijn films.<\/p><\/div><\/div>\n\n\n<div style=\"height:4rem\" aria-hidden=\"true\" class=\"wp-block-spacer hide-mob\"><\/div>\n\n\n<div class=\"columns boxage\" style=\"align-items:center;\"><div class=\"columns__item\" style=\"align-self:center;\"><h2>In de voetsporen van Marcel Pagnol<\/h2><h3 class=\"h5\">De &#8220;jeugdherinneringen&#8221; wandeling<\/h3><p   id=\"gid_1\" >Vertrek voor een geweldig dagje uit tijdens deze begeleide<strong> wandeltocht<\/strong> van 9 km. De <g id=\"gid_1\">wandeling<\/g> begint met een bezoek aan de Mas de Massacan, <g id=\"gid_2\">het huis van Hugolin<\/g>, het beroemde personage uit de film Manon des Sources. Vervolgens ontdek je de boerderij van Ang\u00e8le voordat je picknickt in het hart van de <strong>Garrigue<\/strong>. Je komt ook langs <g id=\"gid_4\">het vakantiehuis van Pagnol<\/g>, Bastide Neuve, voordat je aankomt in het dorp <g id=\"gid_5\">La Treille<\/g>. De wandeling eindigt met een stop bij het kerkhof waar de filmmaker en schrijver begraven ligt.    <\/p><div class=\"lireplus fc-desk\"><p    >Meer lezen<\/p><div class=\"group\"><h3 class=\"h5\">De &#8220;Tijd van geheimen&#8221; tour<\/h3><p    >Deze <strong>Pagnol-wandeling <\/strong>van 12 km (ongeveer 5 uur) is zowel sportief als cultureel en voert door het prachtige landschap van het <strong>Garlaban-massief<\/strong>. Je ziet het natuurlijke decor van de film &#8220;Le temps des secrets&#8221;, geregisseerd door Christophe Barratier en gebaseerd op de jeugdherinneringen van Marcel Pagnol. Je gids vertelt je een paar anekdotes en laat je alle <strong>buitenlocaties<\/strong> zien <strong>waar de film is opgenomen<\/strong> (grotte du hibou, Croix du Garlaban, enz.).  <\/p><p    >Deze wandeling is bedoeld voor <strong>regelmatige wandelaars of ervaren trekkers<\/strong>. De 2 routes vereisen goede wandelschoenen, geschikte kleding, een picknick en voldoende water om je vochtgehalte op peil te houden. <\/p><\/div><\/div><\/div><div class=\"columns__item\" style=\"align-self:center;\"><div class=\"gallery\"><figure class=\"gallery__item\"><picture><source srcset=\"https:\/\/www.campingceyreste.com\/wp-content\/uploads\/2025\/11\/aubagne-AdobeStock_255381458-420x280.webp\" media=\"(max-width: 210px)\"><source srcset=\"https:\/\/www.campingceyreste.com\/wp-content\/uploads\/2025\/11\/aubagne-AdobeStock_255381458-850x567.webp\" media=\"(max-width: 420px)\"><source srcset=\"https:\/\/www.campingceyreste.com\/wp-content\/uploads\/2025\/11\/aubagne-AdobeStock_255381458-768x512.webp\" media=\"(max-width: 850px)\"><source srcset=\"https:\/\/www.campingceyreste.com\/wp-content\/uploads\/2025\/11\/aubagne-AdobeStock_255381458-1024x683.webp\" media=\"(max-width: 1024px)\"><source srcset=\"https:\/\/www.campingceyreste.com\/wp-content\/uploads\/2025\/11\/aubagne-AdobeStock_255381458.webp\" media=\"(min-width: 1025px)\"><img decoding=\"async\" src=\"https:\/\/www.campingceyreste.com\/wp-content\/uploads\/2025\/11\/aubagne-AdobeStock_255381458-420x280.webp\" width=\"420\" height=\"210\" loading=\"lazy\" alt=\"\" title=\"\"><\/picture><\/figure><\/div><\/div><\/div>\n\n\n<div style=\"height:4rem\" aria-hidden=\"true\" class=\"wp-block-spacer hide-mob\"><\/div>\n\n\n<div class=\"columns boxage\" style=\"align-items:center;\"><div class=\"columns__item\" style=\"align-self:center;\"><div class=\"gallery\"><figure class=\"gallery__item\"><picture><source srcset=\"https:\/\/www.campingceyreste.com\/wp-content\/uploads\/2025\/11\/aubagne-AdobeStock_96342538-420x280.webp\" media=\"(max-width: 210px)\"><source srcset=\"https:\/\/www.campingceyreste.com\/wp-content\/uploads\/2025\/11\/aubagne-AdobeStock_96342538-850x567.webp\" media=\"(max-width: 420px)\"><source srcset=\"https:\/\/www.campingceyreste.com\/wp-content\/uploads\/2025\/11\/aubagne-AdobeStock_96342538-768x512.webp\" media=\"(max-width: 850px)\"><source srcset=\"https:\/\/www.campingceyreste.com\/wp-content\/uploads\/2025\/11\/aubagne-AdobeStock_96342538-1024x683.webp\" media=\"(max-width: 1024px)\"><source srcset=\"https:\/\/www.campingceyreste.com\/wp-content\/uploads\/2025\/11\/aubagne-AdobeStock_96342538.webp\" media=\"(min-width: 1025px)\"><img decoding=\"async\" src=\"https:\/\/www.campingceyreste.com\/wp-content\/uploads\/2025\/11\/aubagne-AdobeStock_96342538-420x280.webp\" width=\"420\" height=\"210\" loading=\"lazy\" alt=\"\" title=\"\"><\/picture><\/figure><\/div><\/div><div class=\"columns__item\" style=\"align-self:center;\"><h2>Marcel Pagnol beter leren kennen in de Provence<\/h2><p   id=\"236\" >Haal het meeste uit uw <a href=\"https:\/\/www.campingceyreste.com\/nl\/alentours\/aubagne-als-gezin\/\" data-type=\"alentours\" data-id=\"236\">Een uitstapje met het gezin naar Aubagne<\/a> om <strong>de Kleine Wereld van Marcel Pagnol<\/strong> te ontdekken. In dit leuke en levendige museum in Aubagne zijn meer dan 200 santons van klei te zien, gemaakt door toonaangevende kunstenaars uit de regio. Met lichteffecten, geluiden en reconstructies geven deze figuurtjes een origineel inzicht in <strong>het leven<\/strong> en werk <strong>van Marcel Pagnol<\/strong>.<\/p><p    >Profiteer voor een zeer betaalbare prijs van deze rondleiding, die voor iedereen toegankelijk is, en ontmoet alle <strong>beroemde personages uit de wereld van Pagnol.<\/strong> Dit museum is zowel een eerbetoon aan de <strong>vaardigheden van de meester-santonniers<\/strong> als aan <strong>de Provence van Pagnol<\/strong>.<\/p><\/div><\/div>\n\n\n<div style=\"height:4rem\" aria-hidden=\"true\" class=\"wp-block-spacer hide-mob\"><\/div>\n\n\n<div class=\"columns boxage\" style=\"align-items:center;\"><div class=\"columns__item\" style=\"align-self:center;\"><h2 class=\"h2\">Camping Le Ceyreste bij Aubagne<\/h2><p   id=\"205\" >De <a href=\"https:\/\/www.campingceyreste.com\/nl\/\" data-type=\"page\" data-id=\"205\">4-sterrencamping Le Ceyreste bij Aubagne<\/a> verwelkomt je op het platteland van Pagnol, op 20 km van Aubagne. De ligging is ideaal om te genieten van de stranden van La Ciotat en Cassis, maar ook om<strong> het achterland van de Provence<\/strong> te bezoeken. In een groene en rustige omgeving wordt u ondergebracht zoals u wilt, in comfortabele stacaravans, in tent lodges of op een van de staanplaatsen die tot uw beschikking staan.  <\/p><p    >Deze camping met zwembad biedt een breed scala aan activiteiten en diensten om je te vermaken en comfortabel te houden tijdens je vakantie in<strong> Zuid-Frankrijk<\/strong>.<\/p><p   id=\"306\" >Camping Le Ceyreste biedt je een vakantie die zowel<strong> cultureel als <\/strong><a href=\"https:\/\/www.campingceyreste.com\/nl\/toerisme-aubagne\/\" data-type=\"page\" data-id=\"306\">toeristisch<\/a> is, waar je kunt afwisselen tussen zwemmen op het <strong>strand <\/strong>en het ontdekken van het rijke erfgoed van de regio. Breng een onvergetelijke vakantie door <strong>tussen de zee en de bergen<\/strong> <strong>onder de zon van de Provence<\/strong>.<\/p><\/div><div class=\"columns__item\" style=\"align-self:center;\"><div class=\"gallery\"><figure class=\"gallery__item\"><picture><source srcset=\"https:\/\/www.campingceyreste.com\/wp-content\/uploads\/2025\/11\/aubagne-AdobeStock_49473967-420x280.webp\" media=\"(max-width: 210px)\"><source srcset=\"https:\/\/www.campingceyreste.com\/wp-content\/uploads\/2025\/11\/aubagne-AdobeStock_49473967-850x567.webp\" media=\"(max-width: 420px)\"><source srcset=\"https:\/\/www.campingceyreste.com\/wp-content\/uploads\/2025\/11\/aubagne-AdobeStock_49473967-768x512.webp\" media=\"(max-width: 850px)\"><source srcset=\"https:\/\/www.campingceyreste.com\/wp-content\/uploads\/2025\/11\/aubagne-AdobeStock_49473967-1024x683.webp\" media=\"(max-width: 1024px)\"><source srcset=\"https:\/\/www.campingceyreste.com\/wp-content\/uploads\/2025\/11\/aubagne-AdobeStock_49473967.webp\" media=\"(min-width: 1025px)\"><img decoding=\"async\" src=\"https:\/\/www.campingceyreste.com\/wp-content\/uploads\/2025\/11\/aubagne-AdobeStock_49473967-420x280.webp\" width=\"420\" height=\"210\" loading=\"lazy\" alt=\"\" title=\"\"><\/picture><\/figure><\/div><\/div><\/div>","protected":false},"excerpt":{"rendered":"<p>In de voetsporen van Marcel Pagnol in Aubagne, Provence Manon des Sources, Hugolin, La Gloire de mon p\u00e8re en Le Ch\u00e2teau de ma m\u00e8re zijn slechts enkele van de personages en plaatsen die herinneren aan het leven en werk van Marcel Pagnol. Om nog meer te weten te komen over deze beroemde filmmaker, ga je [&hellip;]<\/p>\n","protected":false},"author":1,"featured_media":0,"parent":0,"menu_order":0,"comment_status":"closed","ping_status":"closed","template":"","meta":{"_acf_changed":false,"footnotes":""},"acf":[],"_links":{"self":[{"href":"https:\/\/www.campingceyreste.com\/nl\/wp-json\/wp\/v2\/pages\/37424"}],"collection":[{"href":"https:\/\/www.campingceyreste.com\/nl\/wp-json\/wp\/v2\/pages"}],"about":[{"href":"https:\/\/www.campingceyreste.com\/nl\/wp-json\/wp\/v2\/types\/page"}],"author":[{"embeddable":true,"href":"https:\/\/www.campingceyreste.com\/nl\/wp-json\/wp\/v2\/users\/1"}],"replies":[{"embeddable":true,"href":"https:\/\/www.campingceyreste.com\/nl\/wp-json\/wp\/v2\/comments?post=37424"}],"version-history":[{"count":2,"href":"https:\/\/www.campingceyreste.com\/nl\/wp-json\/wp\/v2\/pages\/37424\/revisions"}],"predecessor-version":[{"id":43476,"href":"https:\/\/www.campingceyreste.com\/nl\/wp-json\/wp\/v2\/pages\/37424\/revisions\/43476"}],"wp:attachment":[{"href":"https:\/\/www.campingceyreste.com\/nl\/wp-json\/wp\/v2\/media?parent=37424"}],"curies":[{"name":"wp","href":"https:\/\/api.w.org\/{rel}","templated":true}]}}