{"id":37440,"date":"2025-10-24T15:02:13","date_gmt":"2025-10-24T13:02:13","guid":{"rendered":"https:\/\/www.campingceyreste.com\/huizenruil-la-ciotat\/"},"modified":"2025-12-23T12:12:58","modified_gmt":"2025-12-23T11:12:58","slug":"huizenruil-la-ciotat","status":"publish","type":"page","link":"https:\/\/www.campingceyreste.com\/nl\/huizenruil-la-ciotat\/","title":{"rendered":"Huizenruil La Ciotat"},"content":{"rendered":"<div class=\"diaporama-header align-full\"><div class=\"gallery\"><figure class=\"gallery__item\"><picture><source srcset=\"https:\/\/www.campingceyreste.com\/wp-content\/uploads\/2025\/11\/ciotat-AdobeStock_287589399-420x280.webp\" media=\"(max-width: 210px)\"><source srcset=\"https:\/\/www.campingceyreste.com\/wp-content\/uploads\/2025\/11\/ciotat-AdobeStock_287589399-850x567.webp\" media=\"(max-width: 420px)\"><source srcset=\"https:\/\/www.campingceyreste.com\/wp-content\/uploads\/2025\/11\/ciotat-AdobeStock_287589399-768x512.webp\" media=\"(max-width: 850px)\"><source srcset=\"https:\/\/www.campingceyreste.com\/wp-content\/uploads\/2025\/11\/ciotat-AdobeStock_287589399-1024x683.webp\" media=\"(max-width: 1024px)\"><source srcset=\"https:\/\/www.campingceyreste.com\/wp-content\/uploads\/2025\/11\/ciotat-AdobeStock_287589399.webp\" media=\"(min-width: 1025px)\"><img loading=\"lazy\" decoding=\"async\" src=\"https:\/\/www.campingceyreste.com\/wp-content\/uploads\/2025\/11\/ciotat-AdobeStock_287589399-420x280.webp\" width=\"420\" height=\"210\" alt=\"\" title=\"\"><\/picture><\/figure><\/div><div class=\"diaporama-header__inner\"><h1 style=\"text-align: center;\">Vakantiewoning in La Ciotat<\/h1><\/div><\/div>\n\n<div class=\"group text-header\"><p class=\"mini center\" style=\"text-align: center;\" id=\"gid_1\" ><strong>La Ciotat<\/strong>, genesteld tussen zee en heuvels, is een ideale bestemming voor een vakantie die natuur, ontspanning en culturele ontdekkingen combineert. Met zijn historische erfgoed, majestueuze <g id=\"gid_1\">calanques <\/g>en authentieke <g id=\"gid_2\">Proven\u00e7aalse sfeer<\/g> zal La Ciotat reizigers aanspreken die op zoek zijn naar een ontsnapping. Of je nu houdt van luieren op het <g id=\"gid_3\">strand<\/g>, <g id=\"gid_4\">wandelen<\/g> of<g id=\"gid_5\"> gastronomische ontdekkingen<\/g>, deze mediterrane stad heeft het allemaal. Bereid je voor op een onvergetelijke ervaring! Geniet van een <a href=\"https:\/\/www.campingceyreste.com\/nl\/camping-bouches-du-rhone\/\" data-type=\"page\" data-id=\"307\">4-sterren camping in Bouches-du-Rh\u00f4ne<\/a>    <strong> <\/strong>om La Ciotat te ontdekken.<\/p><\/div>\n\n<div class=\"columns boxage\" style=\"align-items:center;\"><div class=\"columns__item\" style=\"align-self:center;\"><div class=\"gallery\"><figure class=\"gallery__item\"><picture><source srcset=\"https:\/\/www.campingceyreste.com\/wp-content\/uploads\/2025\/11\/ciotat-AdobeStock_111532144-420x280.webp\" media=\"(max-width: 210px)\"><source srcset=\"https:\/\/www.campingceyreste.com\/wp-content\/uploads\/2025\/11\/ciotat-AdobeStock_111532144-850x567.webp\" media=\"(max-width: 420px)\"><source srcset=\"https:\/\/www.campingceyreste.com\/wp-content\/uploads\/2025\/11\/ciotat-AdobeStock_111532144-768x512.webp\" media=\"(max-width: 850px)\"><source srcset=\"https:\/\/www.campingceyreste.com\/wp-content\/uploads\/2025\/11\/ciotat-AdobeStock_111532144-1024x683.webp\" media=\"(max-width: 1024px)\"><source srcset=\"https:\/\/www.campingceyreste.com\/wp-content\/uploads\/2025\/11\/ciotat-AdobeStock_111532144.webp\" media=\"(min-width: 1025px)\"><img decoding=\"async\" src=\"https:\/\/www.campingceyreste.com\/wp-content\/uploads\/2025\/11\/ciotat-AdobeStock_111532144-420x280.webp\" width=\"420\" height=\"210\" loading=\"lazy\" alt=\"\" title=\"\"><\/picture><\/figure><\/div><\/div><div class=\"columns__item\" style=\"align-self:center;\"><h2>Ontdek La Ciotat op vakantie<\/h2><p   id=\"250\" ><a href=\"https:\/\/www.campingceyreste.com\/nl\/alentours\/la-ciotat\/\" data-type=\"alentours\" data-id=\"250\">La Ciotat <\/a>, gelegen <strong>aan de oevers van de Middellandse Zee<\/strong>, is een populaire bestemming voor vakanties die natuur, erfgoed en buitenactiviteiten combineren. Deze stad in het departement <strong>Bouches-du-Rh\u00f4ne<\/strong> is een echt <strong>Proven\u00e7aals paradijs<\/strong>. Ontdek de prachtige <strong>stranden <\/strong>van La Ciotat, die zich uitstrekken langs 7 kilometer kustlijn:<\/p><ul><li>het familiestrand van La Grande plage en het fijne zand,\n<\/li><li>het sportstrand met het strand Saint-Jean en zijn watersportactiviteiten\n<\/li><li>Een ideaal strand voor kinderen, met het zacht glooiende Plage Lumi\u00e8re en de speeltuinen.\n<\/li><\/ul><p    >Het staat bekend om zijn rijke historische verleden en herbergt architectonische schatten zoals de oude kerk Notre-Dame-de-l&#8217;Assomption en<strong> de oudste bioscoop ter wereld<\/strong>, het \u00c9den-Th\u00e9\u00e2tre. Slenteren door de geplaveide straatjes is een geweldige manier om de authentieke sfeer te ontdekken die typisch is voor <strong>Proven\u00e7aalse dorpjes<\/strong>. <\/p><\/div><\/div>\n\n\n<div style=\"height:4rem\" aria-hidden=\"true\" class=\"wp-block-spacer hide-mob\"><\/div>\n\n\n<div class=\"columns boxage\" style=\"align-items:center;\"><div class=\"columns__item\" style=\"align-self:center;\"><h2>La Ciotat: wilde kreken, typische markten en Proven\u00e7aalse tradities<\/h2><p   id=\"gid_1\" >Op slechts een paar kilometer afstand biedt het <strong>Nationaal Park Calanques<\/strong> een adembenemend landschap, perfect om te wandelen of te kajakken. Dit opmerkelijke natuurlijke erfgoed biedt spectaculaire uitzichten en afgelegen zwemplekjes in de kreken en baaien. Natuurliefhebbers zullen ook de <g id=\"gid_1\">Calanque de Figuerolles<\/g> waarderen, een uitzonderlijke natuurlijke plek om te zwemmen en snorkelen. Natuurliefhebbers en <strong>wandelaars <\/strong>zullen de charme waarderen van de wandelpaden die de kustlijn en het binnenland doorkruisen, waar verandering van omgeving en verandering van decor gegarandeerd zijn!   <\/p><div class=\"lireplus fc-desk\"><p    >Meer lezen<\/p><div class=\"group\"><p   id=\"255\" >Er is geen tekort aan toeristische attracties in La Ciotat. Een van de must-sees is het <a href=\"https:\/\/www.campingceyreste.com\/nl\/alentours\/mugelpark\/\" data-type=\"alentours\" data-id=\"255\">Parc du Mugel<\/a>, met zijn exotische tuinen en adembenemende uitzichten over de baai. Let op het contrast tussen de traditionele barkjes, de pointus, en de grote jachten. Wandel door de emblematische wijk van de stad, <strong>de Vieux Port in La Ciotat<\/strong>, die authentieke charme en een typisch <strong>Proven\u00e7aalse<\/strong> sfeer biedt. Om de lokale ambachten en gastronomie te ontdekken, is er niets beter dan een bezoek aan de boerenmarkt, die elke zaterdagochtend in de Port-Vieux wordt gehouden, tegelijk met de vismarkt. Hier kun je lokale culinaire specialiteiten proeven zoals de beroemde bouillabaisse, ancho\u00efade en calissons.<\/p><\/div><\/div><\/div><div class=\"columns__item\" style=\"align-self:center;\"><div class=\"gallery\"><figure class=\"gallery__item\"><picture><source srcset=\"https:\/\/www.campingceyreste.com\/wp-content\/uploads\/2025\/11\/ciotat-AdobeStock_130879393-420x280.webp\" media=\"(max-width: 210px)\"><source srcset=\"https:\/\/www.campingceyreste.com\/wp-content\/uploads\/2025\/11\/ciotat-AdobeStock_130879393-850x567.webp\" media=\"(max-width: 420px)\"><source srcset=\"https:\/\/www.campingceyreste.com\/wp-content\/uploads\/2025\/11\/ciotat-AdobeStock_130879393-768x512.webp\" media=\"(max-width: 850px)\"><source srcset=\"https:\/\/www.campingceyreste.com\/wp-content\/uploads\/2025\/11\/ciotat-AdobeStock_130879393-1024x683.webp\" media=\"(max-width: 1024px)\"><source srcset=\"https:\/\/www.campingceyreste.com\/wp-content\/uploads\/2025\/11\/ciotat-AdobeStock_130879393.webp\" media=\"(min-width: 1025px)\"><img decoding=\"async\" src=\"https:\/\/www.campingceyreste.com\/wp-content\/uploads\/2025\/11\/ciotat-AdobeStock_130879393-420x280.webp\" width=\"420\" height=\"210\" loading=\"lazy\" alt=\"\" title=\"\"><\/picture><\/figure><\/div><\/div><\/div>\n\n\n<div style=\"height:4rem\" aria-hidden=\"true\" class=\"wp-block-spacer hide-mob\"><\/div>\n\n\n<div class=\"columns boxage\" style=\"align-items:center;\"><div class=\"columns__item\" style=\"align-self:center;\"><div class=\"gallery\"><figure class=\"gallery__item\"><picture><source srcset=\"https:\/\/www.campingceyreste.com\/wp-content\/uploads\/2025\/11\/ciotat-AdobeStock_188463530-420x280.webp\" media=\"(max-width: 210px)\"><source srcset=\"https:\/\/www.campingceyreste.com\/wp-content\/uploads\/2025\/11\/ciotat-AdobeStock_188463530-850x567.webp\" media=\"(max-width: 420px)\"><source srcset=\"https:\/\/www.campingceyreste.com\/wp-content\/uploads\/2025\/11\/ciotat-AdobeStock_188463530-768x512.webp\" media=\"(max-width: 850px)\"><source srcset=\"https:\/\/www.campingceyreste.com\/wp-content\/uploads\/2025\/11\/ciotat-AdobeStock_188463530-1024x683.webp\" media=\"(max-width: 1024px)\"><source srcset=\"https:\/\/www.campingceyreste.com\/wp-content\/uploads\/2025\/11\/ciotat-AdobeStock_188463530.webp\" media=\"(min-width: 1025px)\"><img decoding=\"async\" src=\"https:\/\/www.campingceyreste.com\/wp-content\/uploads\/2025\/11\/ciotat-AdobeStock_188463530-420x280.webp\" width=\"420\" height=\"210\" loading=\"lazy\" alt=\"\" title=\"\"><\/picture><\/figure><\/div><\/div><div class=\"columns__item\" style=\"align-self:center;\"><h2>De juiste accommodatie kiezen in La Ciotat<\/h2><p    >Het vinden van de perfecte accommodatie is essentieel voor een geslaagde<strong> vakantie in La Ciotat<\/strong>. De stad biedt een breed scala aan mogelijkheden, van <strong>gezinswoningen<\/strong> tot moderne <strong>appartementen <\/strong>en gezellige <strong>bed &amp; breakfasts<\/strong>. Vooral accommodaties met een tuin, terras of zwembad zijn populair, omdat ze extra comfort bieden en je optimaal kunt genieten van het mooie weer.  <\/p><div class=\"lireplus fc-desk\"><p    >Meer lezen<\/p><div class=\"group\"><p    ><strong>Om de beste accommodatie te kiezen<\/strong>, zijn er verschillende criteria waar je rekening mee moet houden. <strong>De locatie <\/strong>is belangrijk: kies een accommodatie in de buurt van de oude haven of het strand voor gemakkelijke toegang tot activiteiten. <strong>De prijs<\/strong> is ook een belangrijke factor; het is een goed idee om aanbiedingen te vergelijken om de beste prijs-kwaliteitverhouding te vinden. Tot slot spelen <strong>faciliteiten<\/strong> een doorslaggevende rol: een goed uitgeruste keuken, snelle Wi-Fi-verbinding of buitenruimte kunnen het verschil maken.  <\/p><\/div><\/div><\/div><\/div>\n\n\n<div style=\"height:4rem\" aria-hidden=\"true\" class=\"wp-block-spacer hide-mob\"><\/div>\n\n\n<div class=\"columns boxage\" style=\"align-items:center;\"><div class=\"columns__item\" style=\"align-self:center;\"><h2 class=\"h2\">Camping in La Ciotat<\/h2><p    >Camping Le Ceyreste heet je welkom in Ceyreste, een pittoresk dorpje op slechts 6 kilometer van La Ciotat. Het is een ideale locatie in de<strong> Bouches du Rh\u00f4ne <\/strong>en dicht bij de <strong>Var<\/strong>. <\/p><p   id=\"250\" >Op minder dan een uur rijden kun je genieten van de mooiste plekjes van de regio: de stranden en de haven van <a href=\"https:\/\/www.campingceyreste.com\/nl\/alentours\/la-ciotat\/\" data-type=\"alentours\" data-id=\"250\">La Ciotat<\/a>, Cassis en zijn kreken, Aubagne en het Garlaban-massief, dat Pagnol zo dierbaar was, en Aix-en-Provence, een stad van kunst en cultuur. Deze <strong>4-sterrencamping <\/strong>ligt midden in een uitgestrekt dennenbos met uitzicht op La Ciotat. Je bent verzekerd van een ontspannen, rustig verblijf.<\/p><div class=\"lireplus fc-desk\"><p    >Meer lezen<\/p><div class=\"group\"><p    >Geniet tijdens je vakantie van het zwemmen in de Middellandse Zee en het prachtige waterparadijs van de camping. Meer dan 1.300 m\u00b2 gewijd aan de geneugten van het water wachten op je! Ontdek een overloopzwembad met verwarmd zwembad, een groot verwarmd zwembad, een groot peuterbad, een glijbaan met meerdere banen en een waterspeeltuin.  <\/p><p    >Bovendien biedt deze <strong>gezinscamping in de buurt van La Ciotat<\/strong> tal van activiteiten en animaties om je te vermaken tijdens je verblijf (sportfaciliteiten, fitnessruimte, speeltuin, avondanimatie, enz.) Tot slot beschikt camping Ceyreste over een nieuw restaurant waar je gerechten kunt eten of meenemen, een brooddepot en oplaadpunten voor elektrische auto&#8217;s. We hebben alles om je tevreden te houden!  <\/p><\/div><\/div><\/div><div class=\"columns__item\" style=\"align-self:center;\"><div class=\"gallery\"><figure class=\"gallery__item\"><picture><source srcset=\"https:\/\/www.campingceyreste.com\/wp-content\/uploads\/2025\/11\/ciotat-AdobeStock_306735571-420x280.webp\" media=\"(max-width: 210px)\"><source srcset=\"https:\/\/www.campingceyreste.com\/wp-content\/uploads\/2025\/11\/ciotat-AdobeStock_306735571-850x567.webp\" media=\"(max-width: 420px)\"><source srcset=\"https:\/\/www.campingceyreste.com\/wp-content\/uploads\/2025\/11\/ciotat-AdobeStock_306735571-768x512.webp\" media=\"(max-width: 850px)\"><source srcset=\"https:\/\/www.campingceyreste.com\/wp-content\/uploads\/2025\/11\/ciotat-AdobeStock_306735571-1024x683.webp\" media=\"(max-width: 1024px)\"><source srcset=\"https:\/\/www.campingceyreste.com\/wp-content\/uploads\/2025\/11\/ciotat-AdobeStock_306735571.webp\" media=\"(min-width: 1025px)\"><img decoding=\"async\" src=\"https:\/\/www.campingceyreste.com\/wp-content\/uploads\/2025\/11\/ciotat-AdobeStock_306735571-420x280.webp\" width=\"420\" height=\"210\" loading=\"lazy\" alt=\"\" title=\"\"><\/picture><\/figure><\/div><\/div><\/div>\n\n\n<div style=\"height:4rem\" aria-hidden=\"true\" class=\"wp-block-spacer hide-mob\"><\/div>\n\n\n<div class=\"columns boxage\" style=\"align-items:center;\"><div class=\"columns__item\" style=\"align-self:center;\"><div class=\"gallery\"><figure class=\"gallery__item\"><picture><source srcset=\"https:\/\/www.campingceyreste.com\/wp-content\/uploads\/2025\/11\/ciotat-AdobeStock_449702183-420x280.webp\" media=\"(max-width: 210px)\"><source srcset=\"https:\/\/www.campingceyreste.com\/wp-content\/uploads\/2025\/11\/ciotat-AdobeStock_449702183-850x567.webp\" media=\"(max-width: 420px)\"><source srcset=\"https:\/\/www.campingceyreste.com\/wp-content\/uploads\/2025\/11\/ciotat-AdobeStock_449702183-768x512.webp\" media=\"(max-width: 850px)\"><source srcset=\"https:\/\/www.campingceyreste.com\/wp-content\/uploads\/2025\/11\/ciotat-AdobeStock_449702183-1024x683.webp\" media=\"(max-width: 1024px)\"><source srcset=\"https:\/\/www.campingceyreste.com\/wp-content\/uploads\/2025\/11\/ciotat-AdobeStock_449702183.webp\" media=\"(min-width: 1025px)\"><img decoding=\"async\" src=\"https:\/\/www.campingceyreste.com\/wp-content\/uploads\/2025\/11\/ciotat-AdobeStock_449702183-420x280.webp\" width=\"420\" height=\"210\" loading=\"lazy\" alt=\"\" title=\"\"><\/picture><\/figure><\/div><\/div><div class=\"columns__item\" style=\"align-self:center;\"><h2 class=\"h2\">4-sterren camping vakantiewoningen in La Ciotat<\/h2><p    >Camping Le Ceyreste heeft een ruime keuze aan accommodaties die passen bij je budget en elke smaak. Ontdek in een bevoorrechte omgeving de verschillende categorie\u00ebn<strong> stacaravans<\/strong>. Al deze vakantieverblijven zijn geschikt voor maximaal 6 personen. Ze hebben een volledig uitgeruste keuken, 1 tot 3 slaapkamers, een badkamer met apart toilet en een halfoverdekt terras met tuinmeubilair. Het <strong>aanbod &#8220;Port Pin en En Vau&#8221;<\/strong> biedt meer ruimte, airconditioning en een vaatwasser.    <\/p><div class=\"lireplus fc-desk\"><p    >Meer lezen<\/p><div class=\"group\"><p    >Wil je je tent, caravan of camper meenemen? Voor traditionele kampeerliefhebbers zijn er <strong>kale kampeerplaatsen <\/strong>beschikbaar. Op deze ruime, afgebakende plaatsen, in de schaduw of in de zon, kun je je <strong>tent, caravan of camper<\/strong> in alle privacy opzetten. Voor een comfortabel verblijf kun je gebruikmaken van een sanitairblok met een babyruimte en een elektriciteitsaansluiting van 6 amp\u00e8re.   <\/p><p    >Ontdek voor een <strong>ongewoon verblijf<\/strong> de<strong> lodgetent<\/strong>, een goed compromis tussen de stacaravan en de tent (zonder eigen sanitair, maar met 2 slaapkamers en een woonkamer\/keuken). Geniet van een unieke ervaring midden in<strong>de natuur bij La Ciotat.<\/strong> Al onze kampeerders waarderen de rustige, groene omgeving van camping Ceyreste in Zuid-Frankrijk. <\/p><\/div><\/div><\/div><\/div>\n\n\n<div style=\"height:4rem\" aria-hidden=\"true\" class=\"wp-block-spacer hide-mob\"><\/div>\n\n\n<div class=\"columns boxage\" style=\"align-items:center;\"><div class=\"columns__item\" style=\"align-self:center;\"><h2 class=\"h2\">La Ciotat: tips voor veilige boekingen en een geslaagde vakantie<\/h2><p    >Om een<strong> aangename ervaring in Provence Alpes C\u00f4te d&#8217;Azur<\/strong> te garanderen, is het essentieel om een veilig boekingsproces te volgen. Neem de tijd om de beschrijvingen zorgvuldig te lezen en de foto&#8217;s te bekijken om onaangename verrassingen te voorkomen. Beoordelingen van klanten zijn een waardevolle indicator van de kwaliteit van een accommodatie.  <\/p><div class=\"lireplus fc-desk\"><p    >Meer lezen<\/p><div class=\"group\"><p    ><strong>Voor een geslaagde vakantie in La Ciotat<\/strong> is het cruciaal om de juiste periode te kiezen. Het <strong>zomerseizoen<\/strong>, van juni tot augustus, is ideaal om te genieten van de stranden en watersporten. <strong>Mei en september<\/strong> bieden echter aangenaam weer en een meer gematigde drukte, perfect voor gezinnen die de drukte willen vermijden.  <\/p><p    >Seizoensverhuur biedt veel voordelen, vooral voor langere verblijven. Als je een huis of appartement huurt met een <strong>tuin, terras of barbecue<\/strong>, kun je genieten van aangename momenten in de buitenlucht, of het nu gaat om al fresco dineren of gezellige avonden. Dit type accommodatie biedt ook een hoge mate van onafhankelijkheid en een warme sfeer, ideaal voor een ontspannen vakantie.  <\/p><\/div><\/div><\/div><div class=\"columns__item\" style=\"align-self:center;\"><div class=\"gallery\"><figure class=\"gallery__item\"><picture><source srcset=\"https:\/\/www.campingceyreste.com\/wp-content\/uploads\/2025\/11\/alentours-AdobeStock_612107946-420x280.webp\" media=\"(max-width: 210px)\"><source srcset=\"https:\/\/www.campingceyreste.com\/wp-content\/uploads\/2025\/11\/alentours-AdobeStock_612107946-850x567.webp\" media=\"(max-width: 420px)\"><source srcset=\"https:\/\/www.campingceyreste.com\/wp-content\/uploads\/2025\/11\/alentours-AdobeStock_612107946-768x512.webp\" media=\"(max-width: 850px)\"><source srcset=\"https:\/\/www.campingceyreste.com\/wp-content\/uploads\/2025\/11\/alentours-AdobeStock_612107946-1024x683.webp\" media=\"(max-width: 1024px)\"><source srcset=\"https:\/\/www.campingceyreste.com\/wp-content\/uploads\/2025\/11\/alentours-AdobeStock_612107946.webp\" media=\"(min-width: 1025px)\"><img decoding=\"async\" src=\"https:\/\/www.campingceyreste.com\/wp-content\/uploads\/2025\/11\/alentours-AdobeStock_612107946-420x280.webp\" width=\"420\" height=\"210\" alt=\"camping la ciotat calanques\" loading=\"lazy\" title=\"\"><\/picture><\/figure><\/div><\/div><\/div>","protected":false},"excerpt":{"rendered":"<p>Vakantiewoning in La Ciotat La Ciotat, genesteld tussen zee en heuvels, is een ideale bestemming voor een vakantie die natuur, ontspanning en culturele ontdekkingen combineert. Met zijn historische erfgoed, majestueuze calanques en authentieke Proven\u00e7aalse sfeer zal La Ciotat reizigers aanspreken die op zoek zijn naar een ontsnapping. Of je nu houdt van luieren op het [&hellip;]<\/p>\n","protected":false},"author":1,"featured_media":0,"parent":0,"menu_order":0,"comment_status":"closed","ping_status":"closed","template":"","meta":{"_acf_changed":false,"footnotes":""},"acf":[],"_links":{"self":[{"href":"https:\/\/www.campingceyreste.com\/nl\/wp-json\/wp\/v2\/pages\/37440"}],"collection":[{"href":"https:\/\/www.campingceyreste.com\/nl\/wp-json\/wp\/v2\/pages"}],"about":[{"href":"https:\/\/www.campingceyreste.com\/nl\/wp-json\/wp\/v2\/types\/page"}],"author":[{"embeddable":true,"href":"https:\/\/www.campingceyreste.com\/nl\/wp-json\/wp\/v2\/users\/1"}],"replies":[{"embeddable":true,"href":"https:\/\/www.campingceyreste.com\/nl\/wp-json\/wp\/v2\/comments?post=37440"}],"version-history":[{"count":2,"href":"https:\/\/www.campingceyreste.com\/nl\/wp-json\/wp\/v2\/pages\/37440\/revisions"}],"predecessor-version":[{"id":43468,"href":"https:\/\/www.campingceyreste.com\/nl\/wp-json\/wp\/v2\/pages\/37440\/revisions\/43468"}],"wp:attachment":[{"href":"https:\/\/www.campingceyreste.com\/nl\/wp-json\/wp\/v2\/media?parent=37440"}],"curies":[{"name":"wp","href":"https:\/\/api.w.org\/{rel}","templated":true}]}}